{"id":75703,"date":"2021-12-16T16:53:36","date_gmt":"2021-12-16T15:53:36","guid":{"rendered":"https:\/\/poliner.eu\/laboratory\/"},"modified":"2023-07-21T16:26:08","modified_gmt":"2023-07-21T14:26:08","slug":"laboratory","status":"publish","type":"page","link":"https:\/\/poliner.eu\/de\/laboratory\/","title":{"rendered":"Labor"},"content":{"rendered":"<div class=\"wpb-content-wrapper\"><p>[vc_row row_height_percent=&#8220;40&#8243; override_padding=&#8220;yes&#8220; h_padding=&#8220;2&#8243; top_padding=&#8220;2&#8243; bottom_padding=&#8220;3&#8243; back_image=&#8220;75366&#8243; overlay_color=&#8220;accent&#8220; overlay_alpha=&#8220;55&#8243; gutter_size=&#8220;3&#8243; column_width_percent=&#8220;100&#8243; shift_y=&#8220;0&#8243; z_index=&#8220;0&#8243; uncode_shortcode_id=&#8220;166267&#8243; overlay_color_type=&#8220;uncode-palette&#8220;][vc_column column_width_percent=&#8220;100&#8243; position_vertical=&#8220;middle&#8220; gutter_size=&#8220;3&#8243; style=&#8220;dark&#8220; overlay_alpha=&#8220;50&#8243; shift_x=&#8220;0&#8243; shift_y=&#8220;0&#8243; shift_y_down=&#8220;0&#8243; z_index=&#8220;0&#8243; medium_width=&#8220;0&#8243; mobile_width=&#8220;0&#8243; width=&#8220;1\/1&#8243; uncode_shortcode_id=&#8220;198273&#8243;][vc_custom_heading heading_semantic=&#8220;h1&#8243; text_size=&#8220;&#8220; text_weight=&#8220;700&#8243; uncode_shortcode_id=&#8220;849242&#8243;]Labor[\/vc_custom_heading][\/vc_column][\/vc_row][vc_row][vc_column width=&#8220;2\/3&#8243;][vc_column_text uncode_shortcode_id=&#8220;141305&#8243;]<strong>Das Labor f\u00fcr Verbundwerkstoffe bei POLINER Sp. z o.o. f\u00fchrt mechanische und Festigkeitspr\u00fcfungen von Polymerverbundwerkstoffen durch, einschlie\u00dflich CIPP-Linerauskleidungen (eng. Cured-In-Place Pipe \u2013 vor Ort h\u00e4rtendes Rohr) und GFK-Laminate (eng. Glass-Reinforced Plastic \u2013 glasfaserverst\u00e4rkter Kunststoff). <\/strong>[\/vc_column_text][vc_icon position=&#8220;left&#8220; icon=&#8220;fa fa-file-pdf-o&#8220; size=&#8220;fa-2x&#8220; text_size=&#8220;h4&#8243; text_weight=&#8220;700&#8243; linked_title=&#8220;yes&#8220; uncode_shortcode_id=&#8220;125270&#8243; title=&#8220;UMFANG DER AKKREDITIERUNG&#8220; link=&#8220;url:https%3A%2F%2Fpoliner.eu%2Fwp-content%2Fuploads%2F2023%2F07%2FAB-1808.pdf|target:_blank&#8220;][\/vc_icon][\/vc_column][vc_column width=&#8220;1\/6&#8243;][vc_single_image media=&#8220;76642&#8243; media_width_percent=&#8220;100&#8243; uncode_shortcode_id=&#8220;154136&#8243; el_class=&#8220;img-labo-cert&#8220;][\/vc_column][vc_column width=&#8220;1\/6&#8243;][vc_single_image media=&#8220;76645&#8243; media_width_percent=&#8220;100&#8243; uncode_shortcode_id=&#8220;919171&#8243; el_class=&#8220;img-labo-cert&#8220;][\/vc_column][\/vc_row][vc_row][vc_column width=&#8220;1\/1&#8243;][vc_column_text uncode_shortcode_id=&#8220;153116&#8243;]Zum Kerngesch\u00e4ft des Labors f\u00fcr Verbundwerkstoffe geh\u00f6rt die Bestimmung von Biege- und Druckeigenschaften nach den in den geltenden polnischen und internationalen Normen genannten Verfahren:<\/p>\n<ul>\n<li>PN-EN ISO 178:2011 + A1:2013-06 \u201eKunststoffe \u2013 Bestimmung der Biegeeigenschaften\u201d, erweitert um Anhang B der PN-EN ISO 11296-4:2011 \u201eKunststoff-Rohrleitungssysteme f\u00fcr die Renovierung von erdverlegten drucklosen Entw\u00e4sserungsnetzen \u2013 Teil 4: Vor Ort h\u00e4rtendes Schlauch-Lining\u201d \u2013 in einem Bereich bis 50 kN;<\/li>\n<li>PN-EN 1228:1999 \u201eKunststoff-Rohrleitungssysteme. Rohre aus glasfaserverst\u00e4rkten duroplastischen Kunststoffen (GFK). Ermittlung der spezifischen Anfangs-Ringsteifigkeit\u201d \u2013 in einem Bereich bis 50 kN.<\/li>\n<\/ul>\n<p>Weitere Aktivit\u00e4ten des Labors sind u.a.:<\/p>\n<ul>\n<li>kontinuierliche Kontrolle der Rohstoffe einschlie\u00dflich der Pr\u00fcfung des Feuchtegehalts, des Fl\u00e4chengewichts und des S\u00e4ttigungsgrads von Glasfasermattengeweben und Polyestervliesen mit Filzstruktur sowie der Pr\u00fcfung der Harzviskosit\u00e4t und deren Reaktivit\u00e4t unter Verwendung von geeigneten Initiatoren und Katalysatoren, und ferner auch des Verdichtungsgrads und der Gelierzeit,<\/li>\n<li>\u00dcberwachung der Qualit\u00e4t von hergestellten Halbfertigprodukten und Produkten, d.h. Pr\u00fcfung des prozentuellen Anteils der einzelnen Komponenten an der Auskleidung, Pr\u00fcfung der Harzmischung und des Impr\u00e4gnierungsgrads von Schlauchlinern sowie Bestimmung der H\u00e4rte, etc.<\/li>\n<\/ul>\n<p>Unsere Dienstleistungen richten sich an die Bauherren und Hersteller von Materialien f\u00fcr die Sanierung der unterirdischen Infrastruktur sowie an die Auftragnehmer der Bauarbeiten. Auch Privatkunden sind zur Zusammenarbeit eingeladen. Wir stehen Ihnen gerne zur Verf\u00fcgung und analysieren den von Ihnen gew\u00fcnschten Pr\u00fcfumfang. Wir glauben, dass wir Ihr Partner f\u00fcr Labordienstleistungen werden k\u00f6nnen.<\/p>\n<p>Wir verf\u00fcgen \u00fcber eine Politik der Vertraulichkeit von Informationen und sorgen f\u00fcr den Schutz der Eigentumsrechte unserer Kunden durch:<\/p>\n<ul>\n<li>Einhaltung der vom Kunden im Vertrag\/Auftrag festgelegten Anforderungen und Bedingungen in Bezug auf Vertraulichkeit und Schutz seiner Rechte;<\/li>\n<li>Unterzeichnung von Verpflichtungen zur Wahrung des Berufsgeheimnisses in Bezug auf alle bei der Durchf\u00fchrung der Pr\u00fcfungen gewonnen Informationen;<\/li>\n<li>\u00dcbermittlung der Forschungsergebnisse an den Kunden und ihre Verwendung nur in der mit dem Kunden vereinbarten Weise.<\/li>\n<\/ul>\n<p>Nehmen Sie bitte Kontakt mit uns auf, um den von Ihnen gew\u00fcnschten Pr\u00fcfumfang zu besprechen.<\/p>\n<p><strong><u>Kontakt:<\/u><\/strong><br \/>\n<strong>Laboratorium Materia\u0142\u00f3w Kompozytowych w POLINER Sp. z o.o.<br \/>\n<\/strong><strong>[Labor f\u00fcr Verbundwerkstoffe bei POLINER Sp. z o.o.]<br \/>\n<\/strong>86-100 \u015awiecie, Sportowa 33B<br \/>\n<strong>Verantwortlicher \u2013 Laborleiter:<\/strong><br \/>\n<em>mgr in\u017c. Paulina Stopa<\/em><\/p>\n<p><em>E-Mail: laboratorium@poliner.eu<\/em><br \/>\n<em>Tel. 697\u00a0305 753<\/em>[\/vc_column_text][\/vc_column][\/vc_row]<\/p>\n<\/div>","protected":false},"excerpt":{"rendered":"<p>[vc_row row_height_percent=&#8220;40&#8243; override_padding=&#8220;yes&#8220; h_padding=&#8220;2&#8243; top_padding=&#8220;2&#8243; bottom_padding=&#8220;3&#8243; back_image=&#8220;75366&#8243; overlay_color=&#8220;accent&#8220; overlay_alpha=&#8220;55&#8243; gutter_size=&#8220;3&#8243; column_width_percent=&#8220;100&#8243; shift_y=&#8220;0&#8243; z_index=&#8220;0&#8243; uncode_shortcode_id=&#8220;166267&#8243; overlay_color_type=&#8220;uncode-palette&#8220;][vc_column column_width_percent=&#8220;100&#8243; position_vertical=&#8220;middle&#8220; gutter_size=&#8220;3&#8243; style=&#8220;dark&#8220; overlay_alpha=&#8220;50&#8243; [&hellip;]<\/p>\n","protected":false},"author":1,"featured_media":75704,"parent":0,"menu_order":0,"comment_status":"closed","ping_status":"closed","template":"","meta":{"footnotes":""},"class_list":["post-75703","page","type-page","status-publish","has-post-thumbnail","hentry"],"_links":{"self":[{"href":"https:\/\/poliner.eu\/de\/wp-json\/wp\/v2\/pages\/75703","targetHints":{"allow":["GET"]}}],"collection":[{"href":"https:\/\/poliner.eu\/de\/wp-json\/wp\/v2\/pages"}],"about":[{"href":"https:\/\/poliner.eu\/de\/wp-json\/wp\/v2\/types\/page"}],"author":[{"embeddable":true,"href":"https:\/\/poliner.eu\/de\/wp-json\/wp\/v2\/users\/1"}],"replies":[{"embeddable":true,"href":"https:\/\/poliner.eu\/de\/wp-json\/wp\/v2\/comments?post=75703"}],"version-history":[{"count":10,"href":"https:\/\/poliner.eu\/de\/wp-json\/wp\/v2\/pages\/75703\/revisions"}],"predecessor-version":[{"id":76753,"href":"https:\/\/poliner.eu\/de\/wp-json\/wp\/v2\/pages\/75703\/revisions\/76753"}],"wp:featuredmedia":[{"embeddable":true,"href":"https:\/\/poliner.eu\/de\/wp-json\/wp\/v2\/media\/75704"}],"wp:attachment":[{"href":"https:\/\/poliner.eu\/de\/wp-json\/wp\/v2\/media?parent=75703"}],"curies":[{"name":"wp","href":"https:\/\/api.w.org\/{rel}","templated":true}]}}