{"id":75705,"date":"2021-12-16T16:12:13","date_gmt":"2021-12-16T15:12:13","guid":{"rendered":"https:\/\/poliner.eu\/poliner-hydro\/"},"modified":"2023-10-10T15:31:43","modified_gmt":"2023-10-10T13:31:43","slug":"poliner-hydro","status":"publish","type":"page","link":"https:\/\/poliner.eu\/de\/producte\/poliner-hydro\/","title":{"rendered":"POliner Hydro"},"content":{"rendered":"<div class=\"wpb-content-wrapper\"><p>[vc_row row_height_percent=&#8220;40&#8243; override_padding=&#8220;yes&#8220; h_padding=&#8220;2&#8243; top_padding=&#8220;2&#8243; bottom_padding=&#8220;3&#8243; back_color=&#8220;color-wayh&#8220; back_image=&#8220;73632&#8243; back_position=&#8220;center center&#8220; overlay_color=&#8220;accent&#8220; overlay_alpha=&#8220;55&#8243; gutter_size=&#8220;3&#8243; column_width_percent=&#8220;100&#8243; border_color=&#8220;accent&#8220; border_style=&#8220;solid&#8220; shift_y=&#8220;0&#8243; z_index=&#8220;0&#8243; bottom_divider=&#8220;swoosh-opacity&#8220; css=&#8220;.vc_custom_1595335569331{border-bottom-width: 12px !important;}&#8220;][vc_column column_width_percent=&#8220;100&#8243; position_vertical=&#8220;middle&#8220; gutter_size=&#8220;3&#8243; style=&#8220;dark&#8220; overlay_alpha=&#8220;50&#8243; shift_x=&#8220;0&#8243; shift_y=&#8220;0&#8243; shift_y_down=&#8220;0&#8243; z_index=&#8220;0&#8243; medium_width=&#8220;0&#8243; mobile_width=&#8220;0&#8243; zoom_width=&#8220;0&#8243; zoom_height=&#8220;0&#8243; width=&#8220;1\/1&#8243;][vc_custom_heading heading_semantic=&#8220;h1&#8243; text_size=&#8220;&#8220; text_weight=&#8220;700&#8243; sub_lead=&#8220;yes&#8220; sub_reduced=&#8220;yes&#8220;]POliner Hydro[\/vc_custom_heading][\/vc_column][\/vc_row][vc_row row_height_percent=&#8220;0&#8243; override_padding=&#8220;yes&#8220; h_padding=&#8220;0&#8243; top_padding=&#8220;2&#8243; bottom_padding=&#8220;0&#8243; overlay_alpha=&#8220;50&#8243; gutter_size=&#8220;3&#8243; column_width_percent=&#8220;100&#8243; shift_y=&#8220;0&#8243; z_index=&#8220;0&#8243;][vc_column width=&#8220;5\/6&#8243;][vc_column_text el_class=&#8220;tresc-produkt&#8220; uncode_shortcode_id=&#8220;138684&#8243;]<strong>Die auf der Website enthaltenen Informationen stellen kein kommerzielles Angebot im Sinne von Paragrafen 66 Abs. 1 des Zivilgesetzbuches dar.<\/strong><br \/>\n<strong>Technische Daten in Bezug auf unsere Produkte k\u00f6nnen sich ohne vorherige Ank\u00fcndigung \u00e4ndern.<\/strong><\/p>\n<p>Die Produktreihe POliner Hydro sind CIPP-Linerauskleidungen, die speziell f\u00fcr die grabenlose Sanierung von Wasserleitungen vorgesehen sind. Sie k\u00f6nnen auch in industriellen Rohrleitungen oder Druckkanalisationsnetzen eingesetzt werden. Die Auskleidungen sind mit speziellen styrolfreien Harzen \u2013 Polyester- bzw. Epoxidharz \u2013 getr\u00e4nkt. Jedes Produkt verf\u00fcgt \u00fcber ein vom Nationalen Hygieneinstitut (PZH) ausgestelltes Hygienezertifikat, das die Sicherheit der Verwendung in Systemen, die Trinkwasser transportieren, gew\u00e4hrleistet.[\/vc_column_text][\/vc_column][vc_column width=&#8220;1\/6&#8243;][vc_single_image media=&#8220;75202&#8243; media_width_percent=&#8220;80&#8243;][vc_empty_space empty_h=&#8220;0&#8243;][\/vc_column][\/vc_row][vc_row row_height_percent=&#8220;0&#8243; override_padding=&#8220;yes&#8220; h_padding=&#8220;0&#8243; top_padding=&#8220;0&#8243; bottom_padding=&#8220;2&#8243; overlay_alpha=&#8220;50&#8243; gutter_size=&#8220;3&#8243; column_width_percent=&#8220;100&#8243; shift_y=&#8220;0&#8243; z_index=&#8220;0&#8243;][vc_column width=&#8220;1\/1&#8243;][vc_column_text el_class=&#8220;tresc-produkt&#8220;]Die POliner Hydro CIPP-Linerauskleidungen zeichnen sich durch eine h\u00f6here Elastizit\u00e4t nach dem Aush\u00e4rten (im Vergleich zu mit styrolhaltigen Harzen getr\u00e4nkten Auskleidungen) aus. Dadurch kann das Medium besser mit der alten Rohrleitung zusammenarbeiten und wird f\u00fcr Widerstand gegen Druckst\u00f6\u00dfe gesorgt.<\/p>\n<p>Aufgrund der Vielfalt von Mattengeweben und Harzen, die uns zur Verf\u00fcgung stehen, k\u00f6nnen wir Linerauskleidungen herstellen, die auf die spezifischen Bed\u00fcrfnisse des jeweiligen Auftraggebers abgestimmt sind.<\/p>\n<p>Die Produkte aus der Reihe POliner Hydro unterteilen sich je nach ihrer Funktion in:<\/p>\n<p>\u2013 Schlauchliner mit konstruktiver Funktion, zu denen POliner Hydro Glass, POliner Hydro Felt, POliner Hydro Felt &amp; Glass geh\u00f6ren;<\/p>\n<p>\u2013 Schlauchliner mit Abdichtungsfunktion: POliner Hydro Seal.<\/p>\n<p><strong>Anwendung: Druckwasserleitungsnetze, Druckkanalisationsnetze, Industrierohrleitungen<\/strong>[\/vc_column_text][\/vc_column][\/vc_row][vc_row row_height_percent=&#8220;0&#8243; override_padding=&#8220;yes&#8220; h_padding=&#8220;0&#8243; top_padding=&#8220;2&#8243; bottom_padding=&#8220;2&#8243; overlay_alpha=&#8220;50&#8243; gutter_size=&#8220;3&#8243; column_width_percent=&#8220;100&#8243; shift_y=&#8220;0&#8243; z_index=&#8220;0&#8243;][vc_column width=&#8220;1\/2&#8243;][vc_column_text el_class=&#8220;tresc-produkt&#8220;]<strong>POliner Hydro Glass<\/strong><\/p>\n<p>Es ist eine CIPP-Linerauskleidung aus hochwertigem Glasfaserstoff mit einer Vliesschicht mit integrierter Innenmembran, die eine Barriere zwischen dem transportierten Medium und dem Verbundstoff bildet und zus\u00e4tzlich f\u00fcr die Dichtheit der Leitung sorgt. Die Auskleidung ist mit styrolfreiem Polyesterharz getr\u00e4nkt.<\/p>\n<p>Der Copolymerisierungsprozess wird durch Belichtung des Verbundstoffs mit UV- bzw. UV-LED-Licht oder thermisch eingeleitet.<\/p>\n<p><strong>Durchmesserbereich: DN150 \u2013 DN1200<\/strong>[\/vc_column_text][\/vc_column][vc_column width=&#8220;1\/2&#8243;][vc_single_image media=&#8220;76437&#8243; media_lightbox=&#8220;yes&#8220; media_width_percent=&#8220;100&#8243; uncode_shortcode_id=&#8220;189549&#8243;][\/vc_column][\/vc_row][vc_row row_height_percent=&#8220;0&#8243; override_padding=&#8220;yes&#8220; h_padding=&#8220;0&#8243; top_padding=&#8220;2&#8243; bottom_padding=&#8220;2&#8243; overlay_alpha=&#8220;50&#8243; gutter_size=&#8220;3&#8243; column_width_percent=&#8220;100&#8243; shift_y=&#8220;0&#8243; z_index=&#8220;0&#8243;][vc_column width=&#8220;1\/2&#8243;][vc_column_text el_class=&#8220;tresc-produkt&#8220; uncode_shortcode_id=&#8220;131933&#8243;]<strong>POliner Hydro Felt<\/strong><\/p>\n<p>Es ist eine CIPP-Linerauskleidung aus Polyestervlies mit Filzstruktur und einer thermoplastischen Beschichtung, die nach dem Inversionsprozess als Innenmembran fungiert. Eine zus\u00e4tzliche Schicht bildet ein nahtloses Polyestergeflecht, das den Widerstand gegen den Innendruck erh\u00f6ht. Die Auskleidung wird mit styrolfreiem Epoxidharz (am Einbauort) oder Polyesterharz getr\u00e4nkt.<\/p>\n<p>Der Copolymerisierungsprozess wird thermisch eingeleitet.<\/p>\n<p><strong>Durchmesserbereich: DN150 \u2013 DN600 (mit Epoxidharz getr\u00e4nkt)<\/strong><br \/>\n<strong>DN150 \u2013 DN1200 (mit Polyesterharz getr\u00e4nkt)<\/strong>[\/vc_column_text][\/vc_column][vc_column width=&#8220;1\/2&#8243;][vc_single_image media=&#8220;76440&#8243; media_lightbox=&#8220;yes&#8220; media_width_percent=&#8220;100&#8243; uncode_shortcode_id=&#8220;130378&#8243;][\/vc_column][\/vc_row][vc_row row_height_percent=&#8220;0&#8243; override_padding=&#8220;yes&#8220; h_padding=&#8220;0&#8243; top_padding=&#8220;2&#8243; bottom_padding=&#8220;2&#8243; overlay_alpha=&#8220;50&#8243; gutter_size=&#8220;3&#8243; column_width_percent=&#8220;100&#8243; shift_y=&#8220;0&#8243; z_index=&#8220;0&#8243;][vc_column width=&#8220;1\/2&#8243;][vc_column_text el_class=&#8220;tresc-produkt&#8220; uncode_shortcode_id=&#8220;171340&#8243;]<strong>POliner Hydro Felt &amp; Glass<\/strong><\/p>\n<p>Es ist eine CIPP-Linerauskleidung aus Polyestervlies mit Filzstruktur, die zus\u00e4tzlich mit einer hochwertigen Glasfaserschicht verst\u00e4rkt ist. Die Auskleidung ist mit einer thermoplastischen Beschichtung versehen, die nach dem Inversionsprozess als Innenmembran fungiert. Die Auskleidung wird mit styrolfreiem Polyester- oder Epoxidharz (am Einbauort) getr\u00e4nkt.<\/p>\n<p>Der Copolymerisierungsprozess wird thermisch eingeleitet.<\/p>\n<p><strong>Durchmesserbereich: DN300 \u2013 DN1200.<\/strong>[\/vc_column_text][\/vc_column][vc_column width=&#8220;1\/2&#8243;][vc_single_image media=&#8220;76444&#8243; media_lightbox=&#8220;yes&#8220; media_width_percent=&#8220;100&#8243; uncode_shortcode_id=&#8220;414188&#8243;][\/vc_column][\/vc_row][vc_row row_height_percent=&#8220;0&#8243; override_padding=&#8220;yes&#8220; h_padding=&#8220;0&#8243; top_padding=&#8220;2&#8243; bottom_padding=&#8220;2&#8243; overlay_alpha=&#8220;50&#8243; gutter_size=&#8220;3&#8243; column_width_percent=&#8220;100&#8243; shift_y=&#8220;0&#8243; z_index=&#8220;0&#8243;][vc_column width=&#8220;1\/2&#8243;][vc_column_text el_class=&#8220;tresc-produkt&#8220; uncode_shortcode_id=&#8220;532366&#8243;]<strong>POliner Hydro Seal<\/strong><\/p>\n<p>Es ist eine abdichtende CIPP-Linerauskleidung aus Polyestervlies in Form eines nahtlosen Geflechts mit einer thermoplastischen Beschichtung, die nach dem Inversionsprozess als Innenmembran fungiert. Die Verwendung dieser Auskleidung sorgt f\u00fcr volle Dichtheit und Verbesserung der hydraulischen Parameter. Die Auskleidung wird mit styrolfreiem Epoxidharz (am Einbauort) getr\u00e4nkt.<\/p>\n<p>Der Copolymerisierungsprozess wird thermisch eingeleitet.<\/p>\n<p><strong>Durchmesserbereich: DN150 \u2013 DN400.<\/strong>[\/vc_column_text][\/vc_column][vc_column width=&#8220;1\/2&#8243;][vc_single_image media=&#8220;76447&#8243; media_lightbox=&#8220;yes&#8220; media_width_percent=&#8220;100&#8243; uncode_shortcode_id=&#8220;148284&#8243;][\/vc_column][\/vc_row][vc_row row_height_percent=&#8220;0&#8243; override_padding=&#8220;yes&#8220; h_padding=&#8220;0&#8243; top_padding=&#8220;3&#8243; bottom_padding=&#8220;3&#8243; overlay_color=&#8220;color-xsdn&#8220; overlay_alpha=&#8220;70&#8243; gutter_size=&#8220;100&#8243; column_width_percent=&#8220;100&#8243; shift_y=&#8220;0&#8243; z_index=&#8220;0&#8243; style=&#8220;inherited&#8220; row_name=&#8220;Welcome&#8220;][vc_column column_width_percent=&#8220;100&#8243; gutter_size=&#8220;3&#8243; overlay_alpha=&#8220;50&#8243; shift_x=&#8220;0&#8243; shift_y=&#8220;0&#8243; medium_width=&#8220;0&#8243; zoom_width=&#8220;0&#8243; zoom_height=&#8220;0&#8243; width=&#8220;1\/1&#8243;][vc_column_text el_class=&#8220;produkty-tabela&#8220; uncode_shortcode_id=&#8220;879942&#8243;]<\/p>\n<table width=\"697\">\n<tbody>\n<tr>\n<td style=\"text-align: center;\" colspan=\"5\" width=\"697\"><strong>POliner Hydro<\/strong><\/td>\n<\/tr>\n<tr>\n<td style=\"background-image: linear-gradient(to top right, transparent calc(50% - 1px), #eaeaea, transparent calc(50% + 1px));\">\n<p style=\"text-align: right;\"><strong>ART DES PRODUKTES<\/strong><\/p>\n<p><strong>PARAMETER<\/strong><\/td>\n<td style=\"text-align: center;\" width=\"125\"><strong>POliner Hydro Glass<\/strong><\/td>\n<td style=\"text-align: center;\" width=\"113\"><strong>POliner Hydro Felt<\/strong><\/td>\n<td style=\"text-align: center;\" width=\"123\"><strong>POliner Hydro Felt &amp; Glass<\/strong><\/td>\n<td style=\"text-align: center;\" width=\"123\"><strong>POliner Hydro Seal<\/strong><\/td>\n<\/tr>\n<tr>\n<td style=\"text-align: center;\" width=\"213\"><strong>Durchmesserbereich<\/strong><\/td>\n<td style=\"text-align: center;\" width=\"125\">DN150 \u2013 DN1200<\/td>\n<td style=\"text-align: center;\" width=\"113\">DN150 &#8211; DN1200<\/td>\n<td style=\"text-align: center;\" width=\"123\">DN300 \u2013 DN1200<\/td>\n<td style=\"text-align: center;\" width=\"123\">DN150 &#8211; DN400<\/td>\n<\/tr>\n<tr>\n<td width=\"213\">\n<p style=\"text-align: center;\"><strong>Wanddickenbereich<\/strong><\/p>\n<p style=\"text-align: center; font-size: 8pt;\"><strong>PN-EN 11296-4:2011<\/strong><\/p>\n<\/td>\n<td style=\"text-align: center;\" width=\"125\">4 mm \u2013 12 mm<\/td>\n<td style=\"text-align: center;\" width=\"113\">4 mm \u2013 30 mm<\/td>\n<td style=\"text-align: center;\" width=\"123\">3 mm \u2013 24 mm<\/td>\n<td style=\"text-align: center;\" width=\"123\">3 mm \u2013 4 mm<\/td>\n<\/tr>\n<tr>\n<td width=\"213\">\n<p style=\"text-align: center;\"><strong>Kurzzeit-Elastizit\u00e4tsmodul (E<sub>0<\/sub>)<\/strong><\/p>\n<p style=\"text-align: center; font-size: 8pt;\"><strong>PN-EN ISO 178:2011<\/strong><\/p>\n<\/td>\n<td style=\"text-align: center;\" width=\"125\">\u2265 9100 MPa<\/td>\n<td style=\"text-align: center;\" width=\"113\">\u2265 2100 MPa<\/td>\n<td style=\"text-align: center;\" width=\"123\">\u2265 3000 MPa<\/td>\n<td style=\"text-align: center;\" width=\"123\">&#8212;&#8212;&#8212;<\/td>\n<\/tr>\n<tr>\n<td width=\"213\">\n<p style=\"text-align: center;\"><strong>Langzeit-Elastizit\u00e4tsmodul (E<sub>x<\/sub>)<\/strong><\/p>\n<p style=\"text-align: center; font-size: 8pt;\"><strong>PN-EN 1228:1999<\/strong><\/p>\n<\/td>\n<td style=\"text-align: center;\" width=\"125\">\u2265 8000 MPa<\/td>\n<td style=\"text-align: center;\" width=\"113\">\u2265 1500 MPa<\/td>\n<td style=\"text-align: center;\" width=\"123\">\u2265 2000 MPa<\/td>\n<td style=\"text-align: center;\" width=\"123\">&#8212;&#8212;&#8212;<\/td>\n<\/tr>\n<tr>\n<td width=\"213\">\n<p style=\"text-align: center;\"><strong>Biegespannung beim ersten Bruch<\/strong><\/p>\n<p style=\"text-align: center; font-size: 8pt;\"><strong>PN-EN ISO 178:2011<\/strong><\/p>\n<\/td>\n<td style=\"text-align: center;\" width=\"125\">\u2265 200 MPa<\/td>\n<td style=\"text-align: center;\" width=\"113\">\u2265 30 MPa<\/td>\n<td style=\"text-align: center;\" width=\"123\">\u2265 48 MPa<\/td>\n<td style=\"text-align: center;\" width=\"123\">&#8212;&#8212;&#8212;<\/td>\n<\/tr>\n<tr>\n<td style=\"text-align: center;\" width=\"213\"><strong>Widerstand gegen Innendruck<\/strong><\/td>\n<td width=\"125\">\n<p style=\"text-align: center;\">10 bar<\/p>\n<p style=\"text-align: center;\">\u2265DN600 \u2013 6 bar<\/p>\n<\/td>\n<td width=\"113\">\n<p style=\"text-align: center;\">10 bar<\/p>\n<p style=\"text-align: center;\">\u2265DN600 \u2013 6 bar<\/p>\n<\/td>\n<td width=\"123\">\n<p style=\"text-align: center;\">10 bar<\/p>\n<p style=\"text-align: center;\">\u2265DN600 \u2013 6 bar<\/p>\n<\/td>\n<td style=\"text-align: center;\" width=\"123\">10 bar<\/td>\n<\/tr>\n<tr>\n<td style=\"text-align: center;\" width=\"213\"><strong>Aush\u00e4rtungsverfahren<\/strong><\/td>\n<td width=\"125\">\n<p style=\"text-align: center;\">UV<\/p>\n<p style=\"text-align: center;\">UV-LED<\/p>\n<p style=\"text-align: center;\">Dampf<\/p>\n<\/td>\n<td style=\"text-align: center;\" width=\"113\">Wasser\/Dampf<\/td>\n<td style=\"text-align: center;\" width=\"123\">Wasser\/Dampf<\/td>\n<td style=\"text-align: center;\" width=\"123\">Wasser\/Dampf<\/td>\n<\/tr>\n<tr>\n<td style=\"text-align: center;\" width=\"213\"><strong>Art des styrolfreien Harzes<\/strong><\/td>\n<td style=\"text-align: center;\" width=\"125\">Polyesterharz<\/td>\n<td width=\"113\">\n<p style=\"text-align: center;\">Epoxidharz<\/p>\n<p style=\"text-align: center;\">Polyesterharz<\/p>\n<p style=\"text-align: center;\">Vinylester<\/p>\n<\/td>\n<td width=\"123\">\n<p style=\"text-align: center;\">Epoxidharz<\/p>\n<p style=\"text-align: center;\">Polyesterharz<\/p>\n<p style=\"text-align: center;\">Vinylester<\/p>\n<\/td>\n<td style=\"text-align: center;\" width=\"123\">Epoxidharz<\/td>\n<\/tr>\n<\/tbody>\n<\/table>\n<p>[\/vc_column_text][\/vc_column][\/vc_row]<\/p>\n<\/div>","protected":false},"excerpt":{"rendered":"<p>[vc_row row_height_percent=&#8220;40&#8243; override_padding=&#8220;yes&#8220; h_padding=&#8220;2&#8243; top_padding=&#8220;2&#8243; bottom_padding=&#8220;3&#8243; back_color=&#8220;color-wayh&#8220; back_image=&#8220;73632&#8243; back_position=&#8220;center center&#8220; overlay_color=&#8220;accent&#8220; overlay_alpha=&#8220;55&#8243; gutter_size=&#8220;3&#8243; column_width_percent=&#8220;100&#8243; border_color=&#8220;accent&#8220; border_style=&#8220;solid&#8220; shift_y=&#8220;0&#8243; z_index=&#8220;0&#8243; bottom_divider=&#8220;swoosh-opacity&#8220; css=&#8220;.vc_custom_1595335569331{border-bottom-width: [&hellip;]<\/p>\n","protected":false},"author":1,"featured_media":0,"parent":75823,"menu_order":0,"comment_status":"closed","ping_status":"closed","template":"","meta":{"footnotes":""},"class_list":["post-75705","page","type-page","status-publish","hentry","page_category-produkty-de"],"_links":{"self":[{"href":"https:\/\/poliner.eu\/de\/wp-json\/wp\/v2\/pages\/75705","targetHints":{"allow":["GET"]}}],"collection":[{"href":"https:\/\/poliner.eu\/de\/wp-json\/wp\/v2\/pages"}],"about":[{"href":"https:\/\/poliner.eu\/de\/wp-json\/wp\/v2\/types\/page"}],"author":[{"embeddable":true,"href":"https:\/\/poliner.eu\/de\/wp-json\/wp\/v2\/users\/1"}],"replies":[{"embeddable":true,"href":"https:\/\/poliner.eu\/de\/wp-json\/wp\/v2\/comments?post=75705"}],"version-history":[{"count":9,"href":"https:\/\/poliner.eu\/de\/wp-json\/wp\/v2\/pages\/75705\/revisions"}],"predecessor-version":[{"id":76788,"href":"https:\/\/poliner.eu\/de\/wp-json\/wp\/v2\/pages\/75705\/revisions\/76788"}],"up":[{"embeddable":true,"href":"https:\/\/poliner.eu\/de\/wp-json\/wp\/v2\/pages\/75823"}],"wp:attachment":[{"href":"https:\/\/poliner.eu\/de\/wp-json\/wp\/v2\/media?parent=75705"}],"curies":[{"name":"wp","href":"https:\/\/api.w.org\/{rel}","templated":true}]}}