{"id":75708,"date":"2021-09-29T15:48:08","date_gmt":"2021-09-29T13:48:08","guid":{"rendered":"https:\/\/poliner.eu\/poliner-manhole-panel\/"},"modified":"2023-10-10T15:32:17","modified_gmt":"2023-10-10T13:32:17","slug":"poliner-manhole-panel","status":"publish","type":"page","link":"https:\/\/poliner.eu\/de\/producte\/poliner-manhole-panel\/","title":{"rendered":"POliner Manhole Panel"},"content":{"rendered":"<div class=\"wpb-content-wrapper\"><p>[vc_row row_height_percent=&#8220;40&#8243; override_padding=&#8220;yes&#8220; h_padding=&#8220;2&#8243; top_padding=&#8220;2&#8243; bottom_padding=&#8220;3&#8243; back_color=&#8220;color-wayh&#8220; back_image=&#8220;74790&#8243; back_position=&#8220;center center&#8220; overlay_color=&#8220;accent&#8220; overlay_alpha=&#8220;55&#8243; gutter_size=&#8220;3&#8243; column_width_percent=&#8220;100&#8243; border_color=&#8220;accent&#8220; border_style=&#8220;solid&#8220; shift_y=&#8220;0&#8243; z_index=&#8220;0&#8243; bottom_divider=&#8220;swoosh-opacity&#8220; css=&#8220;.vc_custom_1620905283705{border-bottom-width: 12px !important;}&#8220;][vc_column column_width_percent=&#8220;100&#8243; position_vertical=&#8220;middle&#8220; gutter_size=&#8220;3&#8243; style=&#8220;dark&#8220; overlay_alpha=&#8220;50&#8243; shift_x=&#8220;0&#8243; shift_y=&#8220;0&#8243; shift_y_down=&#8220;0&#8243; z_index=&#8220;0&#8243; medium_width=&#8220;0&#8243; mobile_width=&#8220;0&#8243; zoom_width=&#8220;0&#8243; zoom_height=&#8220;0&#8243; width=&#8220;1\/1&#8243;][vc_custom_heading heading_semantic=&#8220;h1&#8243; text_size=&#8220;&#8220; text_weight=&#8220;700&#8243; sub_lead=&#8220;yes&#8220; sub_reduced=&#8220;yes&#8220;]POliner Manhole Panel[\/vc_custom_heading][\/vc_column][\/vc_row][vc_row row_height_percent=&#8220;0&#8243; override_padding=&#8220;yes&#8220; h_padding=&#8220;2&#8243; top_padding=&#8220;3&#8243; bottom_padding=&#8220;3&#8243; overlay_color=&#8220;color-xsdn&#8220; overlay_alpha=&#8220;70&#8243; gutter_size=&#8220;100&#8243; shift_y=&#8220;0&#8243; style=&#8220;inherited&#8220; row_name=&#8220;Welcome&#8220;][vc_column column_width_percent=&#8220;100&#8243; gutter_size=&#8220;3&#8243; overlay_alpha=&#8220;50&#8243; shift_x=&#8220;0&#8243; shift_y=&#8220;0&#8243; medium_width=&#8220;0&#8243; zoom_width=&#8220;0&#8243; zoom_height=&#8220;0&#8243; width=&#8220;1\/1&#8243;][vc_column_text el_class=&#8220;tresc-produkt&#8220; uncode_shortcode_id=&#8220;924328&#8243;]<strong>Die auf der Website enthaltenen Informationen stellen kein kommerzielles Angebot im Sinne von Paragrafen 66 Abs. 1 des Zivilgesetzbuches dar.<\/strong><br \/>\n<strong>Technische Daten in Bezug auf unsere Produkte k\u00f6nnen sich ohne vorherige Ank\u00fcndigung \u00e4ndern.<\/strong><\/p>\n<p>POliner Manhole Panel ist ein System von GFK-Paneelen f\u00fcr die Sanierung von Schornsteinen und Innenr\u00e4umen von Kontrollsch\u00e4chten in Entw\u00e4sserungsnetzen.<\/p>\n<p>GFK-Paneele werden aus glasfaserverst\u00e4rktem Polyesterharzlaminat hergestellt, wobei der Glasfasergehalt im Paneel zwischen 35% und 60% liegt. Die Paneele werden als l\u00e4ngsgeschnittene d\u00fcnnwandige Rohre mit einer L\u00e4nge von 200 &#8211; 10000 mm und einer Wandst\u00e4rke von 4 mm (+\/- 1 mm) hergestellt. Wir bieten Paneele in Form von aufgerollten Rollen oder in Form von Platten beliebiger Gr\u00f6\u00dfe und Form an, die sich bei der Sanierung von Kammern perfekt bew\u00e4hren. Nach dem Einbau hat das fertige Produkt die Funktion einer Schutzoberfl\u00e4che. Durchmesserbereich: DN400 mm &#8211; DN2000 mm.<\/p>\n<p>Die Paneele verf\u00fcgen \u00fcber eine Nationale Technische Bewertung, die vom Institut f\u00fcr Bautechnik in Warschau ausgestellt wurde.<\/p>\n<p>Die Sanierung von Sch\u00e4chten mittels POliner-Manhole Panel besteht darin, dass ein aufgerolltes Paneel durch die Schachtabdeckung eingef\u00fchrt, entfaltet und an der Oberfl\u00e4che der zu sanierenden Schacht-\/ Kammerwand so befestigt wird, dass ein ausreichend dicker Spalt verbleibt, der dann mit Injektionsmasse verf\u00fcllt wird. Die Verbindung wird durch Laminieren der Kanten mit Polyesterharz verklebt.[\/vc_column_text][vc_column_text el_class=&#8220;produkty-tabela&#8220;]<\/p>\n<table width=\"583\">\n<tbody>\n<tr>\n<td width=\"314\">\n<p style=\"text-align: center;\"><strong>PARAMETER<\/strong><\/p>\n<\/td>\n<td width=\"269\">\n<p style=\"text-align: center;\"><strong>POliner Manhole Panel<\/strong><\/p>\n<\/td>\n<\/tr>\n<tr>\n<td width=\"314\">\n<p style=\"text-align: center;\"><strong>Durchmesserbereich<\/strong><\/p>\n<\/td>\n<td width=\"269\">\n<p style=\"text-align: center;\">DN400 \u2013 DN2000<\/p>\n<\/td>\n<\/tr>\n<tr>\n<td width=\"314\">\n<p style=\"text-align: center;\"><strong>Wanddickenbereich<\/strong><\/p>\n<\/td>\n<td width=\"269\">\n<p style=\"text-align: center;\">4 mm (+\/- 1 mm)<\/p>\n<\/td>\n<\/tr>\n<tr>\n<td width=\"314\">\n<p style=\"text-align: center;\"><strong>Paneell\u00e4nge<\/strong><\/p>\n<\/td>\n<td width=\"269\">\n<p style=\"text-align: center;\">200 mm \u2013 10000 mm<\/p>\n<\/td>\n<\/tr>\n<tr>\n<td width=\"314\">\n<p style=\"text-align: center;\"><strong>Kurzzeit-Elastizit\u00e4tsmodul (E<sub>0<\/sub>)<\/strong><\/p>\n<p style=\"text-align: center; font-size: 8pt;\"><strong>PN-EN ISO 178:2011<\/strong><\/p>\n<\/td>\n<td width=\"269\">\n<p style=\"text-align: center;\">\u2265 10000 MPa<\/p>\n<\/td>\n<\/tr>\n<tr>\n<td width=\"314\">\n<p style=\"text-align: center;\"><strong>Biegefestigkeit<\/strong><\/p>\n<p style=\"text-align: center; font-size: 8pt;\"><strong>PN-EN ISO 178:2011<\/strong><\/p>\n<\/td>\n<td width=\"269\">\n<p style=\"text-align: center;\">\u2265 190 MPa<\/p>\n<\/td>\n<\/tr>\n<tr>\n<td width=\"314\">\n<p style=\"text-align: center;\"><strong>Biegespannung beim ersten Bruch<\/strong><\/p>\n<p style=\"text-align: center; font-size: 8pt;\"><strong>PN-EN ISO 178:2011<\/strong><\/p>\n<\/td>\n<td width=\"269\">\n<p style=\"text-align: center;\">\u2265 190 MPa<\/p>\n<\/td>\n<\/tr>\n<\/tbody>\n<\/table>\n<p>[\/vc_column_text][vc_gallery el_id=&#8220;gallery-190151&#8243; medias=&#8220;74790,74792,74794,76066&#8243; gutter_size=&#8220;3&#8243; screen_lg=&#8220;1000&#8243; screen_md=&#8220;600&#8243; screen_sm=&#8220;480&#8243; single_width=&#8220;6&#8243; images_size=&#8220;three-two&#8220; single_overlay_opacity=&#8220;50&#8243; single_padding=&#8220;2&#8243; uncode_shortcode_id=&#8220;203671&#8243;][\/vc_column][\/vc_row]<\/p>\n<\/div>","protected":false},"excerpt":{"rendered":"<p>[vc_row row_height_percent=&#8220;40&#8243; override_padding=&#8220;yes&#8220; h_padding=&#8220;2&#8243; top_padding=&#8220;2&#8243; bottom_padding=&#8220;3&#8243; back_color=&#8220;color-wayh&#8220; back_image=&#8220;74790&#8243; back_position=&#8220;center center&#8220; overlay_color=&#8220;accent&#8220; overlay_alpha=&#8220;55&#8243; gutter_size=&#8220;3&#8243; column_width_percent=&#8220;100&#8243; border_color=&#8220;accent&#8220; border_style=&#8220;solid&#8220; shift_y=&#8220;0&#8243; z_index=&#8220;0&#8243; bottom_divider=&#8220;swoosh-opacity&#8220; css=&#8220;.vc_custom_1620905283705{border-bottom-width: [&hellip;]<\/p>\n","protected":false},"author":1,"featured_media":0,"parent":75823,"menu_order":0,"comment_status":"closed","ping_status":"closed","template":"","meta":{"footnotes":""},"class_list":["post-75708","page","type-page","status-publish","hentry","page_category-produkty-de"],"_links":{"self":[{"href":"https:\/\/poliner.eu\/de\/wp-json\/wp\/v2\/pages\/75708","targetHints":{"allow":["GET"]}}],"collection":[{"href":"https:\/\/poliner.eu\/de\/wp-json\/wp\/v2\/pages"}],"about":[{"href":"https:\/\/poliner.eu\/de\/wp-json\/wp\/v2\/types\/page"}],"author":[{"embeddable":true,"href":"https:\/\/poliner.eu\/de\/wp-json\/wp\/v2\/users\/1"}],"replies":[{"embeddable":true,"href":"https:\/\/poliner.eu\/de\/wp-json\/wp\/v2\/comments?post=75708"}],"version-history":[{"count":6,"href":"https:\/\/poliner.eu\/de\/wp-json\/wp\/v2\/pages\/75708\/revisions"}],"predecessor-version":[{"id":76791,"href":"https:\/\/poliner.eu\/de\/wp-json\/wp\/v2\/pages\/75708\/revisions\/76791"}],"up":[{"embeddable":true,"href":"https:\/\/poliner.eu\/de\/wp-json\/wp\/v2\/pages\/75823"}],"wp:attachment":[{"href":"https:\/\/poliner.eu\/de\/wp-json\/wp\/v2\/media?parent=75708"}],"curies":[{"name":"wp","href":"https:\/\/api.w.org\/{rel}","templated":true}]}}