{"id":75710,"date":"2021-09-29T15:30:26","date_gmt":"2021-09-29T13:30:26","guid":{"rendered":"https:\/\/poliner.eu\/poliner-intense\/"},"modified":"2023-10-10T15:31:52","modified_gmt":"2023-10-10T13:31:52","slug":"poliner-intense","status":"publish","type":"page","link":"https:\/\/poliner.eu\/de\/producte\/poliner-intense\/","title":{"rendered":"POliner Intense"},"content":{"rendered":"<div class=\"wpb-content-wrapper\"><p>[vc_row row_height_percent=&#8220;40&#8243; override_padding=&#8220;yes&#8220; h_padding=&#8220;2&#8243; top_padding=&#8220;2&#8243; bottom_padding=&#8220;3&#8243; back_color=&#8220;color-wayh&#8220; back_image=&#8220;73636&#8243; back_position=&#8220;center center&#8220; overlay_color=&#8220;accent&#8220; overlay_alpha=&#8220;55&#8243; gutter_size=&#8220;3&#8243; column_width_percent=&#8220;100&#8243; border_color=&#8220;accent&#8220; border_style=&#8220;solid&#8220; shift_y=&#8220;0&#8243; z_index=&#8220;0&#8243; bottom_divider=&#8220;swoosh-opacity&#8220; css=&#8220;.vc_custom_1639994194892{border-bottom-width: 12px !important;}&#8220; uncode_shortcode_id=&#8220;181375&#8243; back_color_type=&#8220;uncode-palette&#8220; overlay_color_type=&#8220;uncode-palette&#8220; border_color_type=&#8220;uncode-palette&#8220;][vc_column column_width_percent=&#8220;100&#8243; position_vertical=&#8220;middle&#8220; gutter_size=&#8220;3&#8243; style=&#8220;dark&#8220; overlay_alpha=&#8220;50&#8243; shift_x=&#8220;0&#8243; shift_y=&#8220;0&#8243; shift_y_down=&#8220;0&#8243; z_index=&#8220;0&#8243; medium_width=&#8220;0&#8243; mobile_width=&#8220;0&#8243; zoom_width=&#8220;0&#8243; zoom_height=&#8220;0&#8243; width=&#8220;1\/1&#8243;][vc_custom_heading heading_semantic=&#8220;h1&#8243; text_size=&#8220;&#8220; text_weight=&#8220;700&#8243; sub_lead=&#8220;yes&#8220; sub_reduced=&#8220;yes&#8220;]POliner Intense[\/vc_custom_heading][\/vc_column][\/vc_row][vc_row row_height_percent=&#8220;0&#8243; override_padding=&#8220;yes&#8220; h_padding=&#8220;0&#8243; top_padding=&#8220;3&#8243; bottom_padding=&#8220;0&#8243; overlay_color=&#8220;color-xsdn&#8220; overlay_alpha=&#8220;70&#8243; gutter_size=&#8220;100&#8243; column_width_percent=&#8220;100&#8243; shift_y=&#8220;0&#8243; z_index=&#8220;0&#8243; style=&#8220;inherited&#8220; row_name=&#8220;Welcome&#8220;][vc_column column_width_percent=&#8220;100&#8243; gutter_size=&#8220;3&#8243; overlay_alpha=&#8220;50&#8243; shift_x=&#8220;0&#8243; shift_y=&#8220;0&#8243; medium_width=&#8220;0&#8243; zoom_width=&#8220;0&#8243; zoom_height=&#8220;0&#8243; width=&#8220;1\/2&#8243;][vc_column_text el_class=&#8220;tresc-produkt&#8220; uncode_shortcode_id=&#8220;156784&#8243;]<strong>Die auf der Website enthaltenen Informationen stellen kein kommerzielles Angebot im Sinne von Paragrafen 66 Abs. 1 des Zivilgesetzbuches dar.<\/strong><br \/>\n<strong>Technische Daten in Bezug auf unsere Produkte k\u00f6nnen sich ohne vorherige Ank\u00fcndigung \u00e4ndern.<\/strong><\/p>\n<p>CIPP-Linerauskleidung f\u00fcr Sondereins\u00e4tze, die speziell f\u00fcr Druck- und drucklose Entw\u00e4sserungsnetze vorgesehen ist.<\/p>\n<p>Der als Tr\u00e4germaterial eingesetzte chemisch resistente und korrosionsbest\u00e4ndige verst\u00e4rkte Glasfaserstoff sorgt durch seinen speziellen Aufbau f\u00fcr die \u00dcbertragung der durch den Innendruck im Kanal entstehenden Zugspannungen. Die als Au\u00dfenmembran eingesetzte PVC-Plane sorgt f\u00fcr einen sicheren Einbau der Auskleidung auch bei im Kanal vorhandenen extremen Bedingungen wie Grundwasserinfiltration oder Fehlstellen in der Struktur der Leitung. Die CIPP-Auskleidung wird im Impr\u00e4gnier verfahren mit einem speziellen Vinylesterharz getr\u00e4nkt, das die besten Festigkeitsparameter ausweist. Die Auskleidung POliner Intense kommt bei der Sanierung von Leitungen zum Einsatz, die sich im technischen Zustand III befinden.<\/p>\n<p>Der Copolymerisationsprozess wird durch Belichtung des Verbundstoffs mit UV-, <strong>UV-LED<\/strong>-Licht und thermisch eingeleitet.[\/vc_column_text][\/vc_column][vc_column width=&#8220;1\/2&#8243;][vc_single_image media=&#8220;76451&#8243; media_lightbox=&#8220;yes&#8220; media_width_percent=&#8220;100&#8243; uncode_shortcode_id=&#8220;110436&#8243;][vc_column_text]<strong>Anwendung: Druckentw\u00e4sserungsnetze, drucklose Entw\u00e4sserungsnetze, industrielle Rohrleitungen<\/strong><\/p>\n<p><strong>Durchmesserbereich: DN150 \u2013 DN1250<\/strong>[\/vc_column_text][\/vc_column][\/vc_row][vc_row row_height_percent=&#8220;0&#8243; override_padding=&#8220;yes&#8220; h_padding=&#8220;0&#8243; top_padding=&#8220;3&#8243; bottom_padding=&#8220;3&#8243; overlay_color=&#8220;color-xsdn&#8220; overlay_alpha=&#8220;70&#8243; gutter_size=&#8220;100&#8243; column_width_percent=&#8220;100&#8243; shift_y=&#8220;0&#8243; z_index=&#8220;0&#8243; style=&#8220;inherited&#8220; row_name=&#8220;Welcome&#8220;][vc_column column_width_percent=&#8220;100&#8243; gutter_size=&#8220;3&#8243; overlay_alpha=&#8220;50&#8243; shift_x=&#8220;0&#8243; shift_y=&#8220;0&#8243; medium_width=&#8220;0&#8243; zoom_width=&#8220;0&#8243; zoom_height=&#8220;0&#8243; width=&#8220;1\/1&#8243;][vc_column_text el_class=&#8220;produkty-tabela&#8220;]<\/p>\n<table width=\"614\">\n<tbody>\n<tr>\n<td width=\"364\">\n<p style=\"text-align: center;\"><strong>PARAMETER<\/strong><\/p>\n<\/td>\n<td width=\"250\">\n<p style=\"text-align: center;\"><strong>POliner Intense<\/strong><\/p>\n<\/td>\n<\/tr>\n<tr>\n<td width=\"364\">\n<p style=\"text-align: center;\"><strong>Durchmesserbereich<\/strong><\/p>\n<\/td>\n<td width=\"250\">\n<p style=\"text-align: center;\">DN150 \u2013 DN1250<\/p>\n<\/td>\n<\/tr>\n<tr>\n<td width=\"364\">\n<p style=\"text-align: center;\"><strong>Wanddickenbereich<\/strong><\/p>\n<p style=\"text-align: center; font-size: 8pt;\"><strong>PN-EN 11296-4:2011<\/strong><\/p>\n<\/td>\n<td width=\"250\">\n<p style=\"text-align: center;\">3 mm \u2013 18 mm<\/p>\n<\/td>\n<\/tr>\n<tr>\n<td width=\"364\">\n<p style=\"text-align: center;\"><strong>Kurzzeit-Elastizit\u00e4tsmodul (E<sub>0<\/sub>)<\/strong><\/p>\n<p style=\"text-align: center; font-size: 8pt;\"><strong>PN-EN ISO 178:2011<\/strong><\/p>\n<\/td>\n<td width=\"250\">\n<p style=\"text-align: center;\">\u2265 20500 MPa<\/p>\n<\/td>\n<\/tr>\n<tr>\n<td width=\"364\">\n<p style=\"text-align: center;\"><strong>Langzeit-Elastizit\u00e4tsmodul (E<sub>x<\/sub>)<\/strong><\/p>\n<p style=\"text-align: center; font-size: 8pt;\"><strong>PN-EN 1228:1999<\/strong><\/p>\n<\/td>\n<td width=\"250\">\n<p style=\"text-align: center;\">\u2265 16000 MPa<\/p>\n<\/td>\n<\/tr>\n<tr>\n<td width=\"364\">\n<p style=\"text-align: center;\"><strong>Biegespannung beim ersten Bruch<\/strong><\/p>\n<p style=\"text-align: center; font-size: 8pt;\"><strong>PN-EN ISO 178:2011<\/strong><\/p>\n<\/td>\n<td width=\"250\">\n<p style=\"text-align: center;\">\u2265 200 MPa<\/p>\n<\/td>\n<\/tr>\n<tr>\n<td width=\"364\">\n<p style=\"text-align: center;\"><strong>Aush\u00e4rtungsverfahren<\/strong><\/p>\n<\/td>\n<td width=\"250\">\n<p style=\"text-align: center;\">UV<\/p>\n<p style=\"text-align: center;\">UV-LED<\/p>\n<p style=\"text-align: center;\">Dampf<\/p>\n<\/td>\n<\/tr>\n<\/tbody>\n<\/table>\n<p>[\/vc_column_text][\/vc_column][\/vc_row]<\/p>\n<\/div>","protected":false},"excerpt":{"rendered":"<p>[vc_row row_height_percent=&#8220;40&#8243; override_padding=&#8220;yes&#8220; h_padding=&#8220;2&#8243; top_padding=&#8220;2&#8243; bottom_padding=&#8220;3&#8243; back_color=&#8220;color-wayh&#8220; back_image=&#8220;73636&#8243; back_position=&#8220;center center&#8220; overlay_color=&#8220;accent&#8220; overlay_alpha=&#8220;55&#8243; gutter_size=&#8220;3&#8243; column_width_percent=&#8220;100&#8243; border_color=&#8220;accent&#8220; border_style=&#8220;solid&#8220; shift_y=&#8220;0&#8243; z_index=&#8220;0&#8243; bottom_divider=&#8220;swoosh-opacity&#8220; css=&#8220;.vc_custom_1639994194892{border-bottom-width: [&hellip;]<\/p>\n","protected":false},"author":1,"featured_media":0,"parent":75823,"menu_order":0,"comment_status":"closed","ping_status":"closed","template":"","meta":{"footnotes":""},"class_list":["post-75710","page","type-page","status-publish","hentry","page_category-produkty-de"],"_links":{"self":[{"href":"https:\/\/poliner.eu\/de\/wp-json\/wp\/v2\/pages\/75710","targetHints":{"allow":["GET"]}}],"collection":[{"href":"https:\/\/poliner.eu\/de\/wp-json\/wp\/v2\/pages"}],"about":[{"href":"https:\/\/poliner.eu\/de\/wp-json\/wp\/v2\/types\/page"}],"author":[{"embeddable":true,"href":"https:\/\/poliner.eu\/de\/wp-json\/wp\/v2\/users\/1"}],"replies":[{"embeddable":true,"href":"https:\/\/poliner.eu\/de\/wp-json\/wp\/v2\/comments?post=75710"}],"version-history":[{"count":8,"href":"https:\/\/poliner.eu\/de\/wp-json\/wp\/v2\/pages\/75710\/revisions"}],"predecessor-version":[{"id":76789,"href":"https:\/\/poliner.eu\/de\/wp-json\/wp\/v2\/pages\/75710\/revisions\/76789"}],"up":[{"embeddable":true,"href":"https:\/\/poliner.eu\/de\/wp-json\/wp\/v2\/pages\/75823"}],"wp:attachment":[{"href":"https:\/\/poliner.eu\/de\/wp-json\/wp\/v2\/media?parent=75710"}],"curies":[{"name":"wp","href":"https:\/\/api.w.org\/{rel}","templated":true}]}}