{"id":75727,"date":"2021-09-29T15:16:56","date_gmt":"2021-09-29T13:16:56","guid":{"rendered":"https:\/\/poliner.eu\/poliner-glass\/"},"modified":"2023-10-10T15:31:19","modified_gmt":"2023-10-10T13:31:19","slug":"poliner-glass","status":"publish","type":"page","link":"https:\/\/poliner.eu\/de\/producte\/poliner-glass\/","title":{"rendered":"POliner Glass"},"content":{"rendered":"<div class=\"wpb-content-wrapper\"><p>[vc_row row_height_percent=&#8220;40&#8243; override_padding=&#8220;yes&#8220; h_padding=&#8220;2&#8243; top_padding=&#8220;2&#8243; bottom_padding=&#8220;3&#8243; back_color=&#8220;color-wayh&#8220; back_image=&#8220;74304&#8243; back_position=&#8220;center center&#8220; overlay_color=&#8220;accent&#8220; overlay_alpha=&#8220;55&#8243; gutter_size=&#8220;3&#8243; column_width_percent=&#8220;100&#8243; border_color=&#8220;accent&#8220; border_style=&#8220;solid&#8220; shift_y=&#8220;0&#8243; z_index=&#8220;0&#8243; bottom_divider=&#8220;swoosh-opacity&#8220; css=&#8220;.vc_custom_1616755451942{border-bottom-width: 12px !important;}&#8220;][vc_column column_width_percent=&#8220;100&#8243; position_vertical=&#8220;middle&#8220; gutter_size=&#8220;3&#8243; style=&#8220;dark&#8220; overlay_alpha=&#8220;50&#8243; shift_x=&#8220;0&#8243; shift_y=&#8220;0&#8243; shift_y_down=&#8220;0&#8243; z_index=&#8220;0&#8243; medium_width=&#8220;0&#8243; mobile_width=&#8220;0&#8243; zoom_width=&#8220;0&#8243; zoom_height=&#8220;0&#8243; width=&#8220;1\/1&#8243;][vc_custom_heading heading_semantic=&#8220;h1&#8243; text_size=&#8220;&#8220; text_weight=&#8220;700&#8243; sub_lead=&#8220;yes&#8220; sub_reduced=&#8220;yes&#8220;]POliner Glass[\/vc_custom_heading][\/vc_column][\/vc_row][vc_row row_height_percent=&#8220;0&#8243; override_padding=&#8220;yes&#8220; h_padding=&#8220;0&#8243; top_padding=&#8220;3&#8243; bottom_padding=&#8220;0&#8243; overlay_color=&#8220;color-xsdn&#8220; overlay_alpha=&#8220;70&#8243; gutter_size=&#8220;100&#8243; column_width_percent=&#8220;100&#8243; shift_y=&#8220;0&#8243; z_index=&#8220;0&#8243; style=&#8220;inherited&#8220; row_name=&#8220;Welcome&#8220; el_class=&#8220;tresc-produkt&#8220;][vc_column column_width_percent=&#8220;100&#8243; gutter_size=&#8220;3&#8243; overlay_alpha=&#8220;50&#8243; shift_x=&#8220;0&#8243; shift_y=&#8220;0&#8243; medium_width=&#8220;0&#8243; zoom_width=&#8220;0&#8243; zoom_height=&#8220;0&#8243; width=&#8220;1\/2&#8243;][vc_column_text uncode_shortcode_id=&#8220;988344&#8243;]<strong>Die auf der Website enthaltenen Informationen stellen kein kommerzielles Angebot im Sinne von Paragrafen 66 Abs. 1 des Zivilgesetzbuches dar.<\/strong><br \/>\n<strong>Technische Daten in Bezug auf unsere Produkte k\u00f6nnen sich ohne vorherige Ank\u00fcndigung \u00e4ndern.<\/strong><\/p>\n<p>Mit Polyester- oder Vinylesterharzen getr\u00e4nkte CIPP-Linerauskleidungen aus Glasfaserstoff, die in Falttechnik hergestellt werden.<\/p>\n<p>Der als Tr\u00e4germaterial eingesetzte Glasfaserstoff vom Typ Advantex\u00ae zeichnet sich durch eine erh\u00f6hte Alterungsbest\u00e4ndigkeit\u00a0 aus. Speziell ausgew\u00e4hlte Mattengewebe werden im Impr\u00e4gnier verfahren mit unges\u00e4ttigtem Polyester- oder Vinylesterharz getr\u00e4nkt. Die zur Herstellung der Auskleidungen verwendeten Harze haben nach deren Aush\u00e4rten als Endprodukt keine sch\u00e4dlichen Auswirkungen auf die Umwelt. Das fertige Produkt zeichnet sich durch hohe mechanische Parameter aus, die eine lange Lebensdauer gew\u00e4hrleisten.<\/p>\n<p>Der Copolymerisationsprozess wird je nach Produktart durch Belichtung des Verbundstoffs mit UV- bzw. UV-LED-Licht oder thermisch eingeleitet.<\/p>\n<p>Ein unverzichtbarer Vorteil der Auskleidungen POliner Glass UV und LED ist die M\u00f6glichkeit, das Innere der Leitung w\u00e4hrend des Aush\u00e4rtungsprozesses der Auskleidung mit den am Lampenwagen montierten Kameras vollst\u00e4ndig zu kontrollieren. Bei einem beunruhigenden Bild von der Kamera besteht somit die M\u00f6glichkeit, sofortige Abhilfema\u00dfnahmen zu ergreifen.<\/p>\n<p>Aufgrund der Vielfalt von Mattengeweben und Harzen, die uns zur Verf\u00fcgung stehen, k\u00f6nnen wir Linerauskleidungen herstellen, die auf die spezifischen Bed\u00fcrfnisse des jeweiligen Auftraggebers abgestimmt sind.[\/vc_column_text][\/vc_column][vc_column width=&#8220;1\/2&#8243;][vc_single_image media=&#8220;76426&#8243; media_lightbox=&#8220;yes&#8220; media_width_percent=&#8220;100&#8243; uncode_shortcode_id=&#8220;165635&#8243;][vc_column_text]<strong>Anwendung: drucklose Entw\u00e4sserungsnetze, Industrierohrleitungen<\/strong><\/p>\n<p><strong>Durchmesserbereich: DN150 \u2013 DN1250<\/strong><\/p>\n<p><strong>Verf\u00fcgbare Varianten:<\/strong><br \/>\n&#8211; POliner Glass UV,<br \/>\n&#8211; POliner Glass LED,<br \/>\n&#8211; POliner Glass Steam.[\/vc_column_text][\/vc_column][\/vc_row][vc_row row_height_percent=&#8220;0&#8243; override_padding=&#8220;yes&#8220; h_padding=&#8220;0&#8243; top_padding=&#8220;3&#8243; bottom_padding=&#8220;3&#8243; overlay_color=&#8220;color-xsdn&#8220; overlay_alpha=&#8220;70&#8243; gutter_size=&#8220;100&#8243; column_width_percent=&#8220;100&#8243; shift_y=&#8220;0&#8243; z_index=&#8220;0&#8243; style=&#8220;inherited&#8220; row_name=&#8220;Welcome&#8220; el_class=&#8220;tresc-produkt&#8220;][vc_column column_width_percent=&#8220;100&#8243; gutter_size=&#8220;3&#8243; overlay_alpha=&#8220;50&#8243; shift_x=&#8220;0&#8243; shift_y=&#8220;0&#8243; medium_width=&#8220;0&#8243; zoom_width=&#8220;0&#8243; zoom_height=&#8220;0&#8243; width=&#8220;1\/1&#8243;][vc_column_text el_class=&#8220;produkty-tabela&#8220;]<\/p>\n<table width=\"650\">\n<tbody>\n<tr>\n<td style=\"text-align: center;\" colspan=\"4\" width=\"650\"><strong>POliner Glass<\/strong><\/td>\n<\/tr>\n<tr>\n<td style=\"background-image: linear-gradient(to top right, transparent calc(50% - 1px), #eaeaea, transparent calc(50% + 1px));\" width=\"281\">\n<p style=\"text-align: right;\"><strong>ART DES PRODUKTES<\/strong><\/p>\n<p><strong>PARAMETER<\/strong><\/td>\n<td style=\"text-align: center;\" width=\"123\"><strong>POliner Glass UV<\/strong><\/td>\n<td style=\"text-align: center;\" width=\"123\"><strong>POliner Glass LED<\/strong><\/td>\n<td style=\"text-align: center;\" width=\"123\"><strong>POliner Glass Steam<\/strong><\/td>\n<\/tr>\n<tr>\n<td style=\"text-align: center;\" width=\"281\"><strong>Durchmesserbereich<\/strong><\/td>\n<td style=\"text-align: center;\" width=\"123\">DN150 \u2013 DN1250<\/td>\n<td style=\"text-align: center;\" width=\"123\">DN150 \u2013 DN1250<\/td>\n<td style=\"text-align: center;\" width=\"123\">DN150 \u2013 DN1250<\/td>\n<\/tr>\n<tr>\n<td width=\"281\">\n<p style=\"text-align: center;\"><strong>Wanddickenbereich<\/strong><\/p>\n<p style=\"text-align: center; font-size: 8pt;\"><strong>PN-EN 11296-4:2011<\/strong><\/p>\n<\/td>\n<td style=\"text-align: center;\" width=\"123\">3 mm \u2013 20 mm<\/td>\n<td style=\"text-align: center;\" width=\"123\">3 mm \u2013 20 mm<\/td>\n<td style=\"text-align: center;\" width=\"123\">3 mm \u2013 18 mm<\/td>\n<\/tr>\n<tr>\n<td width=\"281\">\n<p style=\"text-align: center;\"><strong>Kurzzeit-Elastizit\u00e4tsmodul (E<sub>0<\/sub>)<\/strong><\/p>\n<p style=\"text-align: center; font-size: 8pt;\"><strong>PN-EN ISO 178:2011<\/strong><\/p>\n<\/td>\n<td style=\"text-align: center;\" width=\"123\">12 000 MPa<\/td>\n<td style=\"text-align: center;\" width=\"123\">\u2265 10\u00a0000 MPa<\/td>\n<td style=\"text-align: center;\" width=\"123\">\u2265 10\u00a0000 MPa<\/td>\n<\/tr>\n<tr>\n<td width=\"281\">\n<p style=\"text-align: center;\"><strong>Langzeit-Elastizit\u00e4tsmodul (E<sub>x<\/sub>)<\/strong><\/p>\n<p style=\"text-align: center; font-size: 8pt;\"><strong>PN-EN 1228:1999<\/strong><\/p>\n<\/td>\n<td style=\"text-align: center;\" width=\"123\">\u2265 8\u00a0000 MPa<\/td>\n<td style=\"text-align: center;\" width=\"123\">\u2265 8\u00a0000 MPa<\/td>\n<td style=\"text-align: center;\" width=\"123\">\u2265 8\u00a0000 MPa<\/td>\n<\/tr>\n<tr>\n<td width=\"281\">\n<p style=\"text-align: center;\"><strong>Biegespannung beim ersten Bruch<\/strong><\/p>\n<p style=\"text-align: center; font-size: 8pt;\"><strong>PN-EN ISO 178:2011<\/strong><\/p>\n<\/td>\n<td style=\"text-align: center;\" width=\"123\">\u2265 200 MPa<\/td>\n<td style=\"text-align: center;\" width=\"123\">\u2265 200 MPa<\/td>\n<td style=\"text-align: center;\" width=\"123\">\u2265 200 MPa<\/td>\n<\/tr>\n<tr>\n<td style=\"text-align: center;\" width=\"281\"><strong>Aush\u00e4rtungsverfahren<\/strong><\/td>\n<td style=\"text-align: center;\" width=\"123\">UV<\/td>\n<td style=\"text-align: center;\" width=\"123\">UV-LED<\/td>\n<td style=\"text-align: center;\" width=\"123\">Dampf<\/td>\n<\/tr>\n<\/tbody>\n<\/table>\n<p>[\/vc_column_text][\/vc_column][\/vc_row]<\/p>\n<\/div>","protected":false},"excerpt":{"rendered":"<p>[vc_row row_height_percent=&#8220;40&#8243; override_padding=&#8220;yes&#8220; h_padding=&#8220;2&#8243; top_padding=&#8220;2&#8243; bottom_padding=&#8220;3&#8243; back_color=&#8220;color-wayh&#8220; back_image=&#8220;74304&#8243; back_position=&#8220;center center&#8220; overlay_color=&#8220;accent&#8220; overlay_alpha=&#8220;55&#8243; gutter_size=&#8220;3&#8243; column_width_percent=&#8220;100&#8243; border_color=&#8220;accent&#8220; border_style=&#8220;solid&#8220; shift_y=&#8220;0&#8243; z_index=&#8220;0&#8243; bottom_divider=&#8220;swoosh-opacity&#8220; css=&#8220;.vc_custom_1616755451942{border-bottom-width: [&hellip;]<\/p>\n","protected":false},"author":1,"featured_media":0,"parent":75823,"menu_order":0,"comment_status":"closed","ping_status":"closed","template":"","meta":{"footnotes":""},"class_list":["post-75727","page","type-page","status-publish","hentry","page_category-produkty-de"],"_links":{"self":[{"href":"https:\/\/poliner.eu\/de\/wp-json\/wp\/v2\/pages\/75727","targetHints":{"allow":["GET"]}}],"collection":[{"href":"https:\/\/poliner.eu\/de\/wp-json\/wp\/v2\/pages"}],"about":[{"href":"https:\/\/poliner.eu\/de\/wp-json\/wp\/v2\/types\/page"}],"author":[{"embeddable":true,"href":"https:\/\/poliner.eu\/de\/wp-json\/wp\/v2\/users\/1"}],"replies":[{"embeddable":true,"href":"https:\/\/poliner.eu\/de\/wp-json\/wp\/v2\/comments?post=75727"}],"version-history":[{"count":11,"href":"https:\/\/poliner.eu\/de\/wp-json\/wp\/v2\/pages\/75727\/revisions"}],"predecessor-version":[{"id":76786,"href":"https:\/\/poliner.eu\/de\/wp-json\/wp\/v2\/pages\/75727\/revisions\/76786"}],"up":[{"embeddable":true,"href":"https:\/\/poliner.eu\/de\/wp-json\/wp\/v2\/pages\/75823"}],"wp:attachment":[{"href":"https:\/\/poliner.eu\/de\/wp-json\/wp\/v2\/media?parent=75727"}],"curies":[{"name":"wp","href":"https:\/\/api.w.org\/{rel}","templated":true}]}}