{"id":75729,"date":"2021-09-29T15:02:40","date_gmt":"2021-09-29T13:02:40","guid":{"rendered":"https:\/\/poliner.eu\/poliner-felt\/"},"modified":"2023-10-10T15:31:31","modified_gmt":"2023-10-10T13:31:31","slug":"poliner-felt","status":"publish","type":"page","link":"https:\/\/poliner.eu\/de\/producte\/poliner-felt\/","title":{"rendered":"POliner Felt"},"content":{"rendered":"<div class=\"wpb-content-wrapper\"><p>[vc_row row_height_percent=&#8220;40&#8243; override_padding=&#8220;yes&#8220; h_padding=&#8220;2&#8243; top_padding=&#8220;2&#8243; bottom_padding=&#8220;3&#8243; back_color=&#8220;color-wayh&#8220; back_image=&#8220;73632&#8243; back_position=&#8220;center center&#8220; overlay_color=&#8220;accent&#8220; overlay_alpha=&#8220;55&#8243; gutter_size=&#8220;3&#8243; column_width_percent=&#8220;100&#8243; border_color=&#8220;accent&#8220; border_style=&#8220;solid&#8220; shift_y=&#8220;0&#8243; z_index=&#8220;0&#8243; bottom_divider=&#8220;swoosh-opacity&#8220; css=&#8220;.vc_custom_1595335569331{border-bottom-width: 12px !important;}&#8220;][vc_column column_width_percent=&#8220;100&#8243; position_vertical=&#8220;middle&#8220; gutter_size=&#8220;3&#8243; style=&#8220;dark&#8220; overlay_alpha=&#8220;50&#8243; shift_x=&#8220;0&#8243; shift_y=&#8220;0&#8243; shift_y_down=&#8220;0&#8243; z_index=&#8220;0&#8243; medium_width=&#8220;0&#8243; mobile_width=&#8220;0&#8243; zoom_width=&#8220;0&#8243; zoom_height=&#8220;0&#8243; width=&#8220;1\/1&#8243;][vc_custom_heading heading_semantic=&#8220;h1&#8243; text_size=&#8220;&#8220; text_weight=&#8220;700&#8243; sub_lead=&#8220;yes&#8220; sub_reduced=&#8220;yes&#8220;]POliner Felt[\/vc_custom_heading][\/vc_column][\/vc_row][vc_row row_height_percent=&#8220;0&#8243; override_padding=&#8220;yes&#8220; h_padding=&#8220;0&#8243; top_padding=&#8220;3&#8243; bottom_padding=&#8220;0&#8243; overlay_color=&#8220;color-xsdn&#8220; overlay_alpha=&#8220;70&#8243; gutter_size=&#8220;100&#8243; column_width_percent=&#8220;100&#8243; shift_y=&#8220;0&#8243; z_index=&#8220;0&#8243; style=&#8220;inherited&#8220; row_name=&#8220;Welcome&#8220;][vc_column column_width_percent=&#8220;100&#8243; gutter_size=&#8220;3&#8243; overlay_alpha=&#8220;50&#8243; shift_x=&#8220;0&#8243; shift_y=&#8220;0&#8243; medium_width=&#8220;0&#8243; zoom_width=&#8220;0&#8243; zoom_height=&#8220;0&#8243; width=&#8220;1\/2&#8243;][vc_column_text el_class=&#8220;tresc-produkt&#8220; uncode_shortcode_id=&#8220;126040&#8243;]<strong>Die auf der Website enthaltenen Informationen stellen kein kommerzielles Angebot im Sinne von Paragrafen 66 Abs. 1 des Zivilgesetzbuches dar.<\/strong><br \/>\n<strong>Technische Daten in Bezug auf unsere Produkte k\u00f6nnen sich ohne vorherige Ank\u00fcndigung \u00e4ndern.<\/strong><\/p>\n<p>CIPP-Linerauskleidungen aus Polyestervlies mit Filzstruktur, die mit Polyester-, Vinylester- oder Epoxidharzen getr\u00e4nkt sind.<\/p>\n<p>Das als Tr\u00e4germaterial eingesetzte Polyestervlies mit Filzstruktur sorgt f\u00fcr eine hohe Flexibilit\u00e4t der Auskleidung und somit f\u00fcr eine perfekte Anpassung an die jeweilige Form der Leitung sowie f\u00fcr die M\u00f6glichkeit, B\u00f6gen zu \u00fcberwinden. Die Auskleidung ist mit unges\u00e4ttigtem Polyester-, Vinylester- oder Epoxidharz impr\u00e4gniert. Die zur Herstellung der Auskleidungen verwendeten Harze haben nach deren Aush\u00e4rten als Endprodukt keine sch\u00e4dlichen Auswirkungen auf die Umwelt.<\/p>\n<p>Der Copolymerisationsprozess wird je nach eingesetztem Harz durch Belichtung des Verbundstoffs mit UV-Licht oder thermisch eingeleitet.<\/p>\n<p>Ein Wesensmerkmal der Auskleidungen POliner Felt und Felt &amp; Glass ist, dass sie im sog. Inversionsverfahren in die Leitung eingebracht werden k\u00f6nnen. Das Inversionsverfahren erm\u00f6glicht den Einbau der CIPP-Auskleidung in die Leitung, auch wenn der Zugang zu der Rohrleitung eingeschr\u00e4nkt ist. Der gesamte Einbau- und Aush\u00e4rtungsprozess der Linerauskleidung kann durchgef\u00fchrt werden, wenn nur zu einem Schacht Zugang besteht. Angesichts der Besonderheit und Komplexit\u00e4t der Aufgaben in der grabenlosen Branche stellt diese Eigenschaft einen wichtigen Vorteil dar.<\/p>\n<p>Die Anzahl der Lagen von Polyestervlies wird entsprechend den Festigkeitsanforderungen ausgew\u00e4hlt. Um g\u00fcnstigere Konstruktionsparameter zu erreichen, umfasst unser Angebot eine Linerauskleidung, die zus\u00e4tzlich mit Glasfaserstoff verst\u00e4rkt ist \u2013 POliner Felt &amp; Glass.[\/vc_column_text][\/vc_column][vc_column width=&#8220;1\/2&#8243;][vc_gallery el_id=&#8220;gallery-357353&#8243; type=&#8220;carousel&#8220; medias=&#8220;76430,76433&#8243; carousel_lg=&#8220;1&#8243; carousel_md=&#8220;1&#8243; carousel_sm=&#8220;1&#8243; gutter_size=&#8220;3&#8243; carousel_interval=&#8220;3000&#8243; carousel_navspeed=&#8220;400&#8243; carousel_loop=&#8220;yes&#8220; carousel_nav=&#8220;yes&#8220; stage_padding=&#8220;0&#8243; single_overlay_opacity=&#8220;50&#8243; single_padding=&#8220;2&#8243; uncode_shortcode_id=&#8220;171075&#8243;][vc_column_text]<strong>Anwendung: drucklose Entw\u00e4sserungsnetze, Industrierohrleitungen<\/strong><\/p>\n<p><strong>Durchmesserbereich: DN150 \u2013 DN2000<\/strong><\/p>\n<p><strong>Verf\u00fcgbare Varianten:<\/strong><br \/>\n&#8211; POliner Felt<br \/>\n&#8211; POliner Felt &amp; Glass[\/vc_column_text][\/vc_column][\/vc_row][vc_row row_height_percent=&#8220;0&#8243; override_padding=&#8220;yes&#8220; h_padding=&#8220;0&#8243; top_padding=&#8220;3&#8243; bottom_padding=&#8220;3&#8243; overlay_color=&#8220;color-xsdn&#8220; overlay_alpha=&#8220;70&#8243; gutter_size=&#8220;100&#8243; column_width_percent=&#8220;100&#8243; shift_y=&#8220;0&#8243; z_index=&#8220;0&#8243; style=&#8220;inherited&#8220; row_name=&#8220;Welcome&#8220;][vc_column column_width_percent=&#8220;100&#8243; gutter_size=&#8220;3&#8243; overlay_alpha=&#8220;50&#8243; shift_x=&#8220;0&#8243; shift_y=&#8220;0&#8243; medium_width=&#8220;0&#8243; zoom_width=&#8220;0&#8243; zoom_height=&#8220;0&#8243; width=&#8220;1\/1&#8243;][vc_column_text el_class=&#8220;produkty-tabela&#8220;]<\/p>\n<table width=\"601\">\n<tbody>\n<tr>\n<td style=\"text-align: center;\" colspan=\"3\" width=\"601\"><strong>POliner Felt<\/strong><\/td>\n<\/tr>\n<tr>\n<td style=\"background-image: linear-gradient(to top right, transparent calc(50% - 1px), #eaeaea, transparent calc(50% + 1px));\" width=\"348\">\n<p style=\"text-align: right;\"><strong>ART DES PRODUKTES<\/strong><\/p>\n<p><strong>PARAMETER<\/strong><\/td>\n<td style=\"text-align: center;\" width=\"130\"><strong>Felt<\/strong><\/td>\n<td style=\"text-align: center;\" width=\"123\"><strong>Felt &amp; Glass<\/strong><\/td>\n<\/tr>\n<tr>\n<td style=\"text-align: center;\" width=\"348\"><strong>Durchmesserbereich<\/strong><\/td>\n<td style=\"text-align: center;\" width=\"130\">DN150 \u2013 DN2000<\/td>\n<td style=\"text-align: center;\" width=\"123\">DN200 \u2013 DN1200<\/td>\n<\/tr>\n<tr>\n<td width=\"348\">\n<p style=\"text-align: center;\"><strong>Wanddickenbereich<\/strong><\/p>\n<p style=\"text-align: center; font-size: 8pt;\"><strong>PN-EN 11296-4:2011<\/strong><\/p>\n<\/td>\n<td style=\"text-align: center;\" width=\"130\">3 mm \u2013 60 mm<\/td>\n<td style=\"text-align: center;\" width=\"123\">3 mm \u2013 26 mm<\/td>\n<\/tr>\n<tr>\n<td width=\"348\">\n<p style=\"text-align: center;\"><strong>Kurzzeit-Elastizit\u00e4tsmodul (E<sub>0<\/sub>)<\/strong><\/p>\n<p style=\"text-align: center; font-size: 8pt;\"><strong>PN-EN ISO 178:2011<\/strong><\/p>\n<\/td>\n<td style=\"text-align: center;\" width=\"130\">\u2265 2100 MPa<\/td>\n<td style=\"text-align: center;\" width=\"123\">\u2265 5000 MPa<\/td>\n<\/tr>\n<tr>\n<td width=\"348\">\n<p style=\"text-align: center;\"><strong>Langzeit-Elastizit\u00e4tsmodul (E<sub>x<\/sub>)<\/strong><\/p>\n<p style=\"text-align: center; font-size: 8pt;\"><strong>PN-EN 1228:1999<\/strong><\/p>\n<\/td>\n<td style=\"text-align: center;\" width=\"130\">\u2265 1400 MPa<\/td>\n<td style=\"text-align: center;\" width=\"123\">\u2265 3000 MPa<\/td>\n<\/tr>\n<tr>\n<td width=\"348\">\n<p style=\"text-align: center;\"><strong>Biegespannung beim ersten Bruch<\/strong><\/p>\n<p style=\"text-align: center; font-size: 8pt;\"><strong>PN-EN ISO 178:2011<\/strong><\/p>\n<\/td>\n<td style=\"text-align: center;\" width=\"130\">\u2265 35 MPa<\/td>\n<td style=\"text-align: center;\" width=\"123\">\u2265 48 MPa<\/td>\n<\/tr>\n<tr>\n<td style=\"text-align: center;\" width=\"348\"><strong>Aush\u00e4rtungsverfahren<\/strong><\/td>\n<td style=\"text-align: center;\" width=\"130\">Wasser\/Dampf<\/td>\n<td width=\"123\">\n<p style=\"text-align: center;\">UV<\/p>\n<p style=\"text-align: center;\">Wasser\/Dampf<\/p>\n<\/td>\n<\/tr>\n<\/tbody>\n<\/table>\n<p>[\/vc_column_text][\/vc_column][\/vc_row]<\/p>\n<\/div>","protected":false},"excerpt":{"rendered":"<p>[vc_row row_height_percent=&#8220;40&#8243; override_padding=&#8220;yes&#8220; h_padding=&#8220;2&#8243; top_padding=&#8220;2&#8243; bottom_padding=&#8220;3&#8243; back_color=&#8220;color-wayh&#8220; back_image=&#8220;73632&#8243; back_position=&#8220;center center&#8220; overlay_color=&#8220;accent&#8220; overlay_alpha=&#8220;55&#8243; gutter_size=&#8220;3&#8243; column_width_percent=&#8220;100&#8243; border_color=&#8220;accent&#8220; border_style=&#8220;solid&#8220; shift_y=&#8220;0&#8243; z_index=&#8220;0&#8243; bottom_divider=&#8220;swoosh-opacity&#8220; css=&#8220;.vc_custom_1595335569331{border-bottom-width: [&hellip;]<\/p>\n","protected":false},"author":1,"featured_media":0,"parent":75823,"menu_order":0,"comment_status":"closed","ping_status":"closed","template":"","meta":{"footnotes":""},"class_list":["post-75729","page","type-page","status-publish","hentry","page_category-produkty-de"],"_links":{"self":[{"href":"https:\/\/poliner.eu\/de\/wp-json\/wp\/v2\/pages\/75729","targetHints":{"allow":["GET"]}}],"collection":[{"href":"https:\/\/poliner.eu\/de\/wp-json\/wp\/v2\/pages"}],"about":[{"href":"https:\/\/poliner.eu\/de\/wp-json\/wp\/v2\/types\/page"}],"author":[{"embeddable":true,"href":"https:\/\/poliner.eu\/de\/wp-json\/wp\/v2\/users\/1"}],"replies":[{"embeddable":true,"href":"https:\/\/poliner.eu\/de\/wp-json\/wp\/v2\/comments?post=75729"}],"version-history":[{"count":5,"href":"https:\/\/poliner.eu\/de\/wp-json\/wp\/v2\/pages\/75729\/revisions"}],"predecessor-version":[{"id":76787,"href":"https:\/\/poliner.eu\/de\/wp-json\/wp\/v2\/pages\/75729\/revisions\/76787"}],"up":[{"embeddable":true,"href":"https:\/\/poliner.eu\/de\/wp-json\/wp\/v2\/pages\/75823"}],"wp:attachment":[{"href":"https:\/\/poliner.eu\/de\/wp-json\/wp\/v2\/media?parent=75729"}],"curies":[{"name":"wp","href":"https:\/\/api.w.org\/{rel}","templated":true}]}}