{"id":75764,"date":"2020-06-09T15:02:35","date_gmt":"2020-06-09T13:02:35","guid":{"rendered":"https:\/\/poliner.eu\/hat-profiles\/"},"modified":"2023-10-10T15:32:27","modified_gmt":"2023-10-10T13:32:27","slug":"poliner-tophat","status":"publish","type":"page","link":"https:\/\/poliner.eu\/de\/producte\/poliner-tophat\/","title":{"rendered":"POliner TopHat"},"content":{"rendered":"<div class=\"wpb-content-wrapper\"><p>[vc_row row_height_percent=&#8220;40&#8243; override_padding=&#8220;yes&#8220; h_padding=&#8220;2&#8243; top_padding=&#8220;2&#8243; bottom_padding=&#8220;3&#8243; back_color=&#8220;color-wayh&#8220; back_image=&#8220;74611&#8243; back_position=&#8220;right bottom&#8220; overlay_color=&#8220;accent&#8220; overlay_alpha=&#8220;55&#8243; gutter_size=&#8220;3&#8243; column_width_percent=&#8220;100&#8243; border_color=&#8220;accent&#8220; border_style=&#8220;solid&#8220; shift_y=&#8220;0&#8243; z_index=&#8220;0&#8243; bottom_divider=&#8220;swoosh-opacity&#8220; css=&#8220;.vc_custom_1618317535126{border-bottom-width: 12px !important;}&#8220;][vc_column column_width_percent=&#8220;100&#8243; position_vertical=&#8220;middle&#8220; gutter_size=&#8220;3&#8243; style=&#8220;dark&#8220; overlay_alpha=&#8220;50&#8243; shift_x=&#8220;0&#8243; shift_y=&#8220;0&#8243; shift_y_down=&#8220;0&#8243; z_index=&#8220;0&#8243; medium_width=&#8220;0&#8243; mobile_width=&#8220;0&#8243; zoom_width=&#8220;0&#8243; zoom_height=&#8220;0&#8243; width=&#8220;1\/1&#8243;][vc_custom_heading heading_semantic=&#8220;h1&#8243; text_size=&#8220;&#8220; text_weight=&#8220;700&#8243; sub_lead=&#8220;yes&#8220; sub_reduced=&#8220;yes&#8220;]POliner TopHat[\/vc_custom_heading][\/vc_column][\/vc_row][vc_row row_height_percent=&#8220;0&#8243; override_padding=&#8220;yes&#8220; h_padding=&#8220;2&#8243; top_padding=&#8220;3&#8243; bottom_padding=&#8220;3&#8243; overlay_color=&#8220;color-xsdn&#8220; overlay_alpha=&#8220;70&#8243; gutter_size=&#8220;100&#8243; shift_y=&#8220;0&#8243; style=&#8220;inherited&#8220; row_name=&#8220;Welcome&#8220;][vc_column column_width_percent=&#8220;100&#8243; gutter_size=&#8220;3&#8243; overlay_alpha=&#8220;50&#8243; shift_x=&#8220;0&#8243; shift_y=&#8220;0&#8243; medium_width=&#8220;0&#8243; zoom_width=&#8220;0&#8243; zoom_height=&#8220;0&#8243; width=&#8220;1\/1&#8243;][vc_column_text el_class=&#8220;tresc-produkt&#8220; uncode_shortcode_id=&#8220;166958&#8243;]<strong>Die auf der Website enthaltenen Informationen stellen kein kommerzielles Angebot im Sinne von Paragrafen 66 Abs. 1 des Zivilgesetzbuches dar.<\/strong><br \/>\n<strong>Technische Daten in Bezug auf unsere Produkte k\u00f6nnen sich ohne vorherige Ank\u00fcndigung \u00e4ndern.<\/strong><\/p>\n<p>Ein System von vor Ort geh\u00e4rteten Hutprofilen, das f\u00fcr die Abdichtung der Verbindungen zwischen Hausanschlussleitungen und der Hauptleitung in drucklosen Kanalisationsnetzen vorgesehen ist. Die Profile sind aus hochwertigem Polyestervlies mit Filzstruktur hergestellt und werden in zwei Ausf\u00fchrungen mit unterschiedlicher Zylinderstellung zur Krempe geliefert: 45\u00b0 und 90\u00b0.<\/p>\n<p>Die Hutprofile erf\u00fcllen alle Anforderungen der PN-EN 11296-4:2018. Die Ma\u00dfe der Profile werden anhand der Einstufung in der Norm ausgew\u00e4hlt. Hutprofile k\u00f6nnen auch auf spezielle Anfrage gefertigt werden.[\/vc_column_text][vc_column_text]<\/p>\n<table width=\"527\">\n<tbody>\n<tr>\n<td width=\"187\">\n<p style=\"text-align: center;\"><strong>PARAMETER<\/strong><\/p>\n<\/td>\n<td width=\"340\">\n<p style=\"text-align: center;\"><strong>Hutprofil<\/strong><\/p>\n<\/td>\n<\/tr>\n<tr>\n<td width=\"187\">\n<p style=\"text-align: center;\"><strong>Durchmesser des Anschlusses<\/strong><\/p>\n<\/td>\n<td width=\"340\">\n<p style=\"text-align: center;\">DN100, DN125, DN150, DN200, DN250<\/p>\n<p style=\"text-align: center;\">Andere \u2013 auf Anfrage<\/p>\n<\/td>\n<\/tr>\n<tr>\n<td width=\"187\">\n<p style=\"text-align: center;\"><strong>Anschlusswinkel <\/strong><\/p>\n<\/td>\n<td width=\"340\">\n<p style=\"text-align: center;\">45\u00b0 oder 90\u00b0<\/p>\n<\/td>\n<\/tr>\n<\/tbody>\n<\/table>\n<p>[\/vc_column_text][vc_gallery el_id=&#8220;gallery-205677&#8243; medias=&#8220;74620,74618,74616,74614&#8243; gutter_size=&#8220;3&#8243; screen_lg=&#8220;1000&#8243; screen_md=&#8220;600&#8243; screen_sm=&#8220;480&#8243; single_width=&#8220;6&#8243; single_overlay_opacity=&#8220;50&#8243; single_padding=&#8220;2&#8243;][\/vc_column][\/vc_row]<\/p>\n<\/div>","protected":false},"excerpt":{"rendered":"<p>[vc_row row_height_percent=&#8220;40&#8243; override_padding=&#8220;yes&#8220; h_padding=&#8220;2&#8243; top_padding=&#8220;2&#8243; bottom_padding=&#8220;3&#8243; back_color=&#8220;color-wayh&#8220; back_image=&#8220;74611&#8243; back_position=&#8220;right bottom&#8220; overlay_color=&#8220;accent&#8220; overlay_alpha=&#8220;55&#8243; gutter_size=&#8220;3&#8243; column_width_percent=&#8220;100&#8243; border_color=&#8220;accent&#8220; border_style=&#8220;solid&#8220; shift_y=&#8220;0&#8243; z_index=&#8220;0&#8243; bottom_divider=&#8220;swoosh-opacity&#8220; css=&#8220;.vc_custom_1618317535126{border-bottom-width: [&hellip;]<\/p>\n","protected":false},"author":1,"featured_media":0,"parent":75823,"menu_order":0,"comment_status":"closed","ping_status":"closed","template":"","meta":{"footnotes":""},"class_list":["post-75764","page","type-page","status-publish","hentry","page_category-produkty-de"],"_links":{"self":[{"href":"https:\/\/poliner.eu\/de\/wp-json\/wp\/v2\/pages\/75764","targetHints":{"allow":["GET"]}}],"collection":[{"href":"https:\/\/poliner.eu\/de\/wp-json\/wp\/v2\/pages"}],"about":[{"href":"https:\/\/poliner.eu\/de\/wp-json\/wp\/v2\/types\/page"}],"author":[{"embeddable":true,"href":"https:\/\/poliner.eu\/de\/wp-json\/wp\/v2\/users\/1"}],"replies":[{"embeddable":true,"href":"https:\/\/poliner.eu\/de\/wp-json\/wp\/v2\/comments?post=75764"}],"version-history":[{"count":4,"href":"https:\/\/poliner.eu\/de\/wp-json\/wp\/v2\/pages\/75764\/revisions"}],"predecessor-version":[{"id":76792,"href":"https:\/\/poliner.eu\/de\/wp-json\/wp\/v2\/pages\/75764\/revisions\/76792"}],"up":[{"embeddable":true,"href":"https:\/\/poliner.eu\/de\/wp-json\/wp\/v2\/pages\/75823"}],"wp:attachment":[{"href":"https:\/\/poliner.eu\/de\/wp-json\/wp\/v2\/media?parent=75764"}],"curies":[{"name":"wp","href":"https:\/\/api.w.org\/{rel}","templated":true}]}}