{"id":75778,"date":"2020-06-09T15:01:32","date_gmt":"2020-06-09T13:01:32","guid":{"rendered":"https:\/\/poliner.eu\/jeans-spreads-to-protect-the-liner\/"},"modified":"2023-10-10T15:32:47","modified_gmt":"2023-10-10T13:32:47","slug":"jeanskappen","status":"publish","type":"page","link":"https:\/\/poliner.eu\/de\/producte\/jeanskappen\/","title":{"rendered":"Jeanskappen"},"content":{"rendered":"<div class=\"wpb-content-wrapper\"><p>[vc_row row_height_percent=&#8220;40&#8243; override_padding=&#8220;yes&#8220; h_padding=&#8220;2&#8243; top_padding=&#8220;2&#8243; bottom_padding=&#8220;3&#8243; back_color=&#8220;color-wayh&#8220; back_image=&#8220;74811&#8243; back_position=&#8220;center center&#8220; overlay_color=&#8220;accent&#8220; overlay_alpha=&#8220;55&#8243; gutter_size=&#8220;3&#8243; column_width_percent=&#8220;100&#8243; border_color=&#8220;accent&#8220; border_style=&#8220;solid&#8220; shift_y=&#8220;0&#8243; z_index=&#8220;0&#8243; bottom_divider=&#8220;swoosh-opacity&#8220; css=&#8220;.vc_custom_1620906163116{border-bottom-width: 12px !important;}&#8220;][vc_column column_width_percent=&#8220;100&#8243; position_vertical=&#8220;middle&#8220; gutter_size=&#8220;3&#8243; style=&#8220;dark&#8220; overlay_alpha=&#8220;50&#8243; shift_x=&#8220;0&#8243; shift_y=&#8220;0&#8243; shift_y_down=&#8220;0&#8243; z_index=&#8220;0&#8243; medium_width=&#8220;0&#8243; mobile_width=&#8220;0&#8243; zoom_width=&#8220;0&#8243; zoom_height=&#8220;0&#8243; width=&#8220;1\/1&#8243;][vc_custom_heading heading_semantic=&#8220;h1&#8243; text_size=&#8220;&#8220; text_weight=&#8220;700&#8243; sub_lead=&#8220;yes&#8220; sub_reduced=&#8220;yes&#8220;]Jeanskappen[\/vc_custom_heading][\/vc_column][\/vc_row][vc_row row_height_percent=&#8220;0&#8243; override_padding=&#8220;yes&#8220; h_padding=&#8220;2&#8243; top_padding=&#8220;3&#8243; bottom_padding=&#8220;3&#8243; overlay_color=&#8220;color-xsdn&#8220; overlay_alpha=&#8220;70&#8243; gutter_size=&#8220;100&#8243; shift_y=&#8220;0&#8243; style=&#8220;inherited&#8220; row_name=&#8220;Welcome&#8220;][vc_column column_width_percent=&#8220;100&#8243; gutter_size=&#8220;3&#8243; overlay_alpha=&#8220;50&#8243; shift_x=&#8220;0&#8243; shift_y=&#8220;0&#8243; medium_width=&#8220;0&#8243; zoom_width=&#8220;0&#8243; zoom_height=&#8220;0&#8243; width=&#8220;1\/1&#8243;][vc_column_text el_class=&#8220;tresc-produkt&#8220; uncode_shortcode_id=&#8220;190461&#8243;]<strong>Die auf der Website enthaltenen Informationen stellen kein kommerzielles Angebot im Sinne von Paragrafen 66 Abs. 1 des Zivilgesetzbuches dar.<\/strong><br \/>\n<strong>Technische Daten in Bezug auf unsere Produkte k\u00f6nnen sich ohne vorherige Ank\u00fcndigung \u00e4ndern.<\/strong><\/p>\n<p>Die von uns angebotenen Jeanskappen werden aus rei\u00dffestem, robustem Baumwollstoff hergestellt. Sie wurden speziell f\u00fcr den Einsatz beim Einbau von CIPP-Auskleidungen entwickelt. Sie haben eine Schutzfunktion gegen \u00fcberm\u00e4\u00dfige Ausdehnung des Schlauchliners und sch\u00fctzen somit die Auskleidung vor m\u00f6glicher Besch\u00e4digung. Die Schutzjeans sch\u00fctzen die CIPP-Auskleidung vor dem \u00d6ffnen am Umfang ihrer Enden an der Stelle, wo die \u201eVerschlussstopfen\u201c \u2013 Packer\u201c eingebaut werden, sowie in den Zwischensch\u00e4chten, wo der Liner \u201efrei\u201c vom Kanal verl\u00e4uft.<\/p>\n<p>In unserem Angebot finden Sie Jeanskappen ohne und mit Verschluss f\u00fcr einen Durchmesserbereich von DN150 bis DN1200 mit einer Standardl\u00e4nge von L=1,6 m. Schutzjeans mit anderen Parametern sind auf Anfrage erh\u00e4ltlich. Jeanskappen mit Rei\u00dfverschluss erleichtern den Einbau der Kappen in Zwischensch\u00e4chten, wo sie auf die Auskleidung nach ihrem Einzug in den Kanal aufgesetzt werden.[\/vc_column_text][\/vc_column][\/vc_row][vc_row][vc_column width=&#8220;1\/1&#8243;][vc_gallery el_id=&#8220;gallery-949415&#8243; medias=&#8220;74798,74803,74809,74817&#8243; gutter_size=&#8220;3&#8243; screen_lg=&#8220;1000&#8243; screen_md=&#8220;600&#8243; screen_sm=&#8220;480&#8243; single_width=&#8220;6&#8243; images_size=&#8220;three-two&#8220; single_overlay_opacity=&#8220;50&#8243; single_padding=&#8220;2&#8243;][\/vc_column][\/vc_row]<\/p>\n<\/div>","protected":false},"excerpt":{"rendered":"<p>[vc_row row_height_percent=&#8220;40&#8243; override_padding=&#8220;yes&#8220; h_padding=&#8220;2&#8243; top_padding=&#8220;2&#8243; bottom_padding=&#8220;3&#8243; back_color=&#8220;color-wayh&#8220; back_image=&#8220;74811&#8243; back_position=&#8220;center center&#8220; overlay_color=&#8220;accent&#8220; overlay_alpha=&#8220;55&#8243; gutter_size=&#8220;3&#8243; column_width_percent=&#8220;100&#8243; border_color=&#8220;accent&#8220; border_style=&#8220;solid&#8220; shift_y=&#8220;0&#8243; z_index=&#8220;0&#8243; bottom_divider=&#8220;swoosh-opacity&#8220; css=&#8220;.vc_custom_1620906163116{border-bottom-width: [&hellip;]<\/p>\n","protected":false},"author":1,"featured_media":0,"parent":75823,"menu_order":0,"comment_status":"closed","ping_status":"closed","template":"","meta":{"footnotes":""},"class_list":["post-75778","page","type-page","status-publish","hentry","page_category-produkty-de"],"_links":{"self":[{"href":"https:\/\/poliner.eu\/de\/wp-json\/wp\/v2\/pages\/75778","targetHints":{"allow":["GET"]}}],"collection":[{"href":"https:\/\/poliner.eu\/de\/wp-json\/wp\/v2\/pages"}],"about":[{"href":"https:\/\/poliner.eu\/de\/wp-json\/wp\/v2\/types\/page"}],"author":[{"embeddable":true,"href":"https:\/\/poliner.eu\/de\/wp-json\/wp\/v2\/users\/1"}],"replies":[{"embeddable":true,"href":"https:\/\/poliner.eu\/de\/wp-json\/wp\/v2\/comments?post=75778"}],"version-history":[{"count":5,"href":"https:\/\/poliner.eu\/de\/wp-json\/wp\/v2\/pages\/75778\/revisions"}],"predecessor-version":[{"id":76794,"href":"https:\/\/poliner.eu\/de\/wp-json\/wp\/v2\/pages\/75778\/revisions\/76794"}],"up":[{"embeddable":true,"href":"https:\/\/poliner.eu\/de\/wp-json\/wp\/v2\/pages\/75823"}],"wp:attachment":[{"href":"https:\/\/poliner.eu\/de\/wp-json\/wp\/v2\/media?parent=75778"}],"curies":[{"name":"wp","href":"https:\/\/api.w.org\/{rel}","templated":true}]}}