{"id":75780,"date":"2020-06-09T14:53:18","date_gmt":"2020-06-09T12:53:18","guid":{"rendered":"https:\/\/poliner.eu\/gliding-foils\/"},"modified":"2023-10-10T15:32:38","modified_gmt":"2023-10-10T13:32:38","slug":"gleitfolien","status":"publish","type":"page","link":"https:\/\/poliner.eu\/de\/producte\/gleitfolien\/","title":{"rendered":"Gleitfolien"},"content":{"rendered":"<div class=\"wpb-content-wrapper\"><p>[vc_row row_height_percent=&#8220;40&#8243; override_padding=&#8220;yes&#8220; h_padding=&#8220;2&#8243; top_padding=&#8220;2&#8243; bottom_padding=&#8220;3&#8243; back_color=&#8220;color-wayh&#8220; back_image=&#8220;74772&#8243; back_position=&#8220;center bottom&#8220; overlay_color=&#8220;accent&#8220; overlay_alpha=&#8220;55&#8243; gutter_size=&#8220;3&#8243; column_width_percent=&#8220;100&#8243; border_color=&#8220;accent&#8220; border_style=&#8220;solid&#8220; shift_y=&#8220;0&#8243; z_index=&#8220;0&#8243; bottom_divider=&#8220;swoosh-opacity&#8220; css=&#8220;.vc_custom_1620904822427{border-bottom-width: 12px !important;}&#8220;][vc_column column_width_percent=&#8220;100&#8243; position_vertical=&#8220;middle&#8220; gutter_size=&#8220;3&#8243; style=&#8220;dark&#8220; overlay_alpha=&#8220;50&#8243; shift_x=&#8220;0&#8243; shift_y=&#8220;0&#8243; shift_y_down=&#8220;0&#8243; z_index=&#8220;0&#8243; medium_width=&#8220;0&#8243; mobile_width=&#8220;0&#8243; zoom_width=&#8220;0&#8243; zoom_height=&#8220;0&#8243; width=&#8220;1\/1&#8243;][vc_custom_heading heading_semantic=&#8220;h1&#8243; text_size=&#8220;&#8220; text_weight=&#8220;700&#8243; sub_lead=&#8220;yes&#8220; sub_reduced=&#8220;yes&#8220;]Gleitfolien[\/vc_custom_heading][\/vc_column][\/vc_row][vc_row row_height_percent=&#8220;0&#8243; override_padding=&#8220;yes&#8220; h_padding=&#8220;2&#8243; top_padding=&#8220;3&#8243; bottom_padding=&#8220;3&#8243; overlay_color=&#8220;color-xsdn&#8220; overlay_alpha=&#8220;70&#8243; gutter_size=&#8220;100&#8243; shift_y=&#8220;0&#8243; style=&#8220;inherited&#8220; row_name=&#8220;Welcome&#8220;][vc_column column_width_percent=&#8220;100&#8243; gutter_size=&#8220;3&#8243; overlay_alpha=&#8220;50&#8243; shift_x=&#8220;0&#8243; shift_y=&#8220;0&#8243; medium_width=&#8220;0&#8243; zoom_width=&#8220;0&#8243; zoom_height=&#8220;0&#8243; width=&#8220;1\/1&#8243;][vc_column_text el_class=&#8220;tresc-produkt&#8220; uncode_shortcode_id=&#8220;200161&#8243;]<strong>Die auf der Website enthaltenen Informationen stellen kein kommerzielles Angebot im Sinne von Paragrafen 66 Abs. 1 des Zivilgesetzbuches dar.<\/strong><br \/>\n<strong>Technische Daten in Bezug auf unsere Produkte k\u00f6nnen sich ohne vorherige Ank\u00fcndigung \u00e4ndern.<\/strong><\/p>\n<p>Vor dem Einbau der Linerauskleidung wird die sog. \u201eGleitfolie\u201c auf den Boden des alten Rohrs eingezogen, deren Aufgabe es ist, die Besch\u00e4digung der Auskleidung bei ihrem Einzug zu verhindern.<\/p>\n<p>Die von uns angebotene Gleitfolie zeichnet sich durch einen niedrigen Reibungsbeiwert aus, sodass die f\u00fcr das Einziehen der Auskleidung erforderlichen Kr\u00e4fte deutlich geringer sind. Bei schwereren Auskleidungen k\u00f6nnen zus\u00e4tzliche Trennmittel zwischen Gleitfolie und Schlauchliner aufgetragen werden, die durch die Reduktion der Oberfl\u00e4chenreibung zur Verringerung der beim Einzug des Schlauchliners erforderlichen Kr\u00e4fte f\u00fchren.[\/vc_column_text][vc_column_text]<\/p>\n<table border=\"0\">\n<tbody>\n<tr>\n<td style=\"text-align: center; color: #00a8e3;\" rowspan=\"2\">Lfd.-Nr.<\/td>\n<td style=\"text-align: center; color: #00a8e3;\" colspan=\"2\">Kanaldurchmesser DN [mm]<\/td>\n<td style=\"text-align: center; color: #00a8e3;\" rowspan=\"2\">Rollenbreite [mm]<\/td>\n<td style=\"text-align: center; color: #00a8e3;\" rowspan=\"2\">Menge pro Rolle [m]<\/td>\n<\/tr>\n<tr>\n<td style=\"text-align: center; border-left-width: 1px; color: #00a8e3;\">\u00dcber<\/td>\n<td style=\"text-align: center; color: #00a8e3;\">Bis einschlie\u00dflich<\/td>\n<\/tr>\n<tr>\n<td style=\"text-align: center; color: #00a8e3;\">1.<\/td>\n<td style=\"text-align: center;\">200<\/td>\n<td style=\"text-align: center;\">250<\/td>\n<td style=\"text-align: center;\">350<\/td>\n<td style=\"text-align: center;\">240<\/td>\n<\/tr>\n<tr>\n<td style=\"text-align: center; color: #00a8e3;\">2.<\/td>\n<td style=\"text-align: center;\">250<\/td>\n<td style=\"text-align: center;\">400<\/td>\n<td style=\"text-align: center;\">500<\/td>\n<td style=\"text-align: center;\">240<\/td>\n<\/tr>\n<tr>\n<td style=\"text-align: center; color: #00a8e3;\">3.<\/td>\n<td style=\"text-align: center;\">400<\/td>\n<td style=\"text-align: center;\">500<\/td>\n<td style=\"text-align: center;\">750<\/td>\n<td style=\"text-align: center;\">240<\/td>\n<\/tr>\n<tr>\n<td style=\"text-align: center; color: #00a8e3;\">4.<\/td>\n<td style=\"text-align: center;\">500<\/td>\n<td style=\"text-align: center;\">650<\/td>\n<td style=\"text-align: center;\">950<\/td>\n<td style=\"text-align: center;\">240<\/td>\n<\/tr>\n<tr>\n<td style=\"text-align: center; color: #00a8e3;\">5.<\/td>\n<td style=\"text-align: center;\">650<\/td>\n<td style=\"text-align: center;\">1000<\/td>\n<td style=\"text-align: center;\">1150<\/td>\n<td style=\"text-align: center;\">240<\/td>\n<\/tr>\n<tr>\n<td style=\"text-align: center; color: #00a8e3;\">6.<\/td>\n<td style=\"text-align: center;\">1000<\/td>\n<td style=\"text-align: center;\">1200<\/td>\n<td style=\"text-align: center;\">1350<\/td>\n<td style=\"text-align: center;\">240<\/td>\n<\/tr>\n<\/tbody>\n<\/table>\n<p>[\/vc_column_text][\/vc_column][\/vc_row][vc_row][vc_column width=&#8220;1\/1&#8243;][vc_gallery el_id=&#8220;gallery-203493&#8243; medias=&#8220;74770,74774,74777,74779&#8243; gutter_size=&#8220;3&#8243; screen_lg=&#8220;1000&#8243; screen_md=&#8220;600&#8243; screen_sm=&#8220;480&#8243; single_width=&#8220;6&#8243; images_size=&#8220;three-two&#8220; single_overlay_opacity=&#8220;50&#8243; single_padding=&#8220;2&#8243;][\/vc_column][\/vc_row]<\/p>\n<\/div>","protected":false},"excerpt":{"rendered":"<p>[vc_row row_height_percent=&#8220;40&#8243; override_padding=&#8220;yes&#8220; h_padding=&#8220;2&#8243; top_padding=&#8220;2&#8243; bottom_padding=&#8220;3&#8243; back_color=&#8220;color-wayh&#8220; back_image=&#8220;74772&#8243; back_position=&#8220;center bottom&#8220; overlay_color=&#8220;accent&#8220; overlay_alpha=&#8220;55&#8243; gutter_size=&#8220;3&#8243; column_width_percent=&#8220;100&#8243; border_color=&#8220;accent&#8220; border_style=&#8220;solid&#8220; shift_y=&#8220;0&#8243; z_index=&#8220;0&#8243; bottom_divider=&#8220;swoosh-opacity&#8220; css=&#8220;.vc_custom_1620904822427{border-bottom-width: [&hellip;]<\/p>\n","protected":false},"author":1,"featured_media":0,"parent":75823,"menu_order":0,"comment_status":"closed","ping_status":"closed","template":"","meta":{"footnotes":""},"class_list":["post-75780","page","type-page","status-publish","hentry","page_category-produkty-de"],"_links":{"self":[{"href":"https:\/\/poliner.eu\/de\/wp-json\/wp\/v2\/pages\/75780","targetHints":{"allow":["GET"]}}],"collection":[{"href":"https:\/\/poliner.eu\/de\/wp-json\/wp\/v2\/pages"}],"about":[{"href":"https:\/\/poliner.eu\/de\/wp-json\/wp\/v2\/types\/page"}],"author":[{"embeddable":true,"href":"https:\/\/poliner.eu\/de\/wp-json\/wp\/v2\/users\/1"}],"replies":[{"embeddable":true,"href":"https:\/\/poliner.eu\/de\/wp-json\/wp\/v2\/comments?post=75780"}],"version-history":[{"count":5,"href":"https:\/\/poliner.eu\/de\/wp-json\/wp\/v2\/pages\/75780\/revisions"}],"predecessor-version":[{"id":76793,"href":"https:\/\/poliner.eu\/de\/wp-json\/wp\/v2\/pages\/75780\/revisions\/76793"}],"up":[{"embeddable":true,"href":"https:\/\/poliner.eu\/de\/wp-json\/wp\/v2\/pages\/75823"}],"wp:attachment":[{"href":"https:\/\/poliner.eu\/de\/wp-json\/wp\/v2\/media?parent=75780"}],"curies":[{"name":"wp","href":"https:\/\/api.w.org\/{rel}","templated":true}]}}