{"id":75825,"date":"2018-04-09T10:14:38","date_gmt":"2018-04-09T08:14:38","guid":{"rendered":"https:\/\/poliner.eu\/home\/"},"modified":"2022-01-31T15:32:58","modified_gmt":"2022-01-31T14:32:58","slug":"home","status":"publish","type":"page","link":"https:\/\/poliner.eu\/de\/","title":{"rendered":"Hochwertige CIPP (eng. Cored in Place Pipe) &#8211; Linerauskleidungen f\u00fcr grabenlose Rohrleistungssanierung"},"content":{"rendered":"<div class=\"wpb-content-wrapper\"><p>[vc_row row_height_percent=&#8220;0&#8243; override_padding=&#8220;yes&#8220; h_padding=&#8220;2&#8243; top_padding=&#8220;4&#8243; bottom_padding=&#8220;4&#8243; back_image=&#8220;73298&#8243; back_attachment=&#8220;fixed&#8220; back_position=&#8220;right center&#8220; overlay_color=&#8220;color-xsdn&#8220; overlay_alpha=&#8220;95&#8243; equal_height=&#8220;yes&#8220; gutter_size=&#8220;4&#8243; column_width_percent=&#8220;100&#8243; border_color=&#8220;accent&#8220; border_style=&#8220;solid&#8220; shift_y=&#8220;0&#8243; z_index=&#8220;0&#8243; bottom_divider=&#8220;swoosh-opacity&#8220; css=&#8220;.vc_custom_1571911601947{border-top-width: 12px !important;}&#8220;][vc_column column_width_percent=&#8220;100&#8243; gutter_size=&#8220;3&#8243; overlay_alpha=&#8220;50&#8243; shift_x=&#8220;0&#8243; shift_y=&#8220;0&#8243; shift_y_down=&#8220;0&#8243; z_index=&#8220;0&#8243; medium_width=&#8220;3&#8243; mobile_width=&#8220;0&#8243; width=&#8220;1\/3&#8243;][vc_icon icon=&#8220;fa fa-check&#8220; icon_color=&#8220;accent&#8220; background_style=&#8220;fa-rounded&#8220; size=&#8220;fa-3x&#8220; outline=&#8220;yes&#8220; text_size=&#8220;h4&#8243; text_weight=&#8220;800&#8243; text_lead=&#8220;yes&#8220; text_reduced=&#8220;yes&#8220; css_animation=&#8220;zoom-out&#8220; animation_delay=&#8220;200&#8243; align=&#8220;left&#8220; title=&#8220;Moderne Technologien&#8220;]Wir setzen auf technologische Entwicklung, so dass wir anspruchsvolle Auftr\u00e4ge \u00fcbernehmen k\u00f6nnen.[\/vc_icon][\/vc_column][vc_column column_width_percent=&#8220;100&#8243; gutter_size=&#8220;3&#8243; overlay_alpha=&#8220;50&#8243; shift_x=&#8220;0&#8243; shift_y=&#8220;0&#8243; shift_y_down=&#8220;0&#8243; z_index=&#8220;0&#8243; medium_width=&#8220;3&#8243; mobile_width=&#8220;0&#8243; width=&#8220;1\/3&#8243;][vc_icon icon=&#8220;fa fa-crosshairs&#8220; icon_color=&#8220;accent&#8220; background_style=&#8220;fa-rounded&#8220; size=&#8220;fa-3x&#8220; outline=&#8220;yes&#8220; text_size=&#8220;h4&#8243; text_weight=&#8220;800&#8243; text_lead=&#8220;yes&#8220; text_reduced=&#8220;yes&#8220; css_animation=&#8220;zoom-out&#8220; animation_delay=&#8220;400&#8243; align=&#8220;left&#8220; title=&#8220;Qualifiziertes Fachpersonal&#8220;]Wir setzen auf kontinuierliche Weiterentwicklung der Mitarbeiter und angemessene Arbeitsorganisation der Teams.[\/vc_icon][\/vc_column][vc_column column_width_percent=&#8220;100&#8243; gutter_size=&#8220;3&#8243; overlay_alpha=&#8220;50&#8243; shift_x=&#8220;0&#8243; shift_y=&#8220;0&#8243; shift_y_down=&#8220;0&#8243; z_index=&#8220;0&#8243; medium_width=&#8220;3&#8243; mobile_visibility=&#8220;yes&#8220; mobile_width=&#8220;0&#8243; width=&#8220;1\/3&#8243;][vc_icon icon=&#8220;fa fa-leaf&#8220; icon_color=&#8220;accent&#8220; background_style=&#8220;fa-rounded&#8220; size=&#8220;fa-3x&#8220; outline=&#8220;yes&#8220; text_size=&#8220;h4&#8243; text_weight=&#8220;800&#8243; text_lead=&#8220;yes&#8220; text_reduced=&#8220;yes&#8220; css_animation=&#8220;zoom-out&#8220; animation_delay=&#8220;600&#8243; align=&#8220;left&#8220; title=&#8220;\u00d6kologie&#8220;]Wir setzen Technologien ein, die im Vergleich zu herk\u00f6mmlichen L\u00f6sungen nur sehr geringe Auswirkungen auf die Umwelt haben.[\/vc_icon][\/vc_column][\/vc_row][vc_row unlock_row_content=&#8220;yes&#8220; row_height_percent=&#8220;0&#8243; back_color=&#8220;accent&#8220; overlay_alpha=&#8220;0&#8243; gutter_size=&#8220;100&#8243; column_width_percent=&#8220;100&#8243; shift_y=&#8220;0&#8243; z_index=&#8220;0&#8243; style=&#8220;inherited&#8220;][vc_column column_width_percent=&#8220;100&#8243; align_horizontal=&#8220;align_center&#8220; gutter_size=&#8220;4&#8243; style=&#8220;dark&#8220; overlay_alpha=&#8220;100&#8243; shift_x=&#8220;0&#8243; shift_y=&#8220;0&#8243; shift_y_down=&#8220;0&#8243; z_index=&#8220;0&#8243; medium_width=&#8220;0&#8243; mobile_width=&#8220;0&#8243; zoom_width=&#8220;0&#8243; zoom_height=&#8220;0&#8243; width=&#8220;1\/1&#8243; mobile_width_full=&#8220;&#8220;][vc_row_inner row_inner_height_percent=&#8220;0&#8243; overlay_alpha=&#8220;50&#8243; gutter_size=&#8220;3&#8243; shift_y=&#8220;0&#8243; z_index=&#8220;0&#8243;][vc_column_inner column_width_percent=&#8220;50&#8243; align_horizontal=&#8220;align_center&#8220; gutter_size=&#8220;3&#8243; overlay_alpha=&#8220;50&#8243; shift_x=&#8220;0&#8243; shift_x_fixed=&#8220;yes&#8220; shift_y=&#8220;0&#8243; shift_y_down=&#8220;0&#8243; z_index=&#8220;0&#8243; medium_width=&#8220;0&#8243; mobile_width=&#8220;0&#8243; width=&#8220;1\/1&#8243;][vc_custom_heading text_color=&#8220;color-xsdn&#8220; text_size=&#8220;h1&#8243; text_weight=&#8220;300&#8243;]Lesen Sie die neuesten Nachrichten aus unserem Unternehmen:[\/vc_custom_heading][\/vc_column_inner][\/vc_row_inner][vc_row_inner][vc_column_inner column_width_percent=&#8220;100&#8243; gutter_size=&#8220;3&#8243; style=&#8220;light&#8220; overlay_alpha=&#8220;50&#8243; shift_x=&#8220;0&#8243; shift_y=&#8220;0&#8243; shift_y_down=&#8220;0&#8243; z_index=&#8220;0&#8243; medium_width=&#8220;0&#8243; mobile_width=&#8220;0&#8243; width=&#8220;1\/1&#8243;][uncode_index el_id=&#8220;index-197162&#8243; index_type=&#8220;carousel&#8220; carousel_lg=&#8220;4&#8243; carousel_md=&#8220;3&#8243; carousel_sm=&#8220;1&#8243; thumb_size=&#8220;sixteen-nine&#8220; gutter_size=&#8220;3&#8243; post_items=&#8220;media|featured|onpost|original,title,text|excerpt|30,sep-one|full,link|link&#8220; carousel_interval=&#8220;3000&#8243; carousel_navspeed=&#8220;400&#8243; carousel_loop=&#8220;yes&#8220; carousel_dots=&#8220;yes&#8220; stage_padding=&#8220;0&#8243; single_back_color=&#8220;color-xsdn&#8220; single_shape=&#8220;round&#8220; single_overlay_color=&#8220;accent&#8220; single_overlay_opacity=&#8220;50&#8243; single_padding=&#8220;2&#8243; single_title_dimension=&#8220;h4&#8243; single_shadow=&#8220;yes&#8220; shadow_darker=&#8220;yes&#8220; single_css_animation=&#8220;zoom-in&#8220; single_animation_delay=&#8220;300&#8243;][\/vc_column_inner][\/vc_row_inner][\/vc_column][\/vc_row][vc_row row_height_percent=&#8220;0&#8243; back_color=&#8220;color-xsdn&#8220; overlay_alpha=&#8220;0&#8243; gutter_size=&#8220;100&#8243; column_width_percent=&#8220;100&#8243; border_color=&#8220;accent&#8220; border_style=&#8220;solid&#8220; shift_y=&#8220;0&#8243; z_index=&#8220;0&#8243; style=&#8220;inherited&#8220; css=&#8220;.vc_custom_1634893757870{border-bottom-width: 50px !important;}&#8220; uncode_shortcode_id=&#8220;165823&#8243; back_color_type=&#8220;uncode-palette&#8220; border_color_type=&#8220;uncode-palette&#8220;][vc_column column_width_percent=&#8220;100&#8243; align_horizontal=&#8220;align_center&#8220; gutter_size=&#8220;4&#8243; style=&#8220;dark&#8220; overlay_alpha=&#8220;100&#8243; shift_x=&#8220;0&#8243; shift_y=&#8220;0&#8243; shift_y_down=&#8220;0&#8243; z_index=&#8220;0&#8243; medium_width=&#8220;0&#8243; mobile_width=&#8220;0&#8243; zoom_width=&#8220;0&#8243; zoom_height=&#8220;0&#8243; width=&#8220;1\/1&#8243; mobile_width_full=&#8220;&#8220;][vc_row_inner row_inner_height_percent=&#8220;0&#8243; overlay_alpha=&#8220;50&#8243; gutter_size=&#8220;3&#8243; shift_y=&#8220;0&#8243; z_index=&#8220;0&#8243;][vc_column_inner column_width_percent=&#8220;50&#8243; align_horizontal=&#8220;align_center&#8220; gutter_size=&#8220;3&#8243; overlay_alpha=&#8220;50&#8243; shift_x=&#8220;0&#8243; shift_x_fixed=&#8220;yes&#8220; shift_y=&#8220;0&#8243; shift_y_down=&#8220;0&#8243; z_index=&#8220;0&#8243; medium_width=&#8220;0&#8243; mobile_width=&#8220;0&#8243; width=&#8220;1\/1&#8243;][vc_custom_heading text_size=&#8220;h1&#8243; text_weight=&#8220;300&#8243;]Diese Kunden haben uns ihr Vertrauen geschenkt[\/vc_custom_heading][\/vc_column_inner][\/vc_row_inner][vc_gallery el_id=&#8220;gallery-169440&#8243; type=&#8220;carousel&#8220; medias=&#8220;75477,75471,75473,75479,75481,75475,75467,75469,75488&#8243; carousel_lg=&#8220;6&#8243; carousel_md=&#8220;3&#8243; carousel_sm=&#8220;2&#8243; gutter_size=&#8220;3&#8243; carousel_height=&#8220;equal&#8220; carousel_interval=&#8220;3000&#8243; carousel_navspeed=&#8220;400&#8243; carousel_loop=&#8220;yes&#8220; carousel_nav=&#8220;yes&#8220; stage_padding=&#8220;0&#8243; single_overlay_opacity=&#8220;50&#8243; single_h_align=&#8220;center&#8220; single_padding=&#8220;2&#8243; single_border=&#8220;yes&#8220; uncode_shortcode_id=&#8220;201892&#8243;][\/vc_column][\/vc_row][vc_row row_height_percent=&#8220;0&#8243; override_padding=&#8220;yes&#8220; h_padding=&#8220;2&#8243; top_padding=&#8220;0&#8243; bottom_padding=&#8220;0&#8243; back_color=&#8220;color-lxmt&#8220; back_image=&#8220;73298&#8243; parallax=&#8220;yes&#8220; overlay_color=&#8220;color-xsdn&#8220; overlay_alpha=&#8220;90&#8243; gutter_size=&#8220;3&#8243; column_width_percent=&#8220;100&#8243; shift_y=&#8220;0&#8243; z_index=&#8220;2&#8243; bottom_divider=&#8220;swoosh-opacity&#8220;][vc_column column_width_use_pixel=&#8220;yes&#8220; position_vertical=&#8220;middle&#8220; align_horizontal=&#8220;align_center&#8220; gutter_size=&#8220;3&#8243; overlay_alpha=&#8220;50&#8243; shift_x=&#8220;0&#8243; shift_y=&#8220;0&#8243; shift_y_down=&#8220;0&#8243; shift_y_down_fixed=&#8220;yes&#8220; z_index=&#8220;0&#8243; medium_width=&#8220;0&#8243; align_mobile=&#8220;align_center_mobile&#8220; mobile_width=&#8220;0&#8243; css_animation=&#8220;zoom-out&#8220; animation_delay=&#8220;200&#8243; width=&#8220;1\/2&#8243; column_width_pixel=&#8220;1000&#8243;][vc_row_inner][vc_column_inner column_width_use_pixel=&#8220;yes&#8220; align_horizontal=&#8220;align_center&#8220; gutter_size=&#8220;2&#8243; override_padding=&#8220;yes&#8220; column_padding=&#8220;0&#8243; overlay_alpha=&#8220;50&#8243; shift_x=&#8220;0&#8243; shift_y=&#8220;0&#8243; shift_y_down=&#8220;0&#8243; z_index=&#8220;0&#8243; medium_width=&#8220;0&#8243; mobile_width=&#8220;0&#8243; width=&#8220;1\/1&#8243; column_width_pixel=&#8220;600&#8243;][vc_empty_space empty_h=&#8220;1&#8243;][vc_custom_heading text_size=&#8220;h1&#8243; text_weight=&#8220;300&#8243;]Referenzen[\/vc_custom_heading][vc_custom_heading text_color=&#8220;color-wvjs&#8220; heading_semantic=&#8220;h3&#8243; text_size=&#8220;h4&#8243; text_weight=&#8220;300&#8243;]<\/p>\n<div class=\"heading-text el-text\">\n<p class=\"h4 text-color-prif-color text-uppercase\"><span style=\"color: #333333; font-size: 16px;\">WIR GLAUBEN, DASS DIE HOHE QUALIT\u00c4T DER VON UNS ERBRACHTEN DIENSTLEISTUNGEN DER BESTE BEWEIS F\u00dcR DIE ZUVERL\u00c4SSIGKEIT UNSERER MASSNAHMEN IST. DESHALB GEBEN WIR UNS ALLE M\u00dcHE, DAMIT UNSERE ARBEIT IM EINKLANG MIT DEN ERWARTUNGEN UNSERER KUNDEN AUSGEF\u00dcHRT WIRD.<\/span><\/p>\n<\/div>\n<p>[\/vc_custom_heading][\/vc_column_inner][\/vc_row_inner][\/vc_column][vc_column column_width_percent=&#8220;100&#8243; gutter_size=&#8220;3&#8243; overlay_alpha=&#8220;50&#8243; shift_x=&#8220;0&#8243; shift_y=&#8220;-2&#8243; shift_y_down=&#8220;-4&#8243; z_index=&#8220;0&#8243; medium_width=&#8220;0&#8243; mobile_width=&#8220;0&#8243; css_animation=&#8220;right-t-left&#8220; animation_delay=&#8220;600&#8243; width=&#8220;1\/2&#8243;][vc_single_image media=&#8220;73064&#8243; media_lightbox=&#8220;yes&#8220; media_width_percent=&#8220;100&#8243; lbox_dir=&#8220;vertical&#8220; media_link=&#8220;url:https%3A%2F%2Fpoliner.eu%2Fwp-content%2Fuploads%2F2018%2F08%2Freferencja-2.jpg|target:_blank&#8220;][\/vc_column][\/vc_row][vc_row row_height_percent=&#8220;0&#8243; override_padding=&#8220;yes&#8220; h_padding=&#8220;2&#8243; top_padding=&#8220;6&#8243; bottom_padding=&#8220;5&#8243; back_color=&#8220;color-lxmt&#8220; back_image=&#8220;72865&#8243; back_position=&#8220;center bottom&#8220; parallax=&#8220;yes&#8220; overlay_color=&#8220;accent&#8220; overlay_alpha=&#8220;88&#8243; gutter_size=&#8220;100&#8243; column_width_percent=&#8220;100&#8243; shift_y=&#8220;0&#8243; z_index=&#8220;0&#8243; top_divider=&#8220;swoosh-opacity&#8220; bottom_divider=&#8220;swoosh-opacity&#8220; style=&#8220;inherited&#8220; el_class=&#8220;gradient&#8220;][vc_column column_width_use_pixel=&#8220;yes&#8220; position_vertical=&#8220;middle&#8220; align_horizontal=&#8220;align_center&#8220; gutter_size=&#8220;2&#8243; overlay_alpha=&#8220;100&#8243; shift_x=&#8220;0&#8243; shift_y=&#8220;0&#8243; shift_y_down=&#8220;0&#8243; z_index=&#8220;0&#8243; medium_width=&#8220;0&#8243; mobile_width=&#8220;0&#8243; css_animation=&#8220;zoom-in&#8220; animation_speed=&#8220;600&#8243; animation_delay=&#8220;200&#8243; zoom_width=&#8220;0&#8243; zoom_height=&#8220;0&#8243; width=&#8220;1\/1&#8243; column_width_pixel=&#8220;900&#8243;][vc_row_inner][vc_column_inner column_width_use_pixel=&#8220;yes&#8220; align_horizontal=&#8220;align_center&#8220; gutter_size=&#8220;2&#8243; style=&#8220;dark&#8220; overlay_alpha=&#8220;50&#8243; shift_x=&#8220;0&#8243; shift_y=&#8220;0&#8243; shift_y_down=&#8220;0&#8243; z_index=&#8220;0&#8243; medium_width=&#8220;0&#8243; mobile_width=&#8220;0&#8243; width=&#8220;1\/1&#8243; column_width_pixel=&#8220;600&#8243;][vc_custom_heading text_color=&#8220;color-xsdn&#8220; text_size=&#8220;&#8220; text_transform=&#8220;uppercase&#8220;]WIR LADEN SIE EIN, SICH UNSER ANGEBOT ANZUSCHAUEN[\/vc_custom_heading][vc_empty_space empty_h=&#8220;2&#8243;][vc_button border_width=&#8220;0&#8243; link=&#8220;url:http%3A%2F%2Fpoliner.eu%2Foferta%2F|title:Oferta&#8220;]DETAILS ANZEIGEN[\/vc_button][\/vc_column_inner][\/vc_row_inner][\/vc_column][\/vc_row]<\/p>\n<\/div>","protected":false},"excerpt":{"rendered":"<p>[vc_row row_height_percent=&#8220;0&#8243; override_padding=&#8220;yes&#8220; h_padding=&#8220;2&#8243; top_padding=&#8220;4&#8243; bottom_padding=&#8220;4&#8243; back_image=&#8220;73298&#8243; back_attachment=&#8220;fixed&#8220; back_position=&#8220;right center&#8220; overlay_color=&#8220;color-xsdn&#8220; overlay_alpha=&#8220;95&#8243; equal_height=&#8220;yes&#8220; gutter_size=&#8220;4&#8243; column_width_percent=&#8220;100&#8243; border_color=&#8220;accent&#8220; border_style=&#8220;solid&#8220; shift_y=&#8220;0&#8243; z_index=&#8220;0&#8243; bottom_divider=&#8220;swoosh-opacity&#8220; [&hellip;]<\/p>\n","protected":false},"author":1,"featured_media":75827,"parent":0,"menu_order":0,"comment_status":"closed","ping_status":"closed","template":"","meta":{"footnotes":""},"class_list":["post-75825","page","type-page","status-publish","has-post-thumbnail","hentry","page_category-creative-de"],"_links":{"self":[{"href":"https:\/\/poliner.eu\/de\/wp-json\/wp\/v2\/pages\/75825","targetHints":{"allow":["GET"]}}],"collection":[{"href":"https:\/\/poliner.eu\/de\/wp-json\/wp\/v2\/pages"}],"about":[{"href":"https:\/\/poliner.eu\/de\/wp-json\/wp\/v2\/types\/page"}],"author":[{"embeddable":true,"href":"https:\/\/poliner.eu\/de\/wp-json\/wp\/v2\/users\/1"}],"replies":[{"embeddable":true,"href":"https:\/\/poliner.eu\/de\/wp-json\/wp\/v2\/comments?post=75825"}],"version-history":[{"count":10,"href":"https:\/\/poliner.eu\/de\/wp-json\/wp\/v2\/pages\/75825\/revisions"}],"predecessor-version":[{"id":76203,"href":"https:\/\/poliner.eu\/de\/wp-json\/wp\/v2\/pages\/75825\/revisions\/76203"}],"wp:featuredmedia":[{"embeddable":true,"href":"https:\/\/poliner.eu\/de\/wp-json\/wp\/v2\/media\/75827"}],"wp:attachment":[{"href":"https:\/\/poliner.eu\/de\/wp-json\/wp\/v2\/media?parent=75825"}],"curies":[{"name":"wp","href":"https:\/\/api.w.org\/{rel}","templated":true}]}}