{"id":75828,"date":"2014-12-15T18:14:09","date_gmt":"2014-12-15T17:14:09","guid":{"rendered":"https:\/\/poliner.eu\/contact\/"},"modified":"2025-10-27T09:48:46","modified_gmt":"2025-10-27T08:48:46","slug":"contact","status":"publish","type":"page","link":"https:\/\/poliner.eu\/de\/contact\/","title":{"rendered":"Contact"},"content":{"rendered":"<div class=\"wpb-content-wrapper\"><p>[vc_row row_height_percent=&#8220;40&#8243; back_color=&#8220;color-wayh&#8220; back_image=&#8220;72946&#8243; back_position=&#8220;center center&#8220; overlay_color=&#8220;accent&#8220; overlay_alpha=&#8220;66&#8243; gutter_size=&#8220;3&#8243; column_width_percent=&#8220;100&#8243; border_color=&#8220;accent&#8220; border_style=&#8220;solid&#8220; shift_y=&#8220;0&#8243; z_index=&#8220;0&#8243; bottom_divider=&#8220;swoosh-opacity&#8220; css=&#8220;.vc_custom_1571910881345{border-bottom-width: 12px !important;}&#8220;][vc_column column_width_percent=&#8220;100&#8243; position_vertical=&#8220;middle&#8220; gutter_size=&#8220;3&#8243; style=&#8220;dark&#8220; overlay_alpha=&#8220;50&#8243; shift_x=&#8220;0&#8243; shift_y=&#8220;0&#8243; shift_y_down=&#8220;0&#8243; z_index=&#8220;0&#8243; medium_width=&#8220;0&#8243; mobile_width=&#8220;0&#8243; zoom_width=&#8220;0&#8243; zoom_height=&#8220;0&#8243; width=&#8220;1\/1&#8243;][vc_custom_heading text_color=&#8220;color-xsdn&#8220; heading_semantic=&#8220;h1&#8243; text_font=&#8220;font-555555&#8243; text_size=&#8220;&#8220; text_weight=&#8220;700&#8243; sub_reduced=&#8220;yes&#8220; text_align=&#8220;text-center&#8220; subheading=&#8220;Wenn Sie an unserem Angebot interessiert sind, schreiben Sie uns bitte.&#8220;]Kontakt[\/vc_custom_heading][\/vc_column][\/vc_row][vc_row row_height_percent=&#8220;0&#8243; override_padding=&#8220;yes&#8220; h_padding=&#8220;2&#8243; top_padding=&#8220;5&#8243; bottom_padding=&#8220;5&#8243; back_image=&#8220;73298&#8243; back_attachment=&#8220;fixed&#8220; back_position=&#8220;left top&#8220; parallax=&#8220;yes&#8220; overlay_color=&#8220;color-xsdn&#8220; overlay_alpha=&#8220;98&#8243; gutter_size=&#8220;100&#8243; column_width_percent=&#8220;100&#8243; shift_y=&#8220;0&#8243; z_index=&#8220;0&#8243; style=&#8220;inherited&#8220;][vc_column column_width_use_pixel=&#8220;yes&#8220; align_horizontal=&#8220;align_center&#8220; gutter_size=&#8220;4&#8243; overlay_alpha=&#8220;100&#8243; shift_x=&#8220;0&#8243; shift_y=&#8220;0&#8243; z_index=&#8220;0&#8243; medium_width=&#8220;100&#8243; zoom_width=&#8220;0&#8243; zoom_height=&#8220;0&#8243; width=&#8220;1\/1&#8243; column_width_pixel=&#8220;1000&#8243;][vc_row_inner row_inner_height_percent=&#8220;0&#8243; overlay_alpha=&#8220;100&#8243; gutter_size=&#8220;3&#8243; shift_y=&#8220;0&#8243; limit_content=&#8220;&#8220;][vc_column_inner column_width_percent=&#8220;100&#8243; align_horizontal=&#8220;align_center&#8220; gutter_size=&#8220;3&#8243; overlay_alpha=&#8220;50&#8243; shift_x=&#8220;0&#8243; shift_y=&#8220;0&#8243; shift_y_down=&#8220;0&#8243; z_index=&#8220;0&#8243; medium_width=&#8220;0&#8243; mobile_width=&#8220;0&#8243; width=&#8220;1\/3&#8243;][\/vc_column_inner][vc_column_inner column_width_percent=&#8220;100&#8243; align_horizontal=&#8220;align_center&#8220; gutter_size=&#8220;3&#8243; overlay_alpha=&#8220;100&#8243; shift_x=&#8220;0&#8243; shift_y=&#8220;0&#8243; shift_y_down=&#8220;0&#8243; z_index=&#8220;0&#8243; medium_width=&#8220;0&#8243; mobile_width=&#8220;0&#8243; zoom_width=&#8220;0&#8243; zoom_height=&#8220;0&#8243; width=&#8220;1\/3&#8243;][vc_icon icon=&#8220;fa fa-home-outline&#8220; size=&#8220;fa-4x&#8220; title=&#8220;POliner sp. z o.o.&#8220; uncode_shortcode_id=&#8220;204598&#8243;]Grzywna 174<br \/>\n87-140 Che\u0142m\u017ca<br \/>\nNIP PL 611-27-29-028<br \/>\nREGON 022049176<br \/>\nbiuro@poliner.eu[\/vc_icon][\/vc_column_inner][vc_column_inner column_width_percent=&#8220;100&#8243; align_horizontal=&#8220;align_center&#8220; gutter_size=&#8220;3&#8243; overlay_alpha=&#8220;50&#8243; shift_x=&#8220;0&#8243; shift_y=&#8220;0&#8243; shift_y_down=&#8220;0&#8243; z_index=&#8220;0&#8243; medium_width=&#8220;0&#8243; mobile_width=&#8220;0&#8243; width=&#8220;1\/3&#8243;][\/vc_column_inner][\/vc_row_inner][\/vc_column][\/vc_row][vc_row row_height_percent=&#8220;0&#8243; override_padding=&#8220;yes&#8220; h_padding=&#8220;0&#8243; top_padding=&#8220;0&#8243; bottom_padding=&#8220;5&#8243; back_image=&#8220;73298&#8243; back_attachment=&#8220;fixed&#8220; back_position=&#8220;left top&#8220; parallax=&#8220;yes&#8220; overlay_color=&#8220;color-xsdn&#8220; overlay_alpha=&#8220;98&#8243; gutter_size=&#8220;100&#8243; column_width_percent=&#8220;100&#8243; shift_y=&#8220;0&#8243; z_index=&#8220;0&#8243; style=&#8220;inherited&#8220; el_class=&#8220;kontakt-nasz-zespol&#8220;][vc_column column_width_percent=&#8220;100&#8243; align_horizontal=&#8220;align_center&#8220; gutter_size=&#8220;4&#8243; overlay_alpha=&#8220;100&#8243; shift_x=&#8220;0&#8243; shift_y=&#8220;0&#8243; shift_y_down=&#8220;0&#8243; z_index=&#8220;0&#8243; medium_width=&#8220;100&#8243; mobile_width=&#8220;0&#8243; zoom_width=&#8220;0&#8243; zoom_height=&#8220;0&#8243; width=&#8220;1\/1&#8243;][vc_row_inner row_inner_height_percent=&#8220;0&#8243; overlay_alpha=&#8220;100&#8243; gutter_size=&#8220;3&#8243; shift_y=&#8220;0&#8243; z_index=&#8220;0&#8243; limit_content=&#8220;&#8220;][vc_column_inner column_width_percent=&#8220;100&#8243; gutter_size=&#8220;3&#8243; overlay_alpha=&#8220;100&#8243; shift_x=&#8220;0&#8243; shift_y=&#8220;0&#8243; shift_y_down=&#8220;0&#8243; z_index=&#8220;0&#8243; medium_width=&#8220;0&#8243; mobile_width=&#8220;0&#8243; zoom_width=&#8220;0&#8243; zoom_height=&#8220;0&#8243; width=&#8220;1\/1&#8243;][vc_custom_heading text_size=&#8220;h1&#8243;]Unser Team[\/vc_custom_heading][\/vc_column_inner][\/vc_row_inner][vc_row_inner row_inner_height_percent=&#8220;0&#8243; overlay_alpha=&#8220;100&#8243; gutter_size=&#8220;3&#8243; shift_y=&#8220;0&#8243; z_index=&#8220;0&#8243; limit_content=&#8220;&#8220;][vc_column_inner column_width_percent=&#8220;100&#8243; align_horizontal=&#8220;align_center&#8220; gutter_size=&#8220;3&#8243; overlay_alpha=&#8220;100&#8243; shift_x=&#8220;0&#8243; shift_y=&#8220;0&#8243; shift_y_down=&#8220;0&#8243; z_index=&#8220;0&#8243; medium_width=&#8220;0&#8243; mobile_width=&#8220;0&#8243; zoom_width=&#8220;0&#8243; zoom_height=&#8220;0&#8243; width=&#8220;1\/4&#8243;][vc_icon icon=&#8220;fa fa-home-outline&#8220; icon_image=&#8220;73964&#8243; title=&#8220;Tomasz Micha\u0142 Go\u017adzior&#8220;]Gesch\u00e4ftsf\u00fchrer<br \/>\nt.gozdzior@poliner.eu[\/vc_icon][\/vc_column_inner][vc_column_inner column_width_percent=&#8220;100&#8243; align_horizontal=&#8220;align_center&#8220; gutter_size=&#8220;3&#8243; overlay_alpha=&#8220;50&#8243; shift_x=&#8220;0&#8243; shift_y=&#8220;0&#8243; shift_y_down=&#8220;0&#8243; z_index=&#8220;0&#8243; medium_width=&#8220;0&#8243; mobile_width=&#8220;0&#8243; width=&#8220;1\/4&#8243;][vc_icon icon=&#8220;fa fa-home-outline&#8220; icon_image=&#8220;73966&#8243; title=&#8220;Jacek Sztacha\u0144ski&#8220;]Stellvertretender Gesch\u00e4ftsf\u00fchrer<br \/>\nj.sztachanski@poliner.eu[\/vc_icon][\/vc_column_inner][vc_column_inner column_width_percent=&#8220;100&#8243; align_horizontal=&#8220;align_center&#8220; gutter_size=&#8220;3&#8243; overlay_alpha=&#8220;50&#8243; shift_x=&#8220;0&#8243; shift_y=&#8220;0&#8243; shift_y_down=&#8220;0&#8243; z_index=&#8220;0&#8243; medium_width=&#8220;0&#8243; mobile_width=&#8220;0&#8243; width=&#8220;1\/4&#8243;][vc_icon icon=&#8220;fa fa-home-outline&#8220; icon_image=&#8220;73970&#8243; title=&#8220;Katarzyna Glamowska&#8220;]Buchhalterin<br \/>\nk.glamowska@poliner.eu<br \/>\n+48 523 33 34 64<br \/>\n+48 607 717 577[\/vc_icon][\/vc_column_inner][vc_column_inner column_width_percent=&#8220;100&#8243; align_horizontal=&#8220;align_center&#8220; gutter_size=&#8220;3&#8243; overlay_alpha=&#8220;50&#8243; shift_x=&#8220;0&#8243; shift_y=&#8220;0&#8243; shift_y_down=&#8220;0&#8243; z_index=&#8220;0&#8243; medium_width=&#8220;0&#8243; mobile_width=&#8220;0&#8243; width=&#8220;1\/4&#8243;][vc_icon icon=&#8220;fa fa-home-outline&#8220; icon_image=&#8220;73972&#8243; title=&#8220;Maja Poliwodzi\u0144ska&#8220;]Spezialistin f\u00fcr Personalwesen und Lohnbuchhaltung<br \/>\nm.poliwodzinska@poliner.eu<br \/>\npraca@poliner.eu<br \/>\n+48 523 33 34 64<br \/>\n+48 605 256 138[\/vc_icon][\/vc_column_inner][\/vc_row_inner][vc_row_inner row_inner_height_percent=&#8220;0&#8243; overlay_alpha=&#8220;100&#8243; gutter_size=&#8220;3&#8243; shift_y=&#8220;0&#8243; z_index=&#8220;0&#8243; limit_content=&#8220;&#8220;][vc_column_inner column_width_percent=&#8220;100&#8243; align_horizontal=&#8220;align_center&#8220; gutter_size=&#8220;3&#8243; overlay_alpha=&#8220;100&#8243; shift_x=&#8220;0&#8243; shift_y=&#8220;0&#8243; shift_y_down=&#8220;0&#8243; z_index=&#8220;0&#8243; medium_width=&#8220;0&#8243; mobile_width=&#8220;0&#8243; zoom_width=&#8220;0&#8243; zoom_height=&#8220;0&#8243; width=&#8220;1\/4&#8243;][vc_icon icon=&#8220;fa fa-home-outline&#8220; icon_image=&#8220;73974&#8243; title=&#8220;Andrzej Piersa&#8220;]B\u00fcroassistent \u2013 Spezialist f\u00fcr Umweltschutz<br \/>\na.piersa@poliner.eu<br \/>\n+48 523 33 34 62<br \/>\n+48 603 520 039[\/vc_icon][\/vc_column_inner][vc_column_inner column_width_percent=&#8220;100&#8243; align_horizontal=&#8220;align_center&#8220; gutter_size=&#8220;3&#8243; overlay_alpha=&#8220;50&#8243; shift_x=&#8220;0&#8243; shift_y=&#8220;0&#8243; shift_y_down=&#8220;0&#8243; z_index=&#8220;0&#8243; medium_width=&#8220;0&#8243; mobile_width=&#8220;0&#8243; width=&#8220;1\/4&#8243;][vc_icon icon=&#8220;fa fa-home-outline&#8220; icon_image=&#8220;73976&#8243; title=&#8220;Micha\u0142 Milczarek&#8220;]Produktionsdirektor<br \/>\nm.milczarek@poliner.eu<br \/>\n+48 609 485 266[\/vc_icon][\/vc_column_inner][vc_column_inner column_width_percent=&#8220;100&#8243; align_horizontal=&#8220;align_center&#8220; gutter_size=&#8220;3&#8243; overlay_alpha=&#8220;50&#8243; shift_x=&#8220;0&#8243; shift_y=&#8220;0&#8243; shift_y_down=&#8220;0&#8243; z_index=&#8220;0&#8243; medium_width=&#8220;0&#8243; mobile_width=&#8220;0&#8243; width=&#8220;1\/4&#8243;][vc_icon icon=&#8220;fa fa-home-outline&#8220; icon_image=&#8220;76534&#8243; title=&#8220;Agnieszka Kubera &#8211; Morka&#8220; uncode_shortcode_id=&#8220;103070&#8243;]Assistentin des Produktionsdirektors<br \/>\na.kubera@poliner.eu<br \/>\n+48 609 485 261[\/vc_icon][\/vc_column_inner][vc_column_inner column_width_percent=&#8220;100&#8243; align_horizontal=&#8220;align_center&#8220; gutter_size=&#8220;3&#8243; overlay_alpha=&#8220;50&#8243; shift_x=&#8220;0&#8243; shift_y=&#8220;0&#8243; shift_y_down=&#8220;0&#8243; z_index=&#8220;0&#8243; medium_width=&#8220;0&#8243; mobile_width=&#8220;0&#8243; width=&#8220;1\/4&#8243;][vc_icon icon=&#8220;fa fa-home-outline&#8220; icon_image=&#8220;74295&#8243; title=&#8220;Paulina Stopa&#8220; el_class=&#8220;ostatnia-graf-kontakt&#8220; uncode_shortcode_id=&#8220;455541&#8243;]Labor Manager<br \/>\np.stopa@poliner.eu<br \/>\n+48 523 33 34 66<br \/>\n+48 697 305 753[\/vc_icon][\/vc_column_inner][\/vc_row_inner][vc_row_inner row_inner_height_percent=&#8220;0&#8243; overlay_alpha=&#8220;100&#8243; gutter_size=&#8220;3&#8243; shift_y=&#8220;0&#8243; z_index=&#8220;0&#8243; limit_content=&#8220;&#8220;][vc_column_inner column_width_percent=&#8220;100&#8243; align_horizontal=&#8220;align_center&#8220; gutter_size=&#8220;3&#8243; overlay_alpha=&#8220;100&#8243; shift_x=&#8220;0&#8243; shift_y=&#8220;0&#8243; shift_y_down=&#8220;0&#8243; z_index=&#8220;0&#8243; medium_width=&#8220;0&#8243; mobile_width=&#8220;0&#8243; zoom_width=&#8220;0&#8243; zoom_height=&#8220;0&#8243; width=&#8220;1\/4&#8243;][vc_icon icon=&#8220;fa fa-home-outline&#8220; icon_image=&#8220;76898&#8243; title=&#8220;Krzysztof Kwiatkowski&#8220; el_class=&#8220;ostatnia-graf-kontakt&#8220; uncode_shortcode_id=&#8220;188988&#8243;]Umweltschutzbeauftragter<br \/>\nk.kwiatkowski@poliner.eu<br \/>\n+48 669 550 010[\/vc_icon][\/vc_column_inner][vc_column_inner column_width_percent=&#8220;100&#8243; align_horizontal=&#8220;align_center&#8220; gutter_size=&#8220;3&#8243; overlay_alpha=&#8220;50&#8243; shift_x=&#8220;0&#8243; shift_y=&#8220;0&#8243; shift_y_down=&#8220;0&#8243; z_index=&#8220;0&#8243; medium_width=&#8220;0&#8243; mobile_width=&#8220;0&#8243; width=&#8220;1\/4&#8243;][vc_icon icon=&#8220;fa fa-home-outline&#8220; icon_image=&#8220;76919&#8243; title=&#8220;Jaros\u0142aw Kawecki&#8220; el_class=&#8220;ostatnia-graf-kontakt&#8220; uncode_shortcode_id=&#8220;461547&#8243;]Lagerarbeiter<br \/>\nj.kawecki@poliner.eu<br \/>\n+48 697 336 055[\/vc_icon][\/vc_column_inner][vc_column_inner column_width_percent=&#8220;100&#8243; align_horizontal=&#8220;align_center&#8220; gutter_size=&#8220;3&#8243; overlay_alpha=&#8220;50&#8243; shift_x=&#8220;0&#8243; shift_y=&#8220;0&#8243; shift_y_down=&#8220;0&#8243; z_index=&#8220;0&#8243; medium_width=&#8220;0&#8243; mobile_width=&#8220;0&#8243; width=&#8220;1\/4&#8243;][\/vc_column_inner][vc_column_inner column_width_percent=&#8220;100&#8243; align_horizontal=&#8220;align_center&#8220; gutter_size=&#8220;3&#8243; overlay_alpha=&#8220;50&#8243; shift_x=&#8220;0&#8243; shift_y=&#8220;0&#8243; shift_y_down=&#8220;0&#8243; z_index=&#8220;0&#8243; medium_width=&#8220;0&#8243; mobile_width=&#8220;0&#8243; width=&#8220;1\/4&#8243;][\/vc_column_inner][\/vc_row_inner][vc_row_inner row_inner_height_percent=&#8220;0&#8243; overlay_alpha=&#8220;100&#8243; gutter_size=&#8220;3&#8243; shift_y=&#8220;0&#8243; z_index=&#8220;0&#8243; limit_content=&#8220;&#8220;][vc_column_inner column_width_percent=&#8220;100&#8243; align_horizontal=&#8220;align_center&#8220; gutter_size=&#8220;3&#8243; overlay_alpha=&#8220;100&#8243; shift_x=&#8220;0&#8243; shift_y=&#8220;0&#8243; shift_y_down=&#8220;0&#8243; z_index=&#8220;0&#8243; desktop_visibility=&#8220;yes&#8220; medium_visibility=&#8220;yes&#8220; medium_width=&#8220;0&#8243; mobile_width=&#8220;0&#8243; zoom_width=&#8220;0&#8243; zoom_height=&#8220;0&#8243; width=&#8220;1\/4&#8243;][vc_icon icon=&#8220;fa fa-home-outline&#8220; icon_image=&#8220;73978&#8243; title=&#8220;Janusz Fryca&#8220;]Lagerist<br \/>\nj.fryca@poliner.eu<br \/>\n+48 523 33 34 63<br \/>\n+48 669 550 010[\/vc_icon][\/vc_column_inner][vc_column_inner column_width_percent=&#8220;100&#8243; align_horizontal=&#8220;align_center&#8220; gutter_size=&#8220;3&#8243; overlay_alpha=&#8220;50&#8243; shift_x=&#8220;0&#8243; shift_y=&#8220;0&#8243; shift_y_down=&#8220;0&#8243; z_index=&#8220;0&#8243; desktop_visibility=&#8220;yes&#8220; medium_visibility=&#8220;yes&#8220; medium_width=&#8220;0&#8243; mobile_width=&#8220;0&#8243; width=&#8220;1\/4&#8243;][vc_icon icon=&#8220;fa fa-home-outline&#8220; icon_image=&#8220;73994&#8243; title=&#8220;Micha\u0142 Subda&#8220;]Starszy specjalista ds. nowych technologii<br \/>\nm.subda@poliner.eu<br \/>\n+48 697 789 259[\/vc_icon][\/vc_column_inner][vc_column_inner column_width_percent=&#8220;100&#8243; align_horizontal=&#8220;align_center&#8220; gutter_size=&#8220;3&#8243; overlay_alpha=&#8220;50&#8243; shift_x=&#8220;0&#8243; shift_y=&#8220;0&#8243; shift_y_down=&#8220;0&#8243; z_index=&#8220;0&#8243; desktop_visibility=&#8220;yes&#8220; medium_visibility=&#8220;yes&#8220; medium_width=&#8220;0&#8243; mobile_width=&#8220;0&#8243; width=&#8220;1\/4&#8243;][\/vc_column_inner][vc_column_inner column_width_percent=&#8220;100&#8243; align_horizontal=&#8220;align_center&#8220; gutter_size=&#8220;3&#8243; overlay_alpha=&#8220;50&#8243; shift_x=&#8220;0&#8243; shift_y=&#8220;0&#8243; shift_y_down=&#8220;0&#8243; z_index=&#8220;0&#8243; medium_width=&#8220;0&#8243; mobile_width=&#8220;0&#8243; width=&#8220;1\/4&#8243;][\/vc_column_inner][\/vc_row_inner][\/vc_column][\/vc_row][vc_row unlock_row_content=&#8220;yes&#8220; row_height_percent=&#8220;0&#8243; override_padding=&#8220;yes&#8220; h_padding=&#8220;0&#8243; top_padding=&#8220;0&#8243; bottom_padding=&#8220;0&#8243; overlay_alpha=&#8220;100&#8243; gutter_size=&#8220;3&#8243; column_width_percent=&#8220;100&#8243; shift_y=&#8220;0&#8243; z_index=&#8220;0&#8243; bottom_divider=&#8220;swoosh-opacity&#8220; uncode_shortcode_id=&#8220;398946&#8243;][vc_column column_width_percent=&#8220;100&#8243; position_horizontal=&#8220;left&#8220; gutter_size=&#8220;3&#8243; expand_height=&#8220;yes&#8220; overlay_alpha=&#8220;100&#8243; shift_x=&#8220;0&#8243; shift_y=&#8220;0&#8243; medium_width=&#8220;0&#8243; zoom_width=&#8220;0&#8243; zoom_height=&#8220;0&#8243; width=&#8220;1\/1&#8243; mobile_height=&#8220;250&#8243;][vc_raw_html]JTNDaWZyYW1lJTIwc3JjJTNEJTIyaHR0cHMlM0ElMkYlMkZ3d3cuZ29vZ2xlLmNvbSUyRm1hcHMlMkZlbWJlZCUzRnBiJTNEJTIxMW0xOCUyMTFtMTIlMjExbTMlMjExZDIxMzAuNjU2NjM5MzU5Mzc1NyUyMTJkMTguNjA3NjI1MzQyOTM0NjYlMjEzZDUzLjE3MTU1MjQ0OTQ4MTI4JTIxMm0zJTIxMWYwJTIxMmYwJTIxM2YwJTIxM20yJTIxMWkxMDI0JTIxMmk3NjglMjE0ZjEzLjElMjEzbTMlMjExbTIlMjExczB4NDcwMzJlNzIxMDRiNWQ1NSUyNTNBMHg0MTI2MTc3MDc0MmE5OGM2JTIxMnNHcnp5d25hJTI1MjAxNzQlMjUyQyUyNTIwODctMTQwJTI1MjBHcnp5d25hJTIxNWUwJTIxM20yJTIxMXNwbCUyMTJzcGwlMjE0djE3MzA5OTA5NDM4MzElMjE1bTIlMjExc3BsJTIxMnNwbCUyMiUyMHdpZHRoJTNEJTIyNjAwJTIyJTIwaGVpZ2h0JTNEJTIyNDUwJTIyJTIwc3R5bGUlM0QlMjJib3JkZXIlM0EwJTNCJTIyJTIwYWxsb3dmdWxsc2NyZWVuJTNEJTIyJTIyJTIwbG9hZGluZyUzRCUyMmxhenklMjIlMjByZWZlcnJlcnBvbGljeSUzRCUyMm5vLXJlZmVycmVyLXdoZW4tZG93bmdyYWRlJTIyJTNFJTNDJTJGaWZyYW1lJTNF[\/vc_raw_html][\/vc_column][\/vc_row]<\/p>\n<\/div>","protected":false},"excerpt":{"rendered":"<p>If you\\\\\\\\\\\\\\\\\\\\\\\\\\\\\\&#8217;d like to discuss working with us, find out more about the range of services we have to offer, or just want to have a chat, please get in touch.<\/p>\n","protected":false},"author":1,"featured_media":0,"parent":0,"menu_order":0,"comment_status":"closed","ping_status":"closed","template":"","meta":{"footnotes":""},"class_list":["post-75828","page","type-page","status-publish","hentry"],"_links":{"self":[{"href":"https:\/\/poliner.eu\/de\/wp-json\/wp\/v2\/pages\/75828","targetHints":{"allow":["GET"]}}],"collection":[{"href":"https:\/\/poliner.eu\/de\/wp-json\/wp\/v2\/pages"}],"about":[{"href":"https:\/\/poliner.eu\/de\/wp-json\/wp\/v2\/types\/page"}],"author":[{"embeddable":true,"href":"https:\/\/poliner.eu\/de\/wp-json\/wp\/v2\/users\/1"}],"replies":[{"embeddable":true,"href":"https:\/\/poliner.eu\/de\/wp-json\/wp\/v2\/comments?post=75828"}],"version-history":[{"count":20,"href":"https:\/\/poliner.eu\/de\/wp-json\/wp\/v2\/pages\/75828\/revisions"}],"predecessor-version":[{"id":76926,"href":"https:\/\/poliner.eu\/de\/wp-json\/wp\/v2\/pages\/75828\/revisions\/76926"}],"wp:attachment":[{"href":"https:\/\/poliner.eu\/de\/wp-json\/wp\/v2\/media?parent=75828"}],"curies":[{"name":"wp","href":"https:\/\/api.w.org\/{rel}","templated":true}]}}