{"id":75830,"date":"2014-12-12T10:33:34","date_gmt":"2014-12-12T09:33:34","guid":{"rendered":"https:\/\/poliner.eu\/about-us\/"},"modified":"2025-09-05T13:23:33","modified_gmt":"2025-09-05T11:23:33","slug":"uber-uns","status":"publish","type":"page","link":"https:\/\/poliner.eu\/de\/uber-uns\/","title":{"rendered":"\u00dcBER UNS"},"content":{"rendered":"<div class=\"wpb-content-wrapper\"><p>[vc_row row_height_percent=&#8220;40&#8243; override_padding=&#8220;yes&#8220; h_padding=&#8220;2&#8243; top_padding=&#8220;2&#8243; bottom_padding=&#8220;3&#8243; back_color=&#8220;color-wayh&#8220; back_image=&#8220;72865&#8243; back_position=&#8220;center center&#8220; overlay_color=&#8220;accent&#8220; overlay_alpha=&#8220;71&#8243; gutter_size=&#8220;3&#8243; column_width_percent=&#8220;100&#8243; border_color=&#8220;accent&#8220; border_style=&#8220;solid&#8220; shift_y=&#8220;0&#8243; z_index=&#8220;0&#8243; bottom_divider=&#8220;swoosh-opacity&#8220;][vc_column column_width_percent=&#8220;100&#8243; position_vertical=&#8220;middle&#8220; gutter_size=&#8220;3&#8243; style=&#8220;dark&#8220; overlay_alpha=&#8220;50&#8243; shift_x=&#8220;0&#8243; shift_y=&#8220;0&#8243; shift_y_down=&#8220;0&#8243; z_index=&#8220;0&#8243; medium_width=&#8220;0&#8243; mobile_width=&#8220;0&#8243; zoom_width=&#8220;0&#8243; zoom_height=&#8220;0&#8243; width=&#8220;1\/1&#8243;][vc_custom_heading heading_semantic=&#8220;h1&#8243; text_size=&#8220;&#8220; text_weight=&#8220;700&#8243; sub_lead=&#8220;yes&#8220; sub_reduced=&#8220;yes&#8220; subheading=&#8220;f\u00fcr die Rohrsanierungsbranche in grabenlosen Verfahren&#8220;]Wir f\u00fchren neue Technologien ein[\/vc_custom_heading][\/vc_column][\/vc_row][vc_row row_height_percent=&#8220;0&#8243; override_padding=&#8220;yes&#8220; h_padding=&#8220;2&#8243; top_padding=&#8220;4&#8243; bottom_padding=&#8220;2&#8243; overlay_alpha=&#8220;50&#8243; gutter_size=&#8220;3&#8243; column_width_percent=&#8220;100&#8243; border_color=&#8220;accent&#8220; border_style=&#8220;solid&#8220; shift_y=&#8220;0&#8243; z_index=&#8220;0&#8243; css=&#8220;.vc_custom_1617355310266{border-top-width: 0px !important;}&#8220;][vc_column column_width_percent=&#8220;100&#8243; gutter_size=&#8220;3&#8243; overlay_alpha=&#8220;50&#8243; shift_x=&#8220;0&#8243; shift_y=&#8220;0&#8243; shift_y_down=&#8220;0&#8243; z_index=&#8220;0&#8243; medium_width=&#8220;0&#8243; mobile_width=&#8220;0&#8243; width=&#8220;1\/1&#8243;][vc_row_inner row_inner_height_percent=&#8220;0&#8243; overlay_alpha=&#8220;50&#8243; gutter_size=&#8220;4&#8243; shift_y=&#8220;0&#8243; limit_content=&#8220;&#8220;][vc_column_inner column_width_percent=&#8220;100&#8243; gutter_size=&#8220;4&#8243; overlay_alpha=&#8220;50&#8243; shift_x=&#8220;0&#8243; shift_y=&#8220;0&#8243; shift_y_down=&#8220;0&#8243; z_index=&#8220;0&#8243; medium_width=&#8220;0&#8243; mobile_width=&#8220;0&#8243; sticky=&#8220;yes&#8220; width=&#8220;1\/3&#8243;][vc_custom_heading text_color=&#8220;accent&#8220; text_weight=&#8220;300&#8243; text_transform=&#8220;capitalize&#8220; text_align=&#8220;text-left&#8220; text_uppercase=&#8220;&#8220;]\u00dcber die Firma[\/vc_custom_heading][vc_custom_heading text_color=&#8220;color-wvjs&#8220; text_weight=&#8220;300&#8243; uncode_shortcode_id=&#8220;186293&#8243; text_color_type=&#8220;uncode-palette&#8220;]<em>Mehr als 19 Jahre Erfahrung<\/em>[\/vc_custom_heading][vc_column_text]das Unternehmen POliner ist seit 2013 auf dem polnischen Markt t\u00e4tig, aber durch den Prozess des Zusammenschlusses der Unternehmen POliner und MAZUR, der im Juni 2020 begann und im Juni 2021 endete, k\u00f6nnen wir sagen, dass die Urspr\u00fcnge unserer T\u00e4tigkeit bis ins Jahr 2006 zur\u00fcckreichen.[\/vc_column_text][vc_custom_heading text_color=&#8220;color-wvjs&#8220; text_weight=&#8220;300&#8243;]<em>Zu 100% polnisches Kapital<\/em>[\/vc_custom_heading][\/vc_column_inner][vc_column_inner column_width_percent=&#8220;100&#8243; gutter_size=&#8220;3&#8243; overlay_alpha=&#8220;50&#8243; border_color=&#8220;accent&#8220; border_style=&#8220;solid&#8220; shift_x=&#8220;0&#8243; shift_y=&#8220;0&#8243; shift_y_down=&#8220;0&#8243; z_index=&#8220;0&#8243; medium_width=&#8220;0&#8243; mobile_width=&#8220;0&#8243; width=&#8220;2\/3&#8243; css=&#8220;.vc_custom_1549014336750{border-left-width: 2px !important;padding-left: 20px !important;}&#8220;][vc_icon position=&#8220;left&#8220; icon=&#8220;fa fa-calendar2&#8243; icon_color=&#8220;accent&#8220; size=&#8220;fa-2x&#8220; text_weight=&#8220;300&#8243; title=&#8220;2006&#8243;][\/vc_icon][vc_column_text]<\/p>\n<ul>\n<li>Die Produktion der ersten CIPP-Linerauskleidung sowohl aus Glasfaserstoff als auch aus Polyestervlies mit Filzstruktur f\u00fcr drucklose Entw\u00e4sserungsnetze zum Aush\u00e4rten mit Dampf\/Wasser wird aufgenommen.<\/li>\n<\/ul>\n<p>[\/vc_column_text][vc_icon position=&#8220;left&#8220; icon=&#8220;fa fa-calendar2&#8243; icon_color=&#8220;accent&#8220; size=&#8220;fa-2x&#8220; text_weight=&#8220;300&#8243; title=&#8220;2010&#8243;][\/vc_icon][vc_column_text]<\/p>\n<ul>\n<li>Beginn der Produktion der ersten CIPP-Linerauskleidungen aus Glasfaserstoff f\u00fcr drucklose Entw\u00e4sserungsnetze zum Aush\u00e4rten mit UV-Licht<\/li>\n<\/ul>\n<p>[\/vc_column_text][vc_icon position=&#8220;left&#8220; icon=&#8220;fa fa-calendar2&#8243; icon_color=&#8220;accent&#8220; size=&#8220;fa-2x&#8220; text_weight=&#8220;300&#8243; title=&#8220;2018&#8243;][\/vc_icon][vc_column_text]<\/p>\n<ul>\n<li>POliner Sp. z o.o. nimmt die Zusammenarbeit mit MAZUR Sp. z o.o. auf<\/li>\n<li>Beginn der Produktion von d\u00fcnnwandigen GFK-Paneelen f\u00fcr die Sanierung von Kanalsch\u00e4chten\/Kanalkammern.<\/li>\n<\/ul>\n<p>[\/vc_column_text][vc_icon position=&#8220;left&#8220; icon=&#8220;fa fa-calendar2&#8243; icon_color=&#8220;accent&#8220; size=&#8220;fa-2x&#8220; text_weight=&#8220;300&#8243; title=&#8220;2019&#8243;][\/vc_icon][vc_column_text]<\/p>\n<ul>\n<li>Er\u00f6ffnung des Forschungslabors in R\u00f3\u017cyniec.<\/li>\n<\/ul>\n<p>[\/vc_column_text][vc_icon position=&#8220;left&#8220; icon=&#8220;fa fa-calendar2&#8243; icon_color=&#8220;accent&#8220; size=&#8220;fa-2x&#8220; text_weight=&#8220;300&#8243; title=&#8220;2021&#8243;][\/vc_icon][vc_column_text]<\/p>\n<ul>\n<li>Beginn einer umfassenden Produktion von CIPP-Linerauskleidung sowohl aus Glasfaserstoff als auch aus Polyestervlies mit Filzstruktur f\u00fcr Druckwasserleitungsnetze zum UV-, UV-LED- und thermischen Aush\u00e4rten.<\/li>\n<li>POliner und MAZUR schlie\u00dfen sich zu einem Unternehmen zusammen.<\/li>\n<\/ul>\n<p>[\/vc_column_text][\/vc_column_inner][\/vc_row_inner][\/vc_column][\/vc_row][vc_row row_height_percent=&#8220;0&#8243; override_padding=&#8220;yes&#8220; h_padding=&#8220;2&#8243; top_padding=&#8220;2&#8243; bottom_padding=&#8220;2&#8243; overlay_alpha=&#8220;50&#8243; gutter_size=&#8220;3&#8243; column_width_percent=&#8220;100&#8243; shift_y=&#8220;0&#8243; z_index=&#8220;0&#8243;][vc_column column_width_percent=&#8220;100&#8243; gutter_size=&#8220;3&#8243; overlay_alpha=&#8220;50&#8243; shift_x=&#8220;0&#8243; shift_y=&#8220;0&#8243; shift_y_down=&#8220;0&#8243; z_index=&#8220;0&#8243; medium_width=&#8220;0&#8243; mobile_width=&#8220;0&#8243; el_class=&#8220;justowanie&#8220;][vc_column_text uncode_shortcode_id=&#8220;453094&#8243;]<strong>Unser Kerngesch\u00e4ft ist die Herstellung von CIPP-Linerauskleidungen <\/strong>(eng. Cured in Place Pipe)<strong> f\u00fcr die grabenlose Sanierung von Freispiegel-, Druck- und Wasserleitungsnetzen. <\/strong>Wir sind einer von drei Herstellern in Europa und der einzige in Polen, der Auskleidungen sowohl aus Glasfaserstoff als auch aus Polyestervlies mit Filzstruktur herstellt. Wir stellen CIPP-Linerauskleidung mit einem Durchmesserbereich von DN150 bis DN1800 f\u00fcr kreisf\u00f6rmige und nicht kreisf\u00f6rmige Entw\u00e4sserungsnetze her. In unserem Angebot finden Sie auch Auskleidungen auf spezielle Anfrage \u2013 \u201ema\u00dfgeschneiderte Schlauchliner\u201c mit dem sogenannten Taper, die bei \u00c4nderungen des Rohrdurchmessers eingesetzt werden. Neben Polen wurden unsere Auskleidungen in solchen L\u00e4ndern wie Estland, Finnland, Israel, Litauen, Lettland, Rum\u00e4nien, Deutschland und Tschechen eingebaut.<\/p>\n<p>Wir verf\u00fcgen \u00fcber qualifiziertes technisches Personal, langj\u00e4hrig spezialisierte Fachleute, die mit ihren Kenntnissen, Erfahrung und F\u00e4higkeiten eine Garantie f\u00fcr die Qualit\u00e4t der hergestellten Linerauskleidung sind.<\/p>\n<p>Wir sind im Bereich Forschung und Entwicklung t\u00e4tig, um neue Technologien zur Herstellung von Verbundwerkstoffen f\u00fcr die Rohrnetzsanierung in der Branche der Grabenlose Technologien einzuf\u00fchren.<\/p>\n<p>Das Labor von POliner f\u00fchrt Pr\u00fcfungen zur Bestimmung von Biegeeigenschaften und zur Bestimmung der richtigen Ringsteifigkeit von Rohrleitungssystemen mit verschiedenen Durchmessern und Flachproben durch, wobei die erforderliche Qualit\u00e4t der durchgef\u00fchrten Pr\u00fcfungen gew\u00e4hrleistet und zuverl\u00e4ssige ma\u00dfgebliche Pr\u00fcfergebnisse geliefert werden.[\/vc_column_text][\/vc_column][\/vc_row][vc_row row_height_percent=&#8220;0&#8243; override_padding=&#8220;yes&#8220; h_padding=&#8220;2&#8243; top_padding=&#8220;3&#8243; bottom_padding=&#8220;3&#8243; overlay_color=&#8220;color-xsdn&#8220; overlay_alpha=&#8220;70&#8243; gutter_size=&#8220;100&#8243; column_width_percent=&#8220;100&#8243; shift_y=&#8220;0&#8243; z_index=&#8220;0&#8243; style=&#8220;inherited&#8220; row_name=&#8220;mission-des-unternehmens&#8220; el_id=&#8220;mission-des-unternehmens&#8220; uncode_shortcode_id=&#8220;182889&#8243; overlay_color_type=&#8220;uncode-palette&#8220;][vc_column column_width_percent=&#8220;100&#8243; gutter_size=&#8220;1&#8243; overlay_alpha=&#8220;50&#8243; shift_x=&#8220;0&#8243; shift_y=&#8220;0&#8243; shift_y_down=&#8220;0&#8243; z_index=&#8220;0&#8243; medium_width=&#8220;0&#8243; mobile_width=&#8220;0&#8243; sticky=&#8220;yes&#8220; width=&#8220;1\/4&#8243;][vc_custom_heading text_color=&#8220;accent&#8220; text_weight=&#8220;300&#8243; text_transform=&#8220;capitalize&#8220; text_align=&#8220;text-left&#8220; text_uppercase=&#8220;&#8220;]Mission des Unternehmens[\/vc_custom_heading][\/vc_column][vc_column column_width_percent=&#8220;100&#8243; gutter_size=&#8220;3&#8243; overlay_alpha=&#8220;50&#8243; shift_x=&#8220;0&#8243; shift_y=&#8220;0&#8243; medium_width=&#8220;0&#8243; zoom_width=&#8220;0&#8243; zoom_height=&#8220;0&#8243; width=&#8220;3\/4&#8243;][vc_row_inner row_inner_height_percent=&#8220;0&#8243; overlay_alpha=&#8220;50&#8243; gutter_size=&#8220;4&#8243; shift_y=&#8220;0&#8243; limit_content=&#8220;&#8220;][vc_column_inner column_width_percent=&#8220;100&#8243; gutter_size=&#8220;3&#8243; overlay_alpha=&#8220;50&#8243; shift_x=&#8220;0&#8243; shift_y=&#8220;0&#8243; shift_y_down=&#8220;0&#8243; z_index=&#8220;0&#8243; medium_width=&#8220;0&#8243; mobile_width=&#8220;0&#8243; width=&#8220;1\/1&#8243; el_class=&#8220;justowanie&#8220;][vc_column_text]Unsere Mission ist es, eine hohe Qualit\u00e4t der Produkte unter Ber\u00fccksichtigung der bei unserer T\u00e4tigkeit vorhandenen Umweltaspekte bei gleichzeitiger Beachtung der Grunds\u00e4tze des Arbeitsschutzes zu gew\u00e4hrleisten. Besonders wichtig ist es f\u00fcr uns, die negativen Auswirkungen der Produktionsprozesse auf die Umwelt zu minimieren und vor allem jegliche Umweltverschmutzung im Zusammenhang mit unserer T\u00e4tigkeit zu vermeiden.[\/vc_column_text][\/vc_column_inner][\/vc_row_inner][\/vc_column][\/vc_row][vc_row row_height_percent=&#8220;0&#8243; override_padding=&#8220;yes&#8220; h_padding=&#8220;2&#8243; top_padding=&#8220;3&#8243; bottom_padding=&#8220;3&#8243; overlay_color=&#8220;color-xsdn&#8220; overlay_alpha=&#8220;70&#8243; gutter_size=&#8220;100&#8243; column_width_percent=&#8220;100&#8243; shift_y=&#8220;0&#8243; z_index=&#8220;0&#8243; desktop_visibility=&#8220;yes&#8220; medium_visibility=&#8220;yes&#8220; mobile_visibility=&#8220;yes&#8220; style=&#8220;inherited&#8220; row_name=&#8220;Welcome&#8220;][vc_column column_width_percent=&#8220;100&#8243; gutter_size=&#8220;1&#8243; overlay_alpha=&#8220;50&#8243; shift_x=&#8220;0&#8243; shift_y=&#8220;0&#8243; z_index=&#8220;0&#8243; medium_width=&#8220;0&#8243; width=&#8220;1\/4&#8243;][vc_custom_heading text_color=&#8220;accent&#8220; text_weight=&#8220;300&#8243; text_transform=&#8220;capitalize&#8220; text_align=&#8220;text-left&#8220; text_uppercase=&#8220;&#8220;]Integriertes Managementsystem<\/p>\n<p>&nbsp;<\/p>\n<p><em>Qualit\u00e4t, Umwelt, Arbeitsschutz<\/em>[\/vc_custom_heading][\/vc_column][vc_column column_width_percent=&#8220;100&#8243; gutter_size=&#8220;3&#8243; overlay_alpha=&#8220;50&#8243; shift_x=&#8220;0&#8243; shift_y=&#8220;0&#8243; medium_width=&#8220;0&#8243; zoom_width=&#8220;0&#8243; zoom_height=&#8220;0&#8243; width=&#8220;3\/4&#8243;][vc_row_inner row_inner_height_percent=&#8220;0&#8243; overlay_alpha=&#8220;50&#8243; gutter_size=&#8220;4&#8243; shift_y=&#8220;0&#8243; limit_content=&#8220;&#8220;][vc_column_inner width=&#8220;1\/2&#8243;][vc_column_text]Prowadzimy dzia\u0142alno\u015b\u0107 w zakresie wdra\u017cania nowych technologii oraz wykonywania produkt\u00f3w kompozytowych dla bran\u017cy renowacji ruroci\u0105g\u00f3w metodami bezwykopowymi. Nas\u0105czamy r\u0119kawy filcowe oraz kompozytowe mieszankami \u017cywicznymi. Produkujemy kr\u00f3tkie serie kompozytowych wyrob\u00f3w budowlanych.[\/vc_column_text][\/vc_column_inner][vc_column_inner width=&#8220;1\/2&#8243;][vc_column_text]Posiadamy certyfikaty ISO 9001 oraz ISO 14001.<\/p>\n<p>Nasz zak\u0142ad produkcyjny znajduje si\u0119 w strefie przemys\u0142owej przy autostradzie A4.[\/vc_column_text][\/vc_column_inner][\/vc_row_inner][\/vc_column][\/vc_row][vc_row row_height_percent=&#8220;0&#8243; override_padding=&#8220;yes&#8220; h_padding=&#8220;2&#8243; top_padding=&#8220;3&#8243; bottom_padding=&#8220;3&#8243; overlay_color=&#8220;color-xsdn&#8220; overlay_alpha=&#8220;70&#8243; gutter_size=&#8220;100&#8243; column_width_percent=&#8220;100&#8243; shift_y=&#8220;0&#8243; z_index=&#8220;0&#8243; style=&#8220;inherited&#8220; row_name=&#8220;integriertes-managementsystem&#8220; el_id=&#8220;integriertes-managementsystem&#8220; uncode_shortcode_id=&#8220;995413&#8243; overlay_color_type=&#8220;uncode-palette&#8220;][vc_column column_width_percent=&#8220;100&#8243; gutter_size=&#8220;1&#8243; overlay_alpha=&#8220;50&#8243; shift_x=&#8220;0&#8243; shift_y=&#8220;0&#8243; shift_y_down=&#8220;0&#8243; z_index=&#8220;0&#8243; medium_width=&#8220;0&#8243; mobile_width=&#8220;0&#8243; sticky=&#8220;yes&#8220; width=&#8220;1\/4&#8243;][vc_custom_heading text_color=&#8220;accent&#8220; text_weight=&#8220;300&#8243; text_transform=&#8220;capitalize&#8220; text_align=&#8220;text-left&#8220; text_uppercase=&#8220;&#8220;]Integriertes Managementsystem[\/vc_custom_heading][vc_empty_space empty_h=&#8220;2&#8243;][vc_custom_heading text_color=&#8220;color-wvjs&#8220; text_weight=&#8220;300&#8243; text_transform=&#8220;capitalize&#8220; text_align=&#8220;text-left&#8220; text_uppercase=&#8220;&#8220;]<em>Qualit\u00e4t, Umwelt, Arbeitsschutz<\/em>[\/vc_custom_heading][\/vc_column][vc_column column_width_percent=&#8220;100&#8243; gutter_size=&#8220;3&#8243; overlay_alpha=&#8220;50&#8243; shift_x=&#8220;0&#8243; shift_y=&#8220;0&#8243; medium_width=&#8220;0&#8243; zoom_width=&#8220;0&#8243; zoom_height=&#8220;0&#8243; width=&#8220;3\/4&#8243;][vc_row_inner row_inner_height_percent=&#8220;0&#8243; overlay_alpha=&#8220;50&#8243; gutter_size=&#8220;4&#8243; shift_y=&#8220;0&#8243; limit_content=&#8220;&#8220;][vc_column_inner width=&#8220;1\/1&#8243;][vc_column_text uncode_shortcode_id=&#8220;526429&#8243;]Bei POliner Sp. z o.o. verwenden wir ein integriertes Managementsystem. Der Hauptzweck der Unternehmenst\u00e4tigkeit und der Entwicklung des Unternehmens besteht darin, die Bed\u00fcrfnisse und Anforderungen unserer Kunden durch die Gew\u00e4hrleistung einer hohen Qualit\u00e4t unserer Produkte zu erf\u00fcllen, wobei wir die Grunds\u00e4tze des Arbeitsschutzes einhalten und die h\u00f6chsten Standards des Umweltschutzes erf\u00fcllen und gleichzeitig das bei den durchgef\u00fchrten Prozessen vorkommende Risiko minimieren und die Chancen maximal nutzen.<\/p>\n<p>Die Botschaft, die sich aus den strategischen Zielen ergibt, erfordert ein fortgesetztes Engagement aller Mitarbeiter des Unternehmens f\u00fcr die Weiterentwicklung des \u00a0integrierten Managementsystems. Ein hohes Bewusstsein der Mitarbeiter und die bereitgestellten Mittel zur Erreichung von Qualit\u00e4ts-, Umwelt- und Arbeitsschutzzielen sind die Grundlage f\u00fcr eine kontinuierliche Verbesserung der Prozessergebnisse und die Wirksamkeit des integrierten Managementsystems. Dies tr\u00e4gt auch zur Vermeidung von Arbeitsunf\u00e4llen und Umweltverschmutzung bei.<\/p>\n<p>Die Best\u00e4tigung der normgerechten Vorgehensweise sind die von uns erlangten Zertifikate:<\/p>\n<ul>\n<li>PN-EN ISO 9001:2015 \u2013 Qualit\u00e4tsmanagement,<\/li>\n<li>PN-EN ISO 14001:2015 \u2013 Umweltmanagement,<\/li>\n<li>PN-EN ISO 45001:2018 \u2013 Arbeitsschutzmanagement.<\/li>\n<\/ul>\n<p>[\/vc_column_text][\/vc_column_inner][\/vc_row_inner][\/vc_column][\/vc_row][vc_row row_height_percent=&#8220;0&#8243; override_padding=&#8220;yes&#8220; h_padding=&#8220;2&#8243; top_padding=&#8220;3&#8243; bottom_padding=&#8220;3&#8243; overlay_color=&#8220;color-xsdn&#8220; overlay_alpha=&#8220;70&#8243; gutter_size=&#8220;100&#8243; column_width_percent=&#8220;100&#8243; shift_y=&#8220;0&#8243; z_index=&#8220;0&#8243; style=&#8220;inherited&#8220; row_name=&#8220;unsere-referenzen-und-zertifikate&#8220; uncode_shortcode_id=&#8220;212085&#8243; overlay_color_type=&#8220;uncode-palette&#8220; el_id=&#8220;unsere-referenzen-und-zertifikate&#8220;][vc_column column_width_percent=&#8220;100&#8243; gutter_size=&#8220;1&#8243; overlay_alpha=&#8220;50&#8243; shift_x=&#8220;0&#8243; shift_y=&#8220;0&#8243; z_index=&#8220;0&#8243; medium_width=&#8220;0&#8243; width=&#8220;1\/4&#8243;][vc_custom_heading text_color=&#8220;accent&#8220; text_weight=&#8220;300&#8243; text_align=&#8220;text-left&#8220; text_uppercase=&#8220;&#8220;]Unsere Referenzen<br \/>\nund Zertifikate[\/vc_custom_heading][vc_empty_space empty_h=&#8220;2&#8243;][\/vc_column][vc_column column_width_percent=&#8220;100&#8243; align_horizontal=&#8220;align_center&#8220; gutter_size=&#8220;3&#8243; overlay_alpha=&#8220;50&#8243; shift_x=&#8220;0&#8243; shift_y=&#8220;0&#8243; shift_y_down=&#8220;0&#8243; z_index=&#8220;0&#8243; medium_width=&#8220;0&#8243; mobile_width=&#8220;0&#8243; zoom_width=&#8220;0&#8243; zoom_height=&#8220;0&#8243; width=&#8220;1\/3&#8243;][vc_single_image media=&#8220;75847&#8243; media_lightbox=&#8220;yes&#8220; media_width_percent=&#8220;100&#8243; alignment=&#8220;center&#8220;][vc_button border_width=&#8220;0&#8243; link=&#8220;url:https%3A%2F%2Fpoliner.eu%2Fwp-content%2Fuploads%2F2018%2F08%2Freferencja-2.jpg&#8220;]Herunterladen[\/vc_button][\/vc_column][vc_column column_width_percent=&#8220;100&#8243; align_horizontal=&#8220;align_center&#8220; gutter_size=&#8220;3&#8243; overlay_alpha=&#8220;50&#8243; shift_x=&#8220;0&#8243; shift_y=&#8220;0&#8243; shift_y_down=&#8220;0&#8243; z_index=&#8220;0&#8243; medium_width=&#8220;0&#8243; mobile_width=&#8220;0&#8243; width=&#8220;1\/3&#8243;][vc_single_image media=&#8220;76491&#8243; media_lightbox=&#8220;yes&#8220; media_width_percent=&#8220;100&#8243; alignment=&#8220;center&#8220; uncode_shortcode_id=&#8220;642156&#8243;][vc_button border_width=&#8220;0&#8243; link=&#8220;url:https%3A%2F%2Fpoliner.eu%2Fwp-content%2Fuploads%2F2022%2F04%2Ftuv-de-1-2.png&#8220; uncode_shortcode_id=&#8220;114213&#8243;]Herunterladen[\/vc_button][\/vc_column][\/vc_row][vc_row row_height_percent=&#8220;0&#8243; override_padding=&#8220;yes&#8220; h_padding=&#8220;2&#8243; top_padding=&#8220;0&#8243; bottom_padding=&#8220;0&#8243; overlay_alpha=&#8220;50&#8243; gutter_size=&#8220;3&#8243; shift_y=&#8220;0&#8243;][vc_column width=&#8220;1\/1&#8243;][vc_separator sep_color=&#8220;,Default&#8220;][\/vc_column][\/vc_row][vc_row row_height_percent=&#8220;0&#8243; back_color=&#8220;color-xsdn&#8220; overlay_alpha=&#8220;0&#8243; gutter_size=&#8220;100&#8243; column_width_percent=&#8220;100&#8243; border_color=&#8220;accent&#8220; border_style=&#8220;solid&#8220; shift_y=&#8220;0&#8243; z_index=&#8220;0&#8243; style=&#8220;inherited&#8220; css=&#8220;.vc_custom_1643645434295{border-bottom-width: 50px !important;}&#8220; el_id=&#8220;sie-haben-uns-vertraut&#8220; uncode_shortcode_id=&#8220;941324&#8243; back_color_type=&#8220;uncode-palette&#8220; border_color_type=&#8220;uncode-palette&#8220;][vc_column column_width_percent=&#8220;100&#8243; align_horizontal=&#8220;align_center&#8220; gutter_size=&#8220;4&#8243; style=&#8220;dark&#8220; overlay_alpha=&#8220;100&#8243; shift_x=&#8220;0&#8243; shift_y=&#8220;0&#8243; shift_y_down=&#8220;0&#8243; z_index=&#8220;0&#8243; medium_width=&#8220;0&#8243; mobile_width=&#8220;0&#8243; zoom_width=&#8220;0&#8243; zoom_height=&#8220;0&#8243; width=&#8220;1\/1&#8243; mobile_width_full=&#8220;&#8220;][vc_row_inner row_inner_height_percent=&#8220;0&#8243; overlay_alpha=&#8220;50&#8243; gutter_size=&#8220;3&#8243; shift_y=&#8220;0&#8243; z_index=&#8220;0&#8243; limit_content=&#8220;&#8220;][vc_column_inner column_width_percent=&#8220;50&#8243; align_horizontal=&#8220;align_center&#8220; gutter_size=&#8220;3&#8243; overlay_alpha=&#8220;50&#8243; shift_x=&#8220;0&#8243; shift_x_fixed=&#8220;yes&#8220; shift_y=&#8220;0&#8243; shift_y_down=&#8220;0&#8243; z_index=&#8220;0&#8243; medium_width=&#8220;0&#8243; mobile_width=&#8220;0&#8243; width=&#8220;1\/1&#8243;][vc_custom_heading text_weight=&#8220;300&#8243;]Diese Kunden haben uns ihr Vertrauen geschenkt[\/vc_custom_heading][\/vc_column_inner][\/vc_row_inner][vc_gallery el_id=&#8220;gallery-169440&#8243; type=&#8220;carousel&#8220; medias=&#8220;75868,75865,75866,75869,75870,75867,75863,75864,75871&#8243; carousel_lg=&#8220;6&#8243; carousel_md=&#8220;3&#8243; carousel_sm=&#8220;2&#8243; gutter_size=&#8220;3&#8243; carousel_height=&#8220;equal&#8220; carousel_interval=&#8220;3000&#8243; carousel_navspeed=&#8220;400&#8243; carousel_loop=&#8220;yes&#8220; carousel_nav=&#8220;yes&#8220; stage_padding=&#8220;0&#8243; single_overlay_opacity=&#8220;50&#8243; single_h_align=&#8220;center&#8220; single_padding=&#8220;2&#8243; single_border=&#8220;yes&#8220; uncode_shortcode_id=&#8220;154093&#8243;][\/vc_column][\/vc_row]<\/p>\n<\/div>","protected":false},"excerpt":{"rendered":"<p>[vc_row row_height_percent=&#8220;40&#8243; override_padding=&#8220;yes&#8220; h_padding=&#8220;2&#8243; top_padding=&#8220;2&#8243; bottom_padding=&#8220;3&#8243; back_color=&#8220;color-wayh&#8220; back_image=&#8220;72865&#8243; back_position=&#8220;center center&#8220; overlay_color=&#8220;accent&#8220; overlay_alpha=&#8220;71&#8243; gutter_size=&#8220;3&#8243; column_width_percent=&#8220;100&#8243; border_color=&#8220;accent&#8220; border_style=&#8220;solid&#8220; shift_y=&#8220;0&#8243; z_index=&#8220;0&#8243; bottom_divider=&#8220;swoosh-opacity&#8220;][vc_column column_width_percent=&#8220;100&#8243; [&hellip;]<\/p>\n","protected":false},"author":1,"featured_media":0,"parent":0,"menu_order":0,"comment_status":"closed","ping_status":"closed","template":"","meta":{"footnotes":""},"class_list":["post-75830","page","type-page","status-publish","hentry"],"_links":{"self":[{"href":"https:\/\/poliner.eu\/de\/wp-json\/wp\/v2\/pages\/75830","targetHints":{"allow":["GET"]}}],"collection":[{"href":"https:\/\/poliner.eu\/de\/wp-json\/wp\/v2\/pages"}],"about":[{"href":"https:\/\/poliner.eu\/de\/wp-json\/wp\/v2\/types\/page"}],"author":[{"embeddable":true,"href":"https:\/\/poliner.eu\/de\/wp-json\/wp\/v2\/users\/1"}],"replies":[{"embeddable":true,"href":"https:\/\/poliner.eu\/de\/wp-json\/wp\/v2\/comments?post=75830"}],"version-history":[{"count":13,"href":"https:\/\/poliner.eu\/de\/wp-json\/wp\/v2\/pages\/75830\/revisions"}],"predecessor-version":[{"id":76909,"href":"https:\/\/poliner.eu\/de\/wp-json\/wp\/v2\/pages\/75830\/revisions\/76909"}],"wp:attachment":[{"href":"https:\/\/poliner.eu\/de\/wp-json\/wp\/v2\/media?parent=75830"}],"curies":[{"name":"wp","href":"https:\/\/api.w.org\/{rel}","templated":true}]}}