{"id":73678,"date":"2020-07-01T08:56:03","date_gmt":"2020-07-01T06:56:03","guid":{"rendered":"http:\/\/poliner.eu\/plan-podzialu-spolki-mazur-sp-z-o-o\/"},"modified":"2020-10-09T12:17:06","modified_gmt":"2020-10-09T10:17:06","slug":"plan-podzialu-spolki-mazur-sp-z-o-o","status":"publish","type":"page","link":"https:\/\/poliner.eu\/en\/about-us\/plan-podzialu-spolki-mazur-sp-z-o-o\/","title":{"rendered":"Plan of division of Mazur sp. z o.o."},"content":{"rendered":"<div class=\"wpb-content-wrapper\"><p>[vc_row][vc_column width=&#8221;1\/1&#8243;][vc_custom_heading]Plan of division of Mazur sp. z o.o. with its registered office in \u015awiecie through transferring all the assets of the company divided into two companies: POliner sp. z o.o. based in R\u00f3\u017cyniec and Blejkan S.A. with its registered office in Szczecin[\/vc_custom_heading][vc_icon icon=&#8221;fa fa-file-pdf-o&#8221; size=&#8221;fa-3x&#8221; link=&#8221;url:http%3A%2F%2Fpoliner.eu%2Fwp-content%2Fuploads%2F2020%2F07%2F2020-06-30-plan-podzia%C5%82u-Mazur-sp.-z-o.o..pdf|||&#8221;][\/vc_icon][vc_column_text]<a href=\"http:\/\/poliner.eu\/wp-content\/uploads\/2020\/07\/2020-06-30-plan-podzia\u0142u-Mazur-sp.-z-o.o..pdf\" target=\"_blank\" rel=\"noopener noreferrer\">Plan of division of Mazur sp. z o.o.<\/a>[\/vc_column_text][\/vc_column][\/vc_row]<\/p>\n<\/div>","protected":false},"excerpt":{"rendered":"<p>[vc_row][vc_column width=&#8221;1\/1&#8243;][vc_custom_heading]Plan of division of Mazur sp. z o.o. with its registered office in \u015awiecie through transferring all the assets [&hellip;]<\/p>\n","protected":false},"author":1,"featured_media":0,"parent":73743,"menu_order":0,"comment_status":"closed","ping_status":"closed","template":"","meta":{"footnotes":""},"class_list":["post-73678","page","type-page","status-publish","hentry"],"_links":{"self":[{"href":"https:\/\/poliner.eu\/en\/wp-json\/wp\/v2\/pages\/73678","targetHints":{"allow":["GET"]}}],"collection":[{"href":"https:\/\/poliner.eu\/en\/wp-json\/wp\/v2\/pages"}],"about":[{"href":"https:\/\/poliner.eu\/en\/wp-json\/wp\/v2\/types\/page"}],"author":[{"embeddable":true,"href":"https:\/\/poliner.eu\/en\/wp-json\/wp\/v2\/users\/1"}],"replies":[{"embeddable":true,"href":"https:\/\/poliner.eu\/en\/wp-json\/wp\/v2\/comments?post=73678"}],"version-history":[{"count":4,"href":"https:\/\/poliner.eu\/en\/wp-json\/wp\/v2\/pages\/73678\/revisions"}],"predecessor-version":[{"id":73872,"href":"https:\/\/poliner.eu\/en\/wp-json\/wp\/v2\/pages\/73678\/revisions\/73872"}],"up":[{"embeddable":true,"href":"https:\/\/poliner.eu\/en\/wp-json\/wp\/v2\/pages\/73743"}],"wp:attachment":[{"href":"https:\/\/poliner.eu\/en\/wp-json\/wp\/v2\/media?parent=73678"}],"curies":[{"name":"wp","href":"https:\/\/api.w.org\/{rel}","templated":true}]}}