{"id":73743,"date":"2014-12-12T10:33:34","date_gmt":"2014-12-12T09:33:34","guid":{"rendered":"http:\/\/poliner.eu\/firma\/"},"modified":"2025-09-05T13:31:01","modified_gmt":"2025-09-05T11:31:01","slug":"about-us","status":"publish","type":"page","link":"https:\/\/poliner.eu\/en\/about-us\/","title":{"rendered":"About our Company"},"content":{"rendered":"<div class=\"wpb-content-wrapper\"><p>[vc_row row_height_percent=&#8221;40&#8243; override_padding=&#8221;yes&#8221; h_padding=&#8221;2&#8243; top_padding=&#8221;2&#8243; bottom_padding=&#8221;3&#8243; back_color=&#8221;color-wayh&#8221; back_image=&#8221;72865&#8243; back_position=&#8221;center center&#8221; overlay_color=&#8221;accent&#8221; overlay_alpha=&#8221;71&#8243; gutter_size=&#8221;3&#8243; column_width_percent=&#8221;100&#8243; border_color=&#8221;accent&#8221; border_style=&#8221;solid&#8221; shift_y=&#8221;0&#8243; z_index=&#8221;0&#8243; bottom_divider=&#8221;swoosh-opacity&#8221;][vc_column column_width_percent=&#8221;100&#8243; position_vertical=&#8221;middle&#8221; gutter_size=&#8221;3&#8243; style=&#8221;dark&#8221; overlay_alpha=&#8221;50&#8243; shift_x=&#8221;0&#8243; shift_y=&#8221;0&#8243; shift_y_down=&#8221;0&#8243; z_index=&#8221;0&#8243; medium_width=&#8221;0&#8243; mobile_width=&#8221;0&#8243; zoom_width=&#8221;0&#8243; zoom_height=&#8221;0&#8243; width=&#8221;1\/1&#8243;][vc_custom_heading heading_semantic=&#8221;h1&#8243; text_size=&#8221;&#8221; text_weight=&#8221;700&#8243; sub_lead=&#8221;yes&#8221; sub_reduced=&#8221;yes&#8221; subheading=&#8221;for the industry of trenchless pipeline rehabilitation&#8221;]Implementing new technologies[\/vc_custom_heading][\/vc_column][\/vc_row][vc_row row_height_percent=&#8221;0&#8243; override_padding=&#8221;yes&#8221; h_padding=&#8221;2&#8243; top_padding=&#8221;4&#8243; bottom_padding=&#8221;2&#8243; overlay_alpha=&#8221;50&#8243; gutter_size=&#8221;3&#8243; column_width_percent=&#8221;100&#8243; border_color=&#8221;accent&#8221; border_style=&#8221;solid&#8221; shift_y=&#8221;0&#8243; z_index=&#8221;0&#8243; css=&#8221;.vc_custom_1617355310266{border-top-width: 0px !important;}&#8221;][vc_column column_width_percent=&#8221;100&#8243; gutter_size=&#8221;3&#8243; overlay_alpha=&#8221;50&#8243; shift_x=&#8221;0&#8243; shift_y=&#8221;0&#8243; shift_y_down=&#8221;0&#8243; z_index=&#8221;0&#8243; medium_width=&#8221;0&#8243; mobile_width=&#8221;0&#8243; width=&#8221;1\/1&#8243;][vc_row_inner row_inner_height_percent=&#8221;0&#8243; overlay_alpha=&#8221;50&#8243; gutter_size=&#8221;4&#8243; shift_y=&#8221;0&#8243; limit_content=&#8221;&#8221;][vc_column_inner column_width_percent=&#8221;100&#8243; gutter_size=&#8221;4&#8243; overlay_alpha=&#8221;50&#8243; shift_x=&#8221;0&#8243; shift_y=&#8221;0&#8243; shift_y_down=&#8221;0&#8243; z_index=&#8221;0&#8243; medium_width=&#8221;0&#8243; mobile_width=&#8221;0&#8243; sticky=&#8221;yes&#8221; width=&#8221;1\/3&#8243;][vc_custom_heading text_color=&#8221;accent&#8221; text_weight=&#8221;300&#8243; text_transform=&#8221;capitalize&#8221; text_align=&#8221;text-left&#8221; text_uppercase=&#8221;&#8221;]About our Company[\/vc_custom_heading][vc_custom_heading text_color=&#8221;color-wvjs&#8221; text_weight=&#8221;300&#8243; uncode_shortcode_id=&#8221;147918&#8243; text_color_type=&#8221;uncode-palette&#8221;]<em>Over 19 years of experience<\/em>[\/vc_custom_heading][vc_column_text]POliner has been operating on the Polish market since 2013, however, thanks to the merger of POliner and MAZUR companies, a process that started in June 2020 and lasted until June 2021, we can say that our business started in 2006.[\/vc_column_text][vc_custom_heading text_color=&#8221;color-wvjs&#8221; text_weight=&#8221;300&#8243;]<em>100% Polish Capital<\/em>[\/vc_custom_heading][\/vc_column_inner][vc_column_inner column_width_percent=&#8221;100&#8243; gutter_size=&#8221;3&#8243; overlay_alpha=&#8221;50&#8243; border_color=&#8221;accent&#8221; border_style=&#8221;solid&#8221; shift_x=&#8221;0&#8243; shift_y=&#8221;0&#8243; shift_y_down=&#8221;0&#8243; z_index=&#8221;0&#8243; medium_width=&#8221;0&#8243; mobile_width=&#8221;0&#8243; width=&#8221;2\/3&#8243; css=&#8221;.vc_custom_1549014336750{border-left-width: 2px !important;padding-left: 20px !important;}&#8221;][vc_icon position=&#8221;left&#8221; icon=&#8221;fa fa-calendar2&#8243; icon_color=&#8221;accent&#8221; size=&#8221;fa-2x&#8221; text_weight=&#8221;300&#8243; title=&#8221;2006&#8243;][\/vc_icon][vc_column_text]<\/p>\n<ul>\n<li>Production of first CIPP liners begins. The liners are made both from fiberglass cloth and from felt structure nonwoven polyester fabric, are water or steam cured, and are dedicated for gravity pipelines.<\/li>\n<\/ul>\n<p>[\/vc_column_text][vc_icon position=&#8221;left&#8221; icon=&#8221;fa fa-calendar2&#8243; icon_color=&#8221;accent&#8221; size=&#8221;fa-2x&#8221; text_weight=&#8221;300&#8243; title=&#8221;2010&#8243;][\/vc_icon][vc_column_text]<\/p>\n<ul>\n<li>Production of first UV-cured fiberglass CIPP liners dedicated for gravity pipelines begins.<\/li>\n<\/ul>\n<p>[\/vc_column_text][vc_icon position=&#8221;left&#8221; icon=&#8221;fa fa-calendar2&#8243; icon_color=&#8221;accent&#8221; size=&#8221;fa-2x&#8221; text_weight=&#8221;300&#8243; title=&#8221;2018&#8243;][\/vc_icon][vc_column_text]<\/p>\n<ul>\n<li>POliner Sp. z o.o. is partnering with MAZUR Sp. z o.o.<\/li>\n<li>Start of production of thin GRP panels for rehabilitation of sewer manholes\/chambers.<\/li>\n<\/ul>\n<p>[\/vc_column_text][vc_icon position=&#8221;left&#8221; icon=&#8221;fa fa-calendar2&#8243; icon_color=&#8221;accent&#8221; size=&#8221;fa-2x&#8221; text_weight=&#8221;300&#8243; title=&#8221;2019&#8243;][\/vc_icon][vc_column_text]<\/p>\n<ul>\n<li>Research laboratory opened in R\u00f3\u017cyniec.<\/li>\n<\/ul>\n<p>[\/vc_column_text][vc_icon position=&#8221;left&#8221; icon=&#8221;fa fa-calendar2&#8243; icon_color=&#8221;accent&#8221; size=&#8221;fa-2x&#8221; text_weight=&#8221;300&#8243; title=&#8221;2021&#8243;][\/vc_icon][vc_column_text]<\/p>\n<ul>\n<li>Start of comprehensive production of CIPP liners made both from fiberglass cloth and from felt-structure nonwoven polyester felt fabric dedicated for pressure water mains, cured using UV light, UV-LEDs, and thermally.<\/li>\n<li>Merger of POliner and MAZUR into one company.<\/li>\n<\/ul>\n<p>[\/vc_column_text][\/vc_column_inner][\/vc_row_inner][\/vc_column][\/vc_row][vc_row row_height_percent=&#8221;0&#8243; override_padding=&#8221;yes&#8221; h_padding=&#8221;2&#8243; top_padding=&#8221;2&#8243; bottom_padding=&#8221;2&#8243; overlay_alpha=&#8221;50&#8243; gutter_size=&#8221;3&#8243; column_width_percent=&#8221;100&#8243; shift_y=&#8221;0&#8243; z_index=&#8221;0&#8243;][vc_column column_width_percent=&#8221;100&#8243; gutter_size=&#8221;3&#8243; overlay_alpha=&#8221;50&#8243; shift_x=&#8221;0&#8243; shift_y=&#8221;0&#8243; shift_y_down=&#8221;0&#8243; z_index=&#8221;0&#8243; medium_width=&#8221;0&#8243; mobile_width=&#8221;0&#8243; el_class=&#8221;justowanie&#8221;][vc_column_text uncode_shortcode_id=&#8221;160260&#8243;]<strong>Our core business is the production of cured-in-place pipe (CIPP) liners <\/strong><strong>for trenchless rehabilitation of gravity and pressure pipelines, as well as mains water systems. <\/strong>We are one of three in Europe and the only in Poland producer of both fiberglass liners and polyester felt fabric liners. Our range of CIPP liners can have diameters from DN150 to DN1800 and are designed for pipelines having circular and non-circular shapes. We can also offer special tailor-made liners with a, so called, taper, used when there are changes in the diameter of the pipeline. We can quickly respond to pressing needs and optimize the delivery time depending on where works take place. Outside Poland, our liners have been installed in countries such as Estonia, Finland, Israel, Lithuania, Latvia, Romania, Germany, and the Czech Republic.<\/p>\n<p>Thanks to their knowledge and skills, our highly qualified engineers, specialists with years of experience, guarantee high quality of produced liners.<\/p>\n<p>We conduct research and development in the area of implementing new technologies in the production of composite materials for trenchless pipeline rehabilitation.<\/p>\n<p>Last but not least, POliner Laboratory carries out tests in determining the flexural properties of materials and establishing specific ring stiffness of different diameter pipeline systems and flat samples, ensuring that the conducted tests are made with required quality, and that the results are robust and reliable.[\/vc_column_text][\/vc_column][\/vc_row][vc_row row_height_percent=&#8221;0&#8243; override_padding=&#8221;yes&#8221; h_padding=&#8221;2&#8243; top_padding=&#8221;3&#8243; bottom_padding=&#8221;3&#8243; overlay_color=&#8221;color-xsdn&#8221; overlay_alpha=&#8221;70&#8243; gutter_size=&#8221;100&#8243; column_width_percent=&#8221;100&#8243; shift_y=&#8221;0&#8243; z_index=&#8221;0&#8243; style=&#8221;inherited&#8221; row_name=&#8221;Welcome&#8221; el_id=&#8221;company-mission&#8221; uncode_shortcode_id=&#8221;114642&#8243; overlay_color_type=&#8221;uncode-palette&#8221;][vc_column column_width_percent=&#8221;100&#8243; gutter_size=&#8221;1&#8243; overlay_alpha=&#8221;50&#8243; shift_x=&#8221;0&#8243; shift_y=&#8221;0&#8243; shift_y_down=&#8221;0&#8243; z_index=&#8221;0&#8243; medium_width=&#8221;0&#8243; mobile_width=&#8221;0&#8243; sticky=&#8221;yes&#8221; width=&#8221;1\/4&#8243;][vc_custom_heading text_color=&#8221;accent&#8221; text_weight=&#8221;300&#8243; text_transform=&#8221;capitalize&#8221; text_align=&#8221;text-left&#8221; text_uppercase=&#8221;&#8221;]Company\u2019s Mission[\/vc_custom_heading][\/vc_column][vc_column column_width_percent=&#8221;100&#8243; gutter_size=&#8221;3&#8243; overlay_alpha=&#8221;50&#8243; shift_x=&#8221;0&#8243; shift_y=&#8221;0&#8243; medium_width=&#8221;0&#8243; zoom_width=&#8221;0&#8243; zoom_height=&#8221;0&#8243; width=&#8221;3\/4&#8243;][vc_row_inner row_inner_height_percent=&#8221;0&#8243; overlay_alpha=&#8221;50&#8243; gutter_size=&#8221;4&#8243; shift_y=&#8221;0&#8243; limit_content=&#8221;&#8221;][vc_column_inner column_width_percent=&#8221;100&#8243; gutter_size=&#8221;3&#8243; overlay_alpha=&#8221;50&#8243; shift_x=&#8221;0&#8243; shift_y=&#8221;0&#8243; shift_y_down=&#8221;0&#8243; z_index=&#8221;0&#8243; medium_width=&#8221;0&#8243; mobile_width=&#8221;0&#8243; width=&#8221;1\/1&#8243; el_class=&#8221;justowanie&#8221;][vc_column_text]Our mission is to ensure high product quality while observing environmental requirements followed by our industry, in compliance with standards of health and safety at work. We pay particular attention to minimizing the negative impact of production processes on the environment, and above all to preventing any pollution associated with our activities.[\/vc_column_text][\/vc_column_inner][\/vc_row_inner][\/vc_column][\/vc_row][vc_row row_height_percent=&#8221;0&#8243; override_padding=&#8221;yes&#8221; h_padding=&#8221;2&#8243; top_padding=&#8221;3&#8243; bottom_padding=&#8221;3&#8243; overlay_color=&#8221;color-xsdn&#8221; overlay_alpha=&#8221;70&#8243; gutter_size=&#8221;100&#8243; column_width_percent=&#8221;100&#8243; shift_y=&#8221;0&#8243; z_index=&#8221;0&#8243; desktop_visibility=&#8221;yes&#8221; medium_visibility=&#8221;yes&#8221; mobile_visibility=&#8221;yes&#8221; style=&#8221;inherited&#8221; row_name=&#8221;Welcome&#8221;][vc_column column_width_percent=&#8221;100&#8243; gutter_size=&#8221;1&#8243; overlay_alpha=&#8221;50&#8243; shift_x=&#8221;0&#8243; shift_y=&#8221;0&#8243; z_index=&#8221;0&#8243; medium_width=&#8221;0&#8243; width=&#8221;1\/4&#8243;][vc_custom_heading text_color=&#8221;accent&#8221; text_weight=&#8221;300&#8243; text_transform=&#8221;capitalize&#8221; text_align=&#8221;text-left&#8221; text_uppercase=&#8221;&#8221;]Integrated Management System<\/p>\n<p>&nbsp;<\/p>\n<p><em>Quality, Environment, Health and Safety at Work<\/em>[\/vc_custom_heading][\/vc_column][vc_column column_width_percent=&#8221;100&#8243; gutter_size=&#8221;3&#8243; overlay_alpha=&#8221;50&#8243; shift_x=&#8221;0&#8243; shift_y=&#8221;0&#8243; medium_width=&#8221;0&#8243; zoom_width=&#8221;0&#8243; zoom_height=&#8221;0&#8243; width=&#8221;3\/4&#8243;][vc_row_inner row_inner_height_percent=&#8221;0&#8243; overlay_alpha=&#8221;50&#8243; gutter_size=&#8221;4&#8243; shift_y=&#8221;0&#8243; limit_content=&#8221;&#8221;][vc_column_inner width=&#8221;1\/2&#8243;][vc_column_text]Prowadzimy dzia\u0142alno\u015b\u0107 w zakresie wdra\u017cania nowych technologii oraz wykonywania produkt\u00f3w kompozytowych dla bran\u017cy renowacji ruroci\u0105g\u00f3w metodami bezwykopowymi. Nas\u0105czamy r\u0119kawy filcowe oraz kompozytowe mieszankami \u017cywicznymi. Produkujemy kr\u00f3tkie serie kompozytowych wyrob\u00f3w budowlanych.[\/vc_column_text][\/vc_column_inner][vc_column_inner width=&#8221;1\/2&#8243;][vc_column_text]Posiadamy certyfikaty ISO 9001 oraz ISO 14001.<\/p>\n<p>Nasz zak\u0142ad produkcyjny znajduje si\u0119 w strefie przemys\u0142owej przy autostradzie A4.[\/vc_column_text][\/vc_column_inner][\/vc_row_inner][\/vc_column][\/vc_row][vc_row row_height_percent=&#8221;0&#8243; override_padding=&#8221;yes&#8221; h_padding=&#8221;2&#8243; top_padding=&#8221;3&#8243; bottom_padding=&#8221;3&#8243; overlay_color=&#8221;color-xsdn&#8221; overlay_alpha=&#8221;70&#8243; gutter_size=&#8221;100&#8243; column_width_percent=&#8221;100&#8243; shift_y=&#8221;0&#8243; z_index=&#8221;0&#8243; style=&#8221;inherited&#8221; row_name=&#8221;Welcome&#8221; el_id=&#8221;integrated-management-system&#8221; uncode_shortcode_id=&#8221;488305&#8243; overlay_color_type=&#8221;uncode-palette&#8221;][vc_column column_width_percent=&#8221;100&#8243; gutter_size=&#8221;1&#8243; overlay_alpha=&#8221;50&#8243; shift_x=&#8221;0&#8243; shift_y=&#8221;0&#8243; shift_y_down=&#8221;0&#8243; z_index=&#8221;0&#8243; medium_width=&#8221;0&#8243; mobile_width=&#8221;0&#8243; sticky=&#8221;yes&#8221; width=&#8221;1\/4&#8243;][vc_custom_heading text_color=&#8221;accent&#8221; text_weight=&#8221;300&#8243; text_transform=&#8221;capitalize&#8221; text_align=&#8221;text-left&#8221; text_uppercase=&#8221;&#8221;]Integrated Management System[\/vc_custom_heading][vc_empty_space empty_h=&#8221;2&#8243;][vc_custom_heading text_color=&#8221;color-wvjs&#8221; text_weight=&#8221;300&#8243; text_transform=&#8221;capitalize&#8221; text_align=&#8221;text-left&#8221; text_uppercase=&#8221;&#8221;]<em>Quality, Environment, Health and Safety at Work<\/em>[\/vc_custom_heading][\/vc_column][vc_column column_width_percent=&#8221;100&#8243; gutter_size=&#8221;3&#8243; overlay_alpha=&#8221;50&#8243; shift_x=&#8221;0&#8243; shift_y=&#8221;0&#8243; medium_width=&#8221;0&#8243; zoom_width=&#8221;0&#8243; zoom_height=&#8221;0&#8243; width=&#8221;3\/4&#8243;][vc_row_inner row_inner_height_percent=&#8221;0&#8243; overlay_alpha=&#8221;50&#8243; gutter_size=&#8221;4&#8243; shift_y=&#8221;0&#8243; limit_content=&#8221;&#8221;][vc_column_inner width=&#8221;1\/1&#8243;][vc_column_text]POliner uses an Integrated Management System (IMS). POliner uses an Integrated Management System (IMS). In its operations and business development, the Company puts particular emphasis on the fulfillment of the needs and requirements of its customers by ensuring highest quality of manufactured products, while observing health and safety regulations and meeting the highest standards in the field of environmental protection, at the same time minimizing any risks present in the course of performing processes and maximizing any opportunities at hand.<\/p>\n<p>The message underlying the Company\u2019s strategic goals requires continuous involvement of all company employees in the development of the IMS. Employees\u2019 high level of awareness and resources dedicated to meet quality, environmental, and health and safety objectives form the basis for the continuous improvement of process performance and effectiveness of the IMS. The above also prevents accidents at work and environmental pollution.<\/p>\n<p>The certificates we obtained serve as confirmation that our activities comply with industry standards:<\/p>\n<ul>\n<li>PN-EN ISO 9001:2015 \u2013 Quality Management,<\/li>\n<li>PN-EN ISO 14001:2015 \u2013 Environmental Management,<\/li>\n<li>PN- ISO 45001:2018 \u2013 Occupational Health and Safety Management.<\/li>\n<\/ul>\n<p>[\/vc_column_text][\/vc_column_inner][\/vc_row_inner][\/vc_column][\/vc_row][vc_row row_height_percent=&#8221;0&#8243; override_padding=&#8221;yes&#8221; h_padding=&#8221;2&#8243; top_padding=&#8221;3&#8243; bottom_padding=&#8221;3&#8243; overlay_color=&#8221;color-xsdn&#8221; overlay_alpha=&#8221;70&#8243; gutter_size=&#8221;100&#8243; column_width_percent=&#8221;100&#8243; shift_y=&#8221;0&#8243; z_index=&#8221;0&#8243; style=&#8221;inherited&#8221; row_name=&#8221;Welcome&#8221;][vc_column column_width_percent=&#8221;100&#8243; gutter_size=&#8221;1&#8243; overlay_alpha=&#8221;50&#8243; shift_x=&#8221;0&#8243; shift_y=&#8221;0&#8243; z_index=&#8221;0&#8243; medium_width=&#8221;0&#8243; width=&#8221;1\/4&#8243;][vc_custom_heading text_color=&#8221;accent&#8221; text_weight=&#8221;300&#8243; text_align=&#8221;text-left&#8221; text_uppercase=&#8221;&#8221;]References<br \/>\nand Certificates[\/vc_custom_heading][vc_empty_space empty_h=&#8221;2&#8243;][\/vc_column][vc_column column_width_percent=&#8221;100&#8243; align_horizontal=&#8221;align_center&#8221; gutter_size=&#8221;3&#8243; overlay_alpha=&#8221;50&#8243; shift_x=&#8221;0&#8243; shift_y=&#8221;0&#8243; shift_y_down=&#8221;0&#8243; z_index=&#8221;0&#8243; medium_width=&#8221;0&#8243; mobile_width=&#8221;0&#8243; zoom_width=&#8221;0&#8243; zoom_height=&#8221;0&#8243; width=&#8221;1\/3&#8243;][vc_single_image media=&#8221;73734&#8243; media_lightbox=&#8221;yes&#8221; media_width_percent=&#8221;100&#8243; alignment=&#8221;center&#8221;][vc_button border_width=&#8221;0&#8243; link=&#8221;url:https%3A%2F%2Fpoliner.eu%2Fwp-content%2Fuploads%2F2018%2F08%2Freferencja-2.jpg|&#8221;]Download[\/vc_button][\/vc_column][vc_column column_width_percent=&#8221;100&#8243; align_horizontal=&#8221;align_center&#8221; gutter_size=&#8221;3&#8243; overlay_alpha=&#8221;50&#8243; shift_x=&#8221;0&#8243; shift_y=&#8221;0&#8243; shift_y_down=&#8221;0&#8243; z_index=&#8221;0&#8243; medium_width=&#8221;0&#8243; mobile_width=&#8221;0&#8243; width=&#8221;1\/3&#8243;][vc_single_image media=&#8221;76486&#8243; media_lightbox=&#8221;yes&#8221; media_width_percent=&#8221;100&#8243; alignment=&#8221;center&#8221; uncode_shortcode_id=&#8221;716883&#8243;][vc_button border_width=&#8221;0&#8243; link=&#8221;url:https%3A%2F%2Fpoliner.eu%2Fwp-content%2Fuploads%2F2022%2F04%2Ftuv-en-1.png&#8221; uncode_shortcode_id=&#8221;173923&#8243;]Download[\/vc_button][\/vc_column][\/vc_row][vc_row row_height_percent=&#8221;0&#8243; override_padding=&#8221;yes&#8221; h_padding=&#8221;2&#8243; top_padding=&#8221;0&#8243; bottom_padding=&#8221;0&#8243; overlay_alpha=&#8221;50&#8243; gutter_size=&#8221;3&#8243; shift_y=&#8221;0&#8243;][vc_column width=&#8221;1\/1&#8243;][vc_separator sep_color=&#8221;,Default&#8221;][\/vc_column][\/vc_row][vc_row row_height_percent=&#8221;0&#8243; back_color=&#8221;color-xsdn&#8221; overlay_alpha=&#8221;0&#8243; gutter_size=&#8221;100&#8243; column_width_percent=&#8221;100&#8243; border_color=&#8221;accent&#8221; border_style=&#8221;solid&#8221; shift_y=&#8221;0&#8243; z_index=&#8221;0&#8243; style=&#8221;inherited&#8221; css=&#8221;.vc_custom_1639670434649{border-bottom-width: 50px !important;}&#8221; el_id=&#8221;trusted-us&#8221; uncode_shortcode_id=&#8221;649348&#8243; back_color_type=&#8221;uncode-palette&#8221; border_color_type=&#8221;uncode-palette&#8221;][vc_column column_width_percent=&#8221;100&#8243; align_horizontal=&#8221;align_center&#8221; gutter_size=&#8221;4&#8243; style=&#8221;dark&#8221; overlay_alpha=&#8221;100&#8243; shift_x=&#8221;0&#8243; shift_y=&#8221;0&#8243; shift_y_down=&#8221;0&#8243; z_index=&#8221;0&#8243; medium_width=&#8221;0&#8243; mobile_width=&#8221;0&#8243; zoom_width=&#8221;0&#8243; zoom_height=&#8221;0&#8243; width=&#8221;1\/1&#8243; mobile_width_full=&#8221;&#8221;][vc_row_inner row_inner_height_percent=&#8221;0&#8243; overlay_alpha=&#8221;50&#8243; gutter_size=&#8221;3&#8243; shift_y=&#8221;0&#8243; z_index=&#8221;0&#8243; limit_content=&#8221;&#8221;][vc_column_inner column_width_percent=&#8221;50&#8243; align_horizontal=&#8221;align_center&#8221; gutter_size=&#8221;3&#8243; overlay_alpha=&#8221;50&#8243; shift_x=&#8221;0&#8243; shift_x_fixed=&#8221;yes&#8221; shift_y=&#8221;0&#8243; shift_y_down=&#8221;0&#8243; z_index=&#8221;0&#8243; medium_width=&#8221;0&#8243; mobile_width=&#8221;0&#8243; width=&#8221;1\/1&#8243;][vc_custom_heading text_weight=&#8221;300&#8243;]Customers Who Trusted Us[\/vc_custom_heading][\/vc_column_inner][\/vc_row_inner][vc_gallery el_id=&#8221;gallery-169440&#8243; type=&#8221;carousel&#8221; medias=&#8221;75478,75472,75474,75480,75482,75476,75468,75470,75489&#8243; carousel_lg=&#8221;6&#8243; carousel_md=&#8221;3&#8243; carousel_sm=&#8221;2&#8243; gutter_size=&#8221;3&#8243; carousel_height=&#8221;equal&#8221; carousel_interval=&#8221;3000&#8243; carousel_navspeed=&#8221;400&#8243; carousel_loop=&#8221;yes&#8221; carousel_nav=&#8221;yes&#8221; stage_padding=&#8221;0&#8243; single_overlay_opacity=&#8221;50&#8243; single_h_align=&#8221;center&#8221; single_padding=&#8221;2&#8243; single_border=&#8221;yes&#8221; uncode_shortcode_id=&#8221;154093&#8243;][\/vc_column][\/vc_row]<\/p>\n<\/div>","protected":false},"excerpt":{"rendered":"<p>[vc_row row_height_percent=&#8221;40&#8243; override_padding=&#8221;yes&#8221; h_padding=&#8221;2&#8243; top_padding=&#8221;2&#8243; bottom_padding=&#8221;3&#8243; back_color=&#8221;color-wayh&#8221; back_image=&#8221;72865&#8243; back_position=&#8221;center center&#8221; overlay_color=&#8221;accent&#8221; overlay_alpha=&#8221;71&#8243; gutter_size=&#8221;3&#8243; column_width_percent=&#8221;100&#8243; border_color=&#8221;accent&#8221; border_style=&#8221;solid&#8221; shift_y=&#8221;0&#8243; z_index=&#8221;0&#8243; bottom_divider=&#8221;swoosh-opacity&#8221;][vc_column column_width_percent=&#8221;100&#8243; [&hellip;]<\/p>\n","protected":false},"author":1,"featured_media":0,"parent":0,"menu_order":0,"comment_status":"closed","ping_status":"closed","template":"","meta":{"footnotes":""},"class_list":["post-73743","page","type-page","status-publish","hentry"],"_links":{"self":[{"href":"https:\/\/poliner.eu\/en\/wp-json\/wp\/v2\/pages\/73743","targetHints":{"allow":["GET"]}}],"collection":[{"href":"https:\/\/poliner.eu\/en\/wp-json\/wp\/v2\/pages"}],"about":[{"href":"https:\/\/poliner.eu\/en\/wp-json\/wp\/v2\/types\/page"}],"author":[{"embeddable":true,"href":"https:\/\/poliner.eu\/en\/wp-json\/wp\/v2\/users\/1"}],"replies":[{"embeddable":true,"href":"https:\/\/poliner.eu\/en\/wp-json\/wp\/v2\/comments?post=73743"}],"version-history":[{"count":16,"href":"https:\/\/poliner.eu\/en\/wp-json\/wp\/v2\/pages\/73743\/revisions"}],"predecessor-version":[{"id":76910,"href":"https:\/\/poliner.eu\/en\/wp-json\/wp\/v2\/pages\/73743\/revisions\/76910"}],"wp:attachment":[{"href":"https:\/\/poliner.eu\/en\/wp-json\/wp\/v2\/media?parent=73743"}],"curies":[{"name":"wp","href":"https:\/\/api.w.org\/{rel}","templated":true}]}}